{"id":7546,"date":"2025-12-12T16:06:24","date_gmt":"2025-12-12T14:06:24","guid":{"rendered":"https:\/\/liisaaddi.com\/?post_type=product&#038;p=7546"},"modified":"2025-12-12T16:09:13","modified_gmt":"2025-12-12T14:09:13","slug":"trukis-ma-olen-mu-keskkond","status":"publish","type":"product","link":"https:\/\/liisaaddi.com\/et\/toode\/trukis-ma-olen-mu-keskkond\/","title":{"rendered":"Tr\u00fckis &#8220;Ma olen mu keskkond&#8221;"},"content":{"rendered":"<div class=\"woocommerce-product-details__short-description\">\n<p>Tr\u00fckk l\u00f5uendil. M\u00f5\u00f5dud: A4, A3 ja A2.<\/p>\n<p data-start=\"38\" data-end=\"342\">Mida rohkem Liisa Addi investeerib \u2014 f\u00fc\u00fcsiliselt ja vaimselt \u2014 keskkonda, mida ta t\u00f5eliselt vajab, seda enam ta \u00f5itseb. Ta usub, et maailm on t\u00e4is maagiat. Kuidas muidu saaks \u00fcks ruum v\u00f5i inimene nii kergesti m\u00f5jutada meie meeleolu, turvatunnet ja heaolu? See toimib otsekui \u00f5rnad n\u00f5idused meie meeltele.<\/p>\n<p data-start=\"344\" data-end=\"545\" data-is-last-node=\"\" data-is-only-node=\"\">Liisa n\u00e4eb inimesi s\u00fcgavalt tundlike olenditena. Mida enam p\u00fc\u00fcame end suruda j\u00e4ikadesse raamidesse, seda \u00f5nnetumaks me muutume. Ta usub, et iga\u00fcks v\u00e4\u00e4rib keskkonda, mis t\u00f5eliselt toetab nende vajadusi.<\/p>\n<\/div>\n","protected":false},"excerpt":{"rendered":"<p>Tr\u00fckk l\u00f5uendil. M\u00f5\u00f5dud: A4, A3 ja A2.<\/p>\n<p data-start=\"38\" data-end=\"342\">Mida rohkem Liisa Addi investeerib, f\u00fc\u00fcsiliselt ja vaimselt, oma keskkonda, seda enam ta \u00f5itseb. Ta usub, et maailm on t\u00e4is maagiat. Kuidas muidu saaks \u00fcks ruum v\u00f5i inimene nii kergesti m\u00f5jutada meie meeleolu, turvatunnet ja heaolu? See toimib otsekui \u00f5rnad n\u00f5idused meie meeltele.<\/p>\n<p data-start=\"344\" data-end=\"545\" data-is-last-node=\"\" data-is-only-node=\"\">Liisa n\u00e4eb inimesi s\u00fcgavalt tundlike olenditena. Mida enam p\u00fc\u00fcame end suruda j\u00e4ikadesse raamidesse, seda \u00f5nnetumaks me muutume. Ta usub, et iga\u00fcks v\u00e4\u00e4rib keskkonda, mis t\u00f5eliselt toetab meie vajadusi.<\/p>\n","protected":false},"featured_media":7395,"template":"","meta":[],"product_brand":[],"product_cat":[249],"product_tag":[],"class_list":{"0":"post-7546","1":"product","2":"type-product","3":"status-publish","4":"has-post-thumbnail","6":"product_cat-trukised","8":"first","9":"instock","10":"taxable","11":"shipping-taxable","12":"purchasable","13":"product-type-variable","14":"rtwpvg-product"},"yoast_head":"<!-- This site is optimized with the Yoast SEO plugin v27.3 - https:\/\/yoast.com\/product\/yoast-seo-wordpress\/ -->\n<title>Tr\u00fckis &quot;Ma olen mu keskkond&quot; - AddiDraws<\/title>\n<meta name=\"robots\" content=\"index, follow, max-snippet:-1, max-image-preview:large, max-video-preview:-1\" \/>\n<link rel=\"canonical\" href=\"https:\/\/liisaaddi.com\/et\/toode\/trukis-ma-olen-mu-keskkond\/\" \/>\n<meta property=\"og:locale\" content=\"et_EE\" \/>\n<meta property=\"og:type\" content=\"article\" \/>\n<meta property=\"og:title\" content=\"Tr\u00fckis &quot;Ma olen mu keskkond&quot; - AddiDraws\" \/>\n<meta property=\"og:description\" content=\"Tr\u00fckk l\u00f5uendil. M\u00f5\u00f5dud: A4, A3 ja A2. Mida rohkem Liisa Addi investeerib, f\u00fc\u00fcsiliselt ja vaimselt, oma keskkonda, seda enam ta \u00f5itseb. Ta usub, et maailm on t\u00e4is maagiat. Kuidas muidu saaks \u00fcks ruum v\u00f5i inimene nii kergesti m\u00f5jutada meie meeleolu, turvatunnet ja heaolu? See toimib otsekui \u00f5rnad n\u00f5idused meie meeltele. Liisa n\u00e4eb inimesi s\u00fcgavalt tundlike olenditena. Mida enam p\u00fc\u00fcame end suruda j\u00e4ikadesse raamidesse, seda \u00f5nnetumaks me muutume. Ta usub, et iga\u00fcks v\u00e4\u00e4rib keskkonda, mis t\u00f5eliselt toetab meie vajadusi.\" \/>\n<meta property=\"og:url\" content=\"https:\/\/liisaaddi.com\/et\/toode\/trukis-ma-olen-mu-keskkond\/\" \/>\n<meta property=\"og:site_name\" content=\"AddiDraws\" \/>\n<meta property=\"article:modified_time\" content=\"2025-12-12T14:09:13+00:00\" \/>\n<meta property=\"og:image\" content=\"https:\/\/liisaaddi.com\/wp-content\/uploads\/2025\/12\/IMG_0631.jpg\" \/>\n\t<meta property=\"og:image:width\" content=\"1200\" \/>\n\t<meta property=\"og:image:height\" content=\"1200\" \/>\n\t<meta property=\"og:image:type\" content=\"image\/jpeg\" \/>\n<meta name=\"twitter:card\" content=\"summary_large_image\" \/>\n<meta name=\"twitter:label1\" content=\"Est. reading time\" \/>\n\t<meta name=\"twitter:data1\" content=\"1 minut\" \/>\n<script type=\"application\/ld+json\" class=\"yoast-schema-graph\">{\"@context\":\"https:\\\/\\\/schema.org\",\"@graph\":[{\"@type\":\"WebPage\",\"@id\":\"https:\\\/\\\/liisaaddi.com\\\/et\\\/toode\\\/trukis-ma-olen-mu-keskkond\\\/\",\"url\":\"https:\\\/\\\/liisaaddi.com\\\/et\\\/toode\\\/trukis-ma-olen-mu-keskkond\\\/\",\"name\":\"Tr\u00fckis \\\"Ma olen mu keskkond\\\" - AddiDraws\",\"isPartOf\":{\"@id\":\"https:\\\/\\\/liisaaddi.com\\\/et\\\/en\\\/#website\"},\"primaryImageOfPage\":{\"@id\":\"https:\\\/\\\/liisaaddi.com\\\/et\\\/toode\\\/trukis-ma-olen-mu-keskkond\\\/#primaryimage\"},\"image\":{\"@id\":\"https:\\\/\\\/liisaaddi.com\\\/et\\\/toode\\\/trukis-ma-olen-mu-keskkond\\\/#primaryimage\"},\"thumbnailUrl\":\"https:\\\/\\\/liisaaddi.com\\\/wp-content\\\/uploads\\\/2025\\\/12\\\/IMG_0631.jpg\",\"datePublished\":\"2025-12-12T14:06:24+00:00\",\"dateModified\":\"2025-12-12T14:09:13+00:00\",\"breadcrumb\":{\"@id\":\"https:\\\/\\\/liisaaddi.com\\\/et\\\/toode\\\/trukis-ma-olen-mu-keskkond\\\/#breadcrumb\"},\"inLanguage\":\"et\",\"potentialAction\":[{\"@type\":\"ReadAction\",\"target\":[\"https:\\\/\\\/liisaaddi.com\\\/et\\\/toode\\\/trukis-ma-olen-mu-keskkond\\\/\"]}]},{\"@type\":\"ImageObject\",\"inLanguage\":\"et\",\"@id\":\"https:\\\/\\\/liisaaddi.com\\\/et\\\/toode\\\/trukis-ma-olen-mu-keskkond\\\/#primaryimage\",\"url\":\"https:\\\/\\\/liisaaddi.com\\\/wp-content\\\/uploads\\\/2025\\\/12\\\/IMG_0631.jpg\",\"contentUrl\":\"https:\\\/\\\/liisaaddi.com\\\/wp-content\\\/uploads\\\/2025\\\/12\\\/IMG_0631.jpg\",\"width\":1200,\"height\":1200},{\"@type\":\"BreadcrumbList\",\"@id\":\"https:\\\/\\\/liisaaddi.com\\\/et\\\/toode\\\/trukis-ma-olen-mu-keskkond\\\/#breadcrumb\",\"itemListElement\":[{\"@type\":\"ListItem\",\"position\":1,\"name\":\"Home\",\"item\":\"https:\\\/\\\/liisaaddi.com\\\/et\\\/\"},{\"@type\":\"ListItem\",\"position\":2,\"name\":\"Pood\",\"item\":\"https:\\\/\\\/liisaaddi.com\\\/pood\\\/\"},{\"@type\":\"ListItem\",\"position\":3,\"name\":\"Tr\u00fckis &#8220;Ma olen mu keskkond&#8221;\"}]},{\"@type\":\"WebSite\",\"@id\":\"https:\\\/\\\/liisaaddi.com\\\/et\\\/en\\\/#website\",\"url\":\"https:\\\/\\\/liisaaddi.com\\\/et\\\/en\\\/\",\"name\":\"Liisa Addi\",\"description\":\"Liisa Addi blogi\",\"publisher\":{\"@id\":\"https:\\\/\\\/liisaaddi.com\\\/et\\\/en\\\/#\\\/schema\\\/person\\\/9655046d637f4b121f54a514deec74ba\"},\"potentialAction\":[{\"@type\":\"SearchAction\",\"target\":{\"@type\":\"EntryPoint\",\"urlTemplate\":\"https:\\\/\\\/liisaaddi.com\\\/et\\\/en\\\/?s={search_term_string}\"},\"query-input\":{\"@type\":\"PropertyValueSpecification\",\"valueRequired\":true,\"valueName\":\"search_term_string\"}}],\"inLanguage\":\"et\"},{\"@type\":[\"Person\",\"Organization\"],\"@id\":\"https:\\\/\\\/liisaaddi.com\\\/et\\\/en\\\/#\\\/schema\\\/person\\\/9655046d637f4b121f54a514deec74ba\",\"name\":\"addi\",\"image\":{\"@type\":\"ImageObject\",\"inLanguage\":\"et\",\"@id\":\"https:\\\/\\\/liisaaddi.com\\\/wp-content\\\/uploads\\\/2025\\\/07\\\/liisa_addi.png\",\"url\":\"https:\\\/\\\/liisaaddi.com\\\/wp-content\\\/uploads\\\/2025\\\/07\\\/liisa_addi.png\",\"contentUrl\":\"https:\\\/\\\/liisaaddi.com\\\/wp-content\\\/uploads\\\/2025\\\/07\\\/liisa_addi.png\",\"width\":1200,\"height\":630,\"caption\":\"addi\"},\"logo\":{\"@id\":\"https:\\\/\\\/liisaaddi.com\\\/wp-content\\\/uploads\\\/2025\\\/07\\\/liisa_addi.png\"}}]}<\/script>\n<!-- \/ Yoast SEO plugin. -->","yoast_head_json":{"title":"Tr\u00fckis \"Ma olen mu keskkond\" - AddiDraws","robots":{"index":"index","follow":"follow","max-snippet":"max-snippet:-1","max-image-preview":"max-image-preview:large","max-video-preview":"max-video-preview:-1"},"canonical":"https:\/\/liisaaddi.com\/et\/toode\/trukis-ma-olen-mu-keskkond\/","og_locale":"et_EE","og_type":"article","og_title":"Tr\u00fckis \"Ma olen mu keskkond\" - AddiDraws","og_description":"Tr\u00fckk l\u00f5uendil. M\u00f5\u00f5dud: A4, A3 ja A2. Mida rohkem Liisa Addi investeerib, f\u00fc\u00fcsiliselt ja vaimselt, oma keskkonda, seda enam ta \u00f5itseb. Ta usub, et maailm on t\u00e4is maagiat. Kuidas muidu saaks \u00fcks ruum v\u00f5i inimene nii kergesti m\u00f5jutada meie meeleolu, turvatunnet ja heaolu? See toimib otsekui \u00f5rnad n\u00f5idused meie meeltele. Liisa n\u00e4eb inimesi s\u00fcgavalt tundlike olenditena. Mida enam p\u00fc\u00fcame end suruda j\u00e4ikadesse raamidesse, seda \u00f5nnetumaks me muutume. Ta usub, et iga\u00fcks v\u00e4\u00e4rib keskkonda, mis t\u00f5eliselt toetab meie vajadusi.","og_url":"https:\/\/liisaaddi.com\/et\/toode\/trukis-ma-olen-mu-keskkond\/","og_site_name":"AddiDraws","article_modified_time":"2025-12-12T14:09:13+00:00","og_image":[{"width":1200,"height":1200,"url":"https:\/\/liisaaddi.com\/wp-content\/uploads\/2025\/12\/IMG_0631.jpg","type":"image\/jpeg"}],"twitter_card":"summary_large_image","twitter_misc":{"Est. reading time":"1 minut"},"schema":{"@context":"https:\/\/schema.org","@graph":[{"@type":"WebPage","@id":"https:\/\/liisaaddi.com\/et\/toode\/trukis-ma-olen-mu-keskkond\/","url":"https:\/\/liisaaddi.com\/et\/toode\/trukis-ma-olen-mu-keskkond\/","name":"Tr\u00fckis \"Ma olen mu keskkond\" - AddiDraws","isPartOf":{"@id":"https:\/\/liisaaddi.com\/et\/en\/#website"},"primaryImageOfPage":{"@id":"https:\/\/liisaaddi.com\/et\/toode\/trukis-ma-olen-mu-keskkond\/#primaryimage"},"image":{"@id":"https:\/\/liisaaddi.com\/et\/toode\/trukis-ma-olen-mu-keskkond\/#primaryimage"},"thumbnailUrl":"https:\/\/liisaaddi.com\/wp-content\/uploads\/2025\/12\/IMG_0631.jpg","datePublished":"2025-12-12T14:06:24+00:00","dateModified":"2025-12-12T14:09:13+00:00","breadcrumb":{"@id":"https:\/\/liisaaddi.com\/et\/toode\/trukis-ma-olen-mu-keskkond\/#breadcrumb"},"inLanguage":"et","potentialAction":[{"@type":"ReadAction","target":["https:\/\/liisaaddi.com\/et\/toode\/trukis-ma-olen-mu-keskkond\/"]}]},{"@type":"ImageObject","inLanguage":"et","@id":"https:\/\/liisaaddi.com\/et\/toode\/trukis-ma-olen-mu-keskkond\/#primaryimage","url":"https:\/\/liisaaddi.com\/wp-content\/uploads\/2025\/12\/IMG_0631.jpg","contentUrl":"https:\/\/liisaaddi.com\/wp-content\/uploads\/2025\/12\/IMG_0631.jpg","width":1200,"height":1200},{"@type":"BreadcrumbList","@id":"https:\/\/liisaaddi.com\/et\/toode\/trukis-ma-olen-mu-keskkond\/#breadcrumb","itemListElement":[{"@type":"ListItem","position":1,"name":"Home","item":"https:\/\/liisaaddi.com\/et\/"},{"@type":"ListItem","position":2,"name":"Pood","item":"https:\/\/liisaaddi.com\/pood\/"},{"@type":"ListItem","position":3,"name":"Tr\u00fckis &#8220;Ma olen mu keskkond&#8221;"}]},{"@type":"WebSite","@id":"https:\/\/liisaaddi.com\/et\/en\/#website","url":"https:\/\/liisaaddi.com\/et\/en\/","name":"Liisa Addi","description":"Liisa Addi blogi","publisher":{"@id":"https:\/\/liisaaddi.com\/et\/en\/#\/schema\/person\/9655046d637f4b121f54a514deec74ba"},"potentialAction":[{"@type":"SearchAction","target":{"@type":"EntryPoint","urlTemplate":"https:\/\/liisaaddi.com\/et\/en\/?s={search_term_string}"},"query-input":{"@type":"PropertyValueSpecification","valueRequired":true,"valueName":"search_term_string"}}],"inLanguage":"et"},{"@type":["Person","Organization"],"@id":"https:\/\/liisaaddi.com\/et\/en\/#\/schema\/person\/9655046d637f4b121f54a514deec74ba","name":"addi","image":{"@type":"ImageObject","inLanguage":"et","@id":"https:\/\/liisaaddi.com\/wp-content\/uploads\/2025\/07\/liisa_addi.png","url":"https:\/\/liisaaddi.com\/wp-content\/uploads\/2025\/07\/liisa_addi.png","contentUrl":"https:\/\/liisaaddi.com\/wp-content\/uploads\/2025\/07\/liisa_addi.png","width":1200,"height":630,"caption":"addi"},"logo":{"@id":"https:\/\/liisaaddi.com\/wp-content\/uploads\/2025\/07\/liisa_addi.png"}}]}},"_links":{"self":[{"href":"https:\/\/liisaaddi.com\/et\/wp-json\/wp\/v2\/product\/7546","targetHints":{"allow":["GET"]}}],"collection":[{"href":"https:\/\/liisaaddi.com\/et\/wp-json\/wp\/v2\/product"}],"about":[{"href":"https:\/\/liisaaddi.com\/et\/wp-json\/wp\/v2\/types\/product"}],"wp:featuredmedia":[{"embeddable":true,"href":"https:\/\/liisaaddi.com\/et\/wp-json\/wp\/v2\/media\/7395"}],"wp:attachment":[{"href":"https:\/\/liisaaddi.com\/et\/wp-json\/wp\/v2\/media?parent=7546"}],"wp:term":[{"taxonomy":"product_brand","embeddable":true,"href":"https:\/\/liisaaddi.com\/et\/wp-json\/wp\/v2\/product_brand?post=7546"},{"taxonomy":"product_cat","embeddable":true,"href":"https:\/\/liisaaddi.com\/et\/wp-json\/wp\/v2\/product_cat?post=7546"},{"taxonomy":"product_tag","embeddable":true,"href":"https:\/\/liisaaddi.com\/et\/wp-json\/wp\/v2\/product_tag?post=7546"}],"curies":[{"name":"wp","href":"https:\/\/api.w.org\/{rel}","templated":true}]}}