{"id":7524,"date":"2025-12-12T16:01:47","date_gmt":"2025-12-12T14:01:47","guid":{"rendered":"https:\/\/liisaaddi.com\/?post_type=product&#038;p=7524"},"modified":"2025-12-12T16:02:42","modified_gmt":"2025-12-12T14:02:42","slug":"trukis-pehme-kindlus","status":"publish","type":"product","link":"https:\/\/liisaaddi.com\/et\/toode\/trukis-pehme-kindlus\/","title":{"rendered":"Tr\u00fckis &#8220;Pehme kindlus&#8221;"},"content":{"rendered":"<div class=\"woocommerce-product-details__short-description\">\n<p>Tr\u00fckk l\u00f5uendil. M\u00f5\u00f5dud: A4, A3 ja A2.<\/p>\n<p>Liisa Addi tundis lapsena h\u00e4bi oma huvi p\u00e4rast m\u00e4nguasjade vastu, kuni m\u00f5istis t\u00e4iskasvanuna, kui oluline on pehmete m\u00e4nguasjade roll tema vaimses tervises. Tema \u201cSquishmallow\u201d kollektsioon pakub sisemisele lapsele turvatunnet ja r\u00f5\u00f5mu, meenutades, et me pole kunagi liiga vanad lihtsate r\u00f5\u00f5mude nautimiseks.<\/p>\n<\/div>\n","protected":false},"excerpt":{"rendered":"<p>Tr\u00fckk l\u00f5uendil. M\u00f5\u00f5dud: A4, A3 ja A2.<\/p>\n<p>Liisa Addi tundis lapsena h\u00e4bi oma huvi p\u00e4rast m\u00e4nguasjade vastu, kuni m\u00f5istis t\u00e4iskasvanuna, kui oluline on pehmete m\u00e4nguasjade roll tema vaimses tervises. Tema \u201cSquishmallow\u201d kollektsioon pakub sisemisele lapsele turvatunnet ja r\u00f5\u00f5mu, meenutades, et me pole kunagi liiga vanad lihtsate r\u00f5\u00f5mude nautimiseks.<\/p>\n","protected":false},"featured_media":7405,"template":"","meta":[],"product_brand":[],"product_cat":[249],"product_tag":[],"class_list":{"0":"post-7524","1":"product","2":"type-product","3":"status-publish","4":"has-post-thumbnail","6":"product_cat-trukised","8":"first","9":"instock","10":"taxable","11":"shipping-taxable","12":"purchasable","13":"product-type-variable","14":"rtwpvg-product"},"yoast_head":"<!-- This site is optimized with the Yoast SEO plugin v27.3 - https:\/\/yoast.com\/product\/yoast-seo-wordpress\/ -->\n<title>Tr\u00fckis &quot;Pehme kindlus&quot; - AddiDraws<\/title>\n<meta name=\"robots\" content=\"index, follow, max-snippet:-1, max-image-preview:large, max-video-preview:-1\" \/>\n<link rel=\"canonical\" href=\"https:\/\/liisaaddi.com\/et\/toode\/trukis-pehme-kindlus\/\" \/>\n<meta property=\"og:locale\" content=\"et_EE\" \/>\n<meta property=\"og:type\" content=\"article\" \/>\n<meta property=\"og:title\" content=\"Tr\u00fckis &quot;Pehme kindlus&quot; - AddiDraws\" \/>\n<meta property=\"og:description\" content=\"Tr\u00fckk l\u00f5uendil. M\u00f5\u00f5dud: A4, A3 ja A2.  Liisa Addi tundis lapsena h\u00e4bi oma huvi p\u00e4rast m\u00e4nguasjade vastu, kuni m\u00f5istis t\u00e4iskasvanuna, kui oluline on pehmete m\u00e4nguasjade roll tema vaimses tervises. Tema \u201cSquishmallow\u201d kollektsioon pakub sisemisele lapsele turvatunnet ja r\u00f5\u00f5mu, meenutades, et me pole kunagi liiga vanad lihtsate r\u00f5\u00f5mude nautimiseks.\" \/>\n<meta property=\"og:url\" content=\"https:\/\/liisaaddi.com\/et\/toode\/trukis-pehme-kindlus\/\" \/>\n<meta property=\"og:site_name\" content=\"AddiDraws\" \/>\n<meta property=\"article:modified_time\" content=\"2025-12-12T14:02:42+00:00\" \/>\n<meta property=\"og:image\" content=\"https:\/\/liisaaddi.com\/wp-content\/uploads\/2025\/12\/IMG_0618.jpg\" \/>\n\t<meta property=\"og:image:width\" content=\"1200\" \/>\n\t<meta property=\"og:image:height\" content=\"1200\" \/>\n\t<meta property=\"og:image:type\" content=\"image\/jpeg\" \/>\n<meta name=\"twitter:card\" content=\"summary_large_image\" \/>\n<meta name=\"twitter:label1\" content=\"Est. reading time\" \/>\n\t<meta name=\"twitter:data1\" content=\"1 minut\" \/>\n<script type=\"application\/ld+json\" class=\"yoast-schema-graph\">{\"@context\":\"https:\\\/\\\/schema.org\",\"@graph\":[{\"@type\":\"WebPage\",\"@id\":\"https:\\\/\\\/liisaaddi.com\\\/et\\\/toode\\\/trukis-pehme-kindlus\\\/\",\"url\":\"https:\\\/\\\/liisaaddi.com\\\/et\\\/toode\\\/trukis-pehme-kindlus\\\/\",\"name\":\"Tr\u00fckis \\\"Pehme kindlus\\\" - AddiDraws\",\"isPartOf\":{\"@id\":\"https:\\\/\\\/liisaaddi.com\\\/et\\\/en\\\/#website\"},\"primaryImageOfPage\":{\"@id\":\"https:\\\/\\\/liisaaddi.com\\\/et\\\/toode\\\/trukis-pehme-kindlus\\\/#primaryimage\"},\"image\":{\"@id\":\"https:\\\/\\\/liisaaddi.com\\\/et\\\/toode\\\/trukis-pehme-kindlus\\\/#primaryimage\"},\"thumbnailUrl\":\"https:\\\/\\\/liisaaddi.com\\\/wp-content\\\/uploads\\\/2025\\\/12\\\/IMG_0618.jpg\",\"datePublished\":\"2025-12-12T14:01:47+00:00\",\"dateModified\":\"2025-12-12T14:02:42+00:00\",\"breadcrumb\":{\"@id\":\"https:\\\/\\\/liisaaddi.com\\\/et\\\/toode\\\/trukis-pehme-kindlus\\\/#breadcrumb\"},\"inLanguage\":\"et\",\"potentialAction\":[{\"@type\":\"ReadAction\",\"target\":[\"https:\\\/\\\/liisaaddi.com\\\/et\\\/toode\\\/trukis-pehme-kindlus\\\/\"]}]},{\"@type\":\"ImageObject\",\"inLanguage\":\"et\",\"@id\":\"https:\\\/\\\/liisaaddi.com\\\/et\\\/toode\\\/trukis-pehme-kindlus\\\/#primaryimage\",\"url\":\"https:\\\/\\\/liisaaddi.com\\\/wp-content\\\/uploads\\\/2025\\\/12\\\/IMG_0618.jpg\",\"contentUrl\":\"https:\\\/\\\/liisaaddi.com\\\/wp-content\\\/uploads\\\/2025\\\/12\\\/IMG_0618.jpg\",\"width\":1200,\"height\":1200},{\"@type\":\"BreadcrumbList\",\"@id\":\"https:\\\/\\\/liisaaddi.com\\\/et\\\/toode\\\/trukis-pehme-kindlus\\\/#breadcrumb\",\"itemListElement\":[{\"@type\":\"ListItem\",\"position\":1,\"name\":\"Home\",\"item\":\"https:\\\/\\\/liisaaddi.com\\\/et\\\/\"},{\"@type\":\"ListItem\",\"position\":2,\"name\":\"Pood\",\"item\":\"https:\\\/\\\/liisaaddi.com\\\/pood\\\/\"},{\"@type\":\"ListItem\",\"position\":3,\"name\":\"Tr\u00fckis &#8220;Pehme kindlus&#8221;\"}]},{\"@type\":\"WebSite\",\"@id\":\"https:\\\/\\\/liisaaddi.com\\\/et\\\/en\\\/#website\",\"url\":\"https:\\\/\\\/liisaaddi.com\\\/et\\\/en\\\/\",\"name\":\"Liisa Addi\",\"description\":\"Liisa Addi blogi\",\"publisher\":{\"@id\":\"https:\\\/\\\/liisaaddi.com\\\/et\\\/en\\\/#\\\/schema\\\/person\\\/9655046d637f4b121f54a514deec74ba\"},\"potentialAction\":[{\"@type\":\"SearchAction\",\"target\":{\"@type\":\"EntryPoint\",\"urlTemplate\":\"https:\\\/\\\/liisaaddi.com\\\/et\\\/en\\\/?s={search_term_string}\"},\"query-input\":{\"@type\":\"PropertyValueSpecification\",\"valueRequired\":true,\"valueName\":\"search_term_string\"}}],\"inLanguage\":\"et\"},{\"@type\":[\"Person\",\"Organization\"],\"@id\":\"https:\\\/\\\/liisaaddi.com\\\/et\\\/en\\\/#\\\/schema\\\/person\\\/9655046d637f4b121f54a514deec74ba\",\"name\":\"addi\",\"image\":{\"@type\":\"ImageObject\",\"inLanguage\":\"et\",\"@id\":\"https:\\\/\\\/liisaaddi.com\\\/wp-content\\\/uploads\\\/2025\\\/07\\\/liisa_addi.png\",\"url\":\"https:\\\/\\\/liisaaddi.com\\\/wp-content\\\/uploads\\\/2025\\\/07\\\/liisa_addi.png\",\"contentUrl\":\"https:\\\/\\\/liisaaddi.com\\\/wp-content\\\/uploads\\\/2025\\\/07\\\/liisa_addi.png\",\"width\":1200,\"height\":630,\"caption\":\"addi\"},\"logo\":{\"@id\":\"https:\\\/\\\/liisaaddi.com\\\/wp-content\\\/uploads\\\/2025\\\/07\\\/liisa_addi.png\"}}]}<\/script>\n<!-- \/ Yoast SEO plugin. -->","yoast_head_json":{"title":"Tr\u00fckis \"Pehme kindlus\" - AddiDraws","robots":{"index":"index","follow":"follow","max-snippet":"max-snippet:-1","max-image-preview":"max-image-preview:large","max-video-preview":"max-video-preview:-1"},"canonical":"https:\/\/liisaaddi.com\/et\/toode\/trukis-pehme-kindlus\/","og_locale":"et_EE","og_type":"article","og_title":"Tr\u00fckis \"Pehme kindlus\" - AddiDraws","og_description":"Tr\u00fckk l\u00f5uendil. M\u00f5\u00f5dud: A4, A3 ja A2.  Liisa Addi tundis lapsena h\u00e4bi oma huvi p\u00e4rast m\u00e4nguasjade vastu, kuni m\u00f5istis t\u00e4iskasvanuna, kui oluline on pehmete m\u00e4nguasjade roll tema vaimses tervises. Tema \u201cSquishmallow\u201d kollektsioon pakub sisemisele lapsele turvatunnet ja r\u00f5\u00f5mu, meenutades, et me pole kunagi liiga vanad lihtsate r\u00f5\u00f5mude nautimiseks.","og_url":"https:\/\/liisaaddi.com\/et\/toode\/trukis-pehme-kindlus\/","og_site_name":"AddiDraws","article_modified_time":"2025-12-12T14:02:42+00:00","og_image":[{"width":1200,"height":1200,"url":"https:\/\/liisaaddi.com\/wp-content\/uploads\/2025\/12\/IMG_0618.jpg","type":"image\/jpeg"}],"twitter_card":"summary_large_image","twitter_misc":{"Est. reading time":"1 minut"},"schema":{"@context":"https:\/\/schema.org","@graph":[{"@type":"WebPage","@id":"https:\/\/liisaaddi.com\/et\/toode\/trukis-pehme-kindlus\/","url":"https:\/\/liisaaddi.com\/et\/toode\/trukis-pehme-kindlus\/","name":"Tr\u00fckis \"Pehme kindlus\" - AddiDraws","isPartOf":{"@id":"https:\/\/liisaaddi.com\/et\/en\/#website"},"primaryImageOfPage":{"@id":"https:\/\/liisaaddi.com\/et\/toode\/trukis-pehme-kindlus\/#primaryimage"},"image":{"@id":"https:\/\/liisaaddi.com\/et\/toode\/trukis-pehme-kindlus\/#primaryimage"},"thumbnailUrl":"https:\/\/liisaaddi.com\/wp-content\/uploads\/2025\/12\/IMG_0618.jpg","datePublished":"2025-12-12T14:01:47+00:00","dateModified":"2025-12-12T14:02:42+00:00","breadcrumb":{"@id":"https:\/\/liisaaddi.com\/et\/toode\/trukis-pehme-kindlus\/#breadcrumb"},"inLanguage":"et","potentialAction":[{"@type":"ReadAction","target":["https:\/\/liisaaddi.com\/et\/toode\/trukis-pehme-kindlus\/"]}]},{"@type":"ImageObject","inLanguage":"et","@id":"https:\/\/liisaaddi.com\/et\/toode\/trukis-pehme-kindlus\/#primaryimage","url":"https:\/\/liisaaddi.com\/wp-content\/uploads\/2025\/12\/IMG_0618.jpg","contentUrl":"https:\/\/liisaaddi.com\/wp-content\/uploads\/2025\/12\/IMG_0618.jpg","width":1200,"height":1200},{"@type":"BreadcrumbList","@id":"https:\/\/liisaaddi.com\/et\/toode\/trukis-pehme-kindlus\/#breadcrumb","itemListElement":[{"@type":"ListItem","position":1,"name":"Home","item":"https:\/\/liisaaddi.com\/et\/"},{"@type":"ListItem","position":2,"name":"Pood","item":"https:\/\/liisaaddi.com\/pood\/"},{"@type":"ListItem","position":3,"name":"Tr\u00fckis &#8220;Pehme kindlus&#8221;"}]},{"@type":"WebSite","@id":"https:\/\/liisaaddi.com\/et\/en\/#website","url":"https:\/\/liisaaddi.com\/et\/en\/","name":"Liisa Addi","description":"Liisa Addi blogi","publisher":{"@id":"https:\/\/liisaaddi.com\/et\/en\/#\/schema\/person\/9655046d637f4b121f54a514deec74ba"},"potentialAction":[{"@type":"SearchAction","target":{"@type":"EntryPoint","urlTemplate":"https:\/\/liisaaddi.com\/et\/en\/?s={search_term_string}"},"query-input":{"@type":"PropertyValueSpecification","valueRequired":true,"valueName":"search_term_string"}}],"inLanguage":"et"},{"@type":["Person","Organization"],"@id":"https:\/\/liisaaddi.com\/et\/en\/#\/schema\/person\/9655046d637f4b121f54a514deec74ba","name":"addi","image":{"@type":"ImageObject","inLanguage":"et","@id":"https:\/\/liisaaddi.com\/wp-content\/uploads\/2025\/07\/liisa_addi.png","url":"https:\/\/liisaaddi.com\/wp-content\/uploads\/2025\/07\/liisa_addi.png","contentUrl":"https:\/\/liisaaddi.com\/wp-content\/uploads\/2025\/07\/liisa_addi.png","width":1200,"height":630,"caption":"addi"},"logo":{"@id":"https:\/\/liisaaddi.com\/wp-content\/uploads\/2025\/07\/liisa_addi.png"}}]}},"_links":{"self":[{"href":"https:\/\/liisaaddi.com\/et\/wp-json\/wp\/v2\/product\/7524","targetHints":{"allow":["GET"]}}],"collection":[{"href":"https:\/\/liisaaddi.com\/et\/wp-json\/wp\/v2\/product"}],"about":[{"href":"https:\/\/liisaaddi.com\/et\/wp-json\/wp\/v2\/types\/product"}],"wp:featuredmedia":[{"embeddable":true,"href":"https:\/\/liisaaddi.com\/et\/wp-json\/wp\/v2\/media\/7405"}],"wp:attachment":[{"href":"https:\/\/liisaaddi.com\/et\/wp-json\/wp\/v2\/media?parent=7524"}],"wp:term":[{"taxonomy":"product_brand","embeddable":true,"href":"https:\/\/liisaaddi.com\/et\/wp-json\/wp\/v2\/product_brand?post=7524"},{"taxonomy":"product_cat","embeddable":true,"href":"https:\/\/liisaaddi.com\/et\/wp-json\/wp\/v2\/product_cat?post=7524"},{"taxonomy":"product_tag","embeddable":true,"href":"https:\/\/liisaaddi.com\/et\/wp-json\/wp\/v2\/product_tag?post=7524"}],"curies":[{"name":"wp","href":"https:\/\/api.w.org\/{rel}","templated":true}]}}