{"id":7473,"date":"2025-12-12T14:58:16","date_gmt":"2025-12-12T12:58:16","guid":{"rendered":"https:\/\/liisaaddi.com\/?post_type=product&#038;p=7473"},"modified":"2026-04-04T21:27:08","modified_gmt":"2026-04-04T18:27:08","slug":"kuju-mu-vaike-lammas-istumas","status":"publish","type":"product","link":"https:\/\/liisaaddi.com\/et\/toode\/kuju-mu-vaike-lammas-istumas\/","title":{"rendered":"Kuju &#8220;Mu v\u00e4ike lammas, istumas&#8221;"},"content":{"rendered":"<p>8.5 x 6 x 6 cm.<\/p>\n<p>Pol\u00fcmeersavi.<\/p>\n<p>Liisa Addi on alati armastanud m\u00e4nguasju, sest need on vahva viis fantaasiat reaalsuseks tuua. Lapsena aitasid \u201cMy Little Pony\u201d figuurid tal luua oma maailma, inspireerides teda n\u00fc\u00fcd andma ka oma mustale lambale p\u00e4ris, katsutava vormi. Tema lambad ja illustratsioonid kannavad sama s\u00fcmboolikat, mida Liisa on kasutanud tattoo-loome puhul: t\u00e4histada l\u00e4bi elatud traumade kasvanud enesehinnangut ja t\u00e4histada elu, olles siin ja praegu.<\/p>\n","protected":false},"excerpt":{"rendered":"<p>8.5 x 6 x 6 cm.<\/p>\n<p>Pol\u00fcmeersavi.<\/p>\n<p>Liisa Addi on alati armastanud m\u00e4nguasju, sest need on vahva viis fantaasiat reaalsuseks tuua. Lapsena aitasid \u201cMy Little Pony\u201d figuurid tal luua oma maailma, inspireerides teda n\u00fc\u00fcd andma ka oma mustale lambale p\u00e4ris, katsutava vormi. Tema lambad ja illustratsioonid kannavad sama s\u00fcmboolikat, mida Liisa on kasutanud tattoo-loome puhul: t\u00e4histada l\u00e4bi elatud traumade kasvanud enesehinnangut ja t\u00e4histada elu, olles siin ja praegu.<\/p>\n","protected":false},"featured_media":7409,"template":"","meta":[],"product_brand":[],"product_cat":[248],"product_tag":[],"class_list":{"0":"post-7473","1":"product","2":"type-product","3":"status-publish","4":"has-post-thumbnail","6":"product_cat-keraamika","8":"first","9":"instock","10":"taxable","11":"shipping-taxable","12":"purchasable","13":"product-type-simple"},"yoast_head":"<!-- This site is optimized with the Yoast SEO plugin v27.3 - https:\/\/yoast.com\/product\/yoast-seo-wordpress\/ -->\n<title>Kuju &quot;Mu v\u00e4ike lammas, istumas&quot; - AddiDraws<\/title>\n<meta name=\"robots\" content=\"index, follow, max-snippet:-1, max-image-preview:large, max-video-preview:-1\" \/>\n<link rel=\"canonical\" href=\"https:\/\/liisaaddi.com\/et\/toode\/kuju-mu-vaike-lammas-istumas\/\" \/>\n<meta property=\"og:locale\" content=\"et_EE\" \/>\n<meta property=\"og:type\" content=\"article\" \/>\n<meta property=\"og:title\" content=\"Kuju &quot;Mu v\u00e4ike lammas, istumas&quot; - AddiDraws\" \/>\n<meta property=\"og:description\" content=\"8.5 x 6 x 6 cm.  Pol\u00fcmeersavi.  Liisa Addi on alati armastanud m\u00e4nguasju, sest need on vahva viis fantaasiat reaalsuseks tuua. Lapsena aitasid \u201cMy Little Pony\u201d figuurid tal luua oma maailma, inspireerides teda n\u00fc\u00fcd andma ka oma mustale lambale p\u00e4ris, katsutava vormi. Tema lambad ja illustratsioonid kannavad sama s\u00fcmboolikat, mida Liisa on kasutanud tattoo-loome puhul: t\u00e4histada l\u00e4bi elatud traumade kasvanud enesehinnangut ja t\u00e4histada elu, olles siin ja praegu.\" \/>\n<meta property=\"og:url\" content=\"https:\/\/liisaaddi.com\/et\/toode\/kuju-mu-vaike-lammas-istumas\/\" \/>\n<meta property=\"og:site_name\" content=\"AddiDraws\" \/>\n<meta property=\"article:modified_time\" content=\"2026-04-04T18:27:08+00:00\" \/>\n<meta property=\"og:image\" content=\"https:\/\/liisaaddi.com\/wp-content\/uploads\/2025\/12\/IMG_0607.jpg\" \/>\n\t<meta property=\"og:image:width\" content=\"1200\" \/>\n\t<meta property=\"og:image:height\" content=\"1200\" \/>\n\t<meta property=\"og:image:type\" content=\"image\/jpeg\" \/>\n<meta name=\"twitter:card\" content=\"summary_large_image\" \/>\n<meta name=\"twitter:label1\" content=\"Est. reading time\" \/>\n\t<meta name=\"twitter:data1\" content=\"1 minut\" \/>\n<script type=\"application\/ld+json\" class=\"yoast-schema-graph\">{\"@context\":\"https:\\\/\\\/schema.org\",\"@graph\":[{\"@type\":\"WebPage\",\"@id\":\"https:\\\/\\\/liisaaddi.com\\\/et\\\/toode\\\/kuju-mu-vaike-lammas-istumas\\\/\",\"url\":\"https:\\\/\\\/liisaaddi.com\\\/et\\\/toode\\\/kuju-mu-vaike-lammas-istumas\\\/\",\"name\":\"Kuju \\\"Mu v\u00e4ike lammas, istumas\\\" - AddiDraws\",\"isPartOf\":{\"@id\":\"https:\\\/\\\/liisaaddi.com\\\/et\\\/en\\\/#website\"},\"primaryImageOfPage\":{\"@id\":\"https:\\\/\\\/liisaaddi.com\\\/et\\\/toode\\\/kuju-mu-vaike-lammas-istumas\\\/#primaryimage\"},\"image\":{\"@id\":\"https:\\\/\\\/liisaaddi.com\\\/et\\\/toode\\\/kuju-mu-vaike-lammas-istumas\\\/#primaryimage\"},\"thumbnailUrl\":\"https:\\\/\\\/liisaaddi.com\\\/wp-content\\\/uploads\\\/2025\\\/12\\\/IMG_0607.jpg\",\"datePublished\":\"2025-12-12T12:58:16+00:00\",\"dateModified\":\"2026-04-04T18:27:08+00:00\",\"breadcrumb\":{\"@id\":\"https:\\\/\\\/liisaaddi.com\\\/et\\\/toode\\\/kuju-mu-vaike-lammas-istumas\\\/#breadcrumb\"},\"inLanguage\":\"et\",\"potentialAction\":[{\"@type\":\"ReadAction\",\"target\":[\"https:\\\/\\\/liisaaddi.com\\\/et\\\/toode\\\/kuju-mu-vaike-lammas-istumas\\\/\"]}]},{\"@type\":\"ImageObject\",\"inLanguage\":\"et\",\"@id\":\"https:\\\/\\\/liisaaddi.com\\\/et\\\/toode\\\/kuju-mu-vaike-lammas-istumas\\\/#primaryimage\",\"url\":\"https:\\\/\\\/liisaaddi.com\\\/wp-content\\\/uploads\\\/2025\\\/12\\\/IMG_0607.jpg\",\"contentUrl\":\"https:\\\/\\\/liisaaddi.com\\\/wp-content\\\/uploads\\\/2025\\\/12\\\/IMG_0607.jpg\",\"width\":1200,\"height\":1200},{\"@type\":\"BreadcrumbList\",\"@id\":\"https:\\\/\\\/liisaaddi.com\\\/et\\\/toode\\\/kuju-mu-vaike-lammas-istumas\\\/#breadcrumb\",\"itemListElement\":[{\"@type\":\"ListItem\",\"position\":1,\"name\":\"Home\",\"item\":\"https:\\\/\\\/liisaaddi.com\\\/et\\\/\"},{\"@type\":\"ListItem\",\"position\":2,\"name\":\"Pood\",\"item\":\"https:\\\/\\\/liisaaddi.com\\\/pood\\\/\"},{\"@type\":\"ListItem\",\"position\":3,\"name\":\"Kuju &#8220;Mu v\u00e4ike lammas, istumas&#8221;\"}]},{\"@type\":\"WebSite\",\"@id\":\"https:\\\/\\\/liisaaddi.com\\\/et\\\/en\\\/#website\",\"url\":\"https:\\\/\\\/liisaaddi.com\\\/et\\\/en\\\/\",\"name\":\"Liisa Addi\",\"description\":\"Liisa Addi blogi\",\"publisher\":{\"@id\":\"https:\\\/\\\/liisaaddi.com\\\/et\\\/en\\\/#\\\/schema\\\/person\\\/9655046d637f4b121f54a514deec74ba\"},\"potentialAction\":[{\"@type\":\"SearchAction\",\"target\":{\"@type\":\"EntryPoint\",\"urlTemplate\":\"https:\\\/\\\/liisaaddi.com\\\/et\\\/en\\\/?s={search_term_string}\"},\"query-input\":{\"@type\":\"PropertyValueSpecification\",\"valueRequired\":true,\"valueName\":\"search_term_string\"}}],\"inLanguage\":\"et\"},{\"@type\":[\"Person\",\"Organization\"],\"@id\":\"https:\\\/\\\/liisaaddi.com\\\/et\\\/en\\\/#\\\/schema\\\/person\\\/9655046d637f4b121f54a514deec74ba\",\"name\":\"addi\",\"image\":{\"@type\":\"ImageObject\",\"inLanguage\":\"et\",\"@id\":\"https:\\\/\\\/liisaaddi.com\\\/wp-content\\\/uploads\\\/2025\\\/07\\\/liisa_addi.png\",\"url\":\"https:\\\/\\\/liisaaddi.com\\\/wp-content\\\/uploads\\\/2025\\\/07\\\/liisa_addi.png\",\"contentUrl\":\"https:\\\/\\\/liisaaddi.com\\\/wp-content\\\/uploads\\\/2025\\\/07\\\/liisa_addi.png\",\"width\":1200,\"height\":630,\"caption\":\"addi\"},\"logo\":{\"@id\":\"https:\\\/\\\/liisaaddi.com\\\/wp-content\\\/uploads\\\/2025\\\/07\\\/liisa_addi.png\"}}]}<\/script>\n<!-- \/ Yoast SEO plugin. -->","yoast_head_json":{"title":"Kuju \"Mu v\u00e4ike lammas, istumas\" - AddiDraws","robots":{"index":"index","follow":"follow","max-snippet":"max-snippet:-1","max-image-preview":"max-image-preview:large","max-video-preview":"max-video-preview:-1"},"canonical":"https:\/\/liisaaddi.com\/et\/toode\/kuju-mu-vaike-lammas-istumas\/","og_locale":"et_EE","og_type":"article","og_title":"Kuju \"Mu v\u00e4ike lammas, istumas\" - AddiDraws","og_description":"8.5 x 6 x 6 cm.  Pol\u00fcmeersavi.  Liisa Addi on alati armastanud m\u00e4nguasju, sest need on vahva viis fantaasiat reaalsuseks tuua. Lapsena aitasid \u201cMy Little Pony\u201d figuurid tal luua oma maailma, inspireerides teda n\u00fc\u00fcd andma ka oma mustale lambale p\u00e4ris, katsutava vormi. Tema lambad ja illustratsioonid kannavad sama s\u00fcmboolikat, mida Liisa on kasutanud tattoo-loome puhul: t\u00e4histada l\u00e4bi elatud traumade kasvanud enesehinnangut ja t\u00e4histada elu, olles siin ja praegu.","og_url":"https:\/\/liisaaddi.com\/et\/toode\/kuju-mu-vaike-lammas-istumas\/","og_site_name":"AddiDraws","article_modified_time":"2026-04-04T18:27:08+00:00","og_image":[{"width":1200,"height":1200,"url":"https:\/\/liisaaddi.com\/wp-content\/uploads\/2025\/12\/IMG_0607.jpg","type":"image\/jpeg"}],"twitter_card":"summary_large_image","twitter_misc":{"Est. reading time":"1 minut"},"schema":{"@context":"https:\/\/schema.org","@graph":[{"@type":"WebPage","@id":"https:\/\/liisaaddi.com\/et\/toode\/kuju-mu-vaike-lammas-istumas\/","url":"https:\/\/liisaaddi.com\/et\/toode\/kuju-mu-vaike-lammas-istumas\/","name":"Kuju \"Mu v\u00e4ike lammas, istumas\" - AddiDraws","isPartOf":{"@id":"https:\/\/liisaaddi.com\/et\/en\/#website"},"primaryImageOfPage":{"@id":"https:\/\/liisaaddi.com\/et\/toode\/kuju-mu-vaike-lammas-istumas\/#primaryimage"},"image":{"@id":"https:\/\/liisaaddi.com\/et\/toode\/kuju-mu-vaike-lammas-istumas\/#primaryimage"},"thumbnailUrl":"https:\/\/liisaaddi.com\/wp-content\/uploads\/2025\/12\/IMG_0607.jpg","datePublished":"2025-12-12T12:58:16+00:00","dateModified":"2026-04-04T18:27:08+00:00","breadcrumb":{"@id":"https:\/\/liisaaddi.com\/et\/toode\/kuju-mu-vaike-lammas-istumas\/#breadcrumb"},"inLanguage":"et","potentialAction":[{"@type":"ReadAction","target":["https:\/\/liisaaddi.com\/et\/toode\/kuju-mu-vaike-lammas-istumas\/"]}]},{"@type":"ImageObject","inLanguage":"et","@id":"https:\/\/liisaaddi.com\/et\/toode\/kuju-mu-vaike-lammas-istumas\/#primaryimage","url":"https:\/\/liisaaddi.com\/wp-content\/uploads\/2025\/12\/IMG_0607.jpg","contentUrl":"https:\/\/liisaaddi.com\/wp-content\/uploads\/2025\/12\/IMG_0607.jpg","width":1200,"height":1200},{"@type":"BreadcrumbList","@id":"https:\/\/liisaaddi.com\/et\/toode\/kuju-mu-vaike-lammas-istumas\/#breadcrumb","itemListElement":[{"@type":"ListItem","position":1,"name":"Home","item":"https:\/\/liisaaddi.com\/et\/"},{"@type":"ListItem","position":2,"name":"Pood","item":"https:\/\/liisaaddi.com\/pood\/"},{"@type":"ListItem","position":3,"name":"Kuju &#8220;Mu v\u00e4ike lammas, istumas&#8221;"}]},{"@type":"WebSite","@id":"https:\/\/liisaaddi.com\/et\/en\/#website","url":"https:\/\/liisaaddi.com\/et\/en\/","name":"Liisa Addi","description":"Liisa Addi blogi","publisher":{"@id":"https:\/\/liisaaddi.com\/et\/en\/#\/schema\/person\/9655046d637f4b121f54a514deec74ba"},"potentialAction":[{"@type":"SearchAction","target":{"@type":"EntryPoint","urlTemplate":"https:\/\/liisaaddi.com\/et\/en\/?s={search_term_string}"},"query-input":{"@type":"PropertyValueSpecification","valueRequired":true,"valueName":"search_term_string"}}],"inLanguage":"et"},{"@type":["Person","Organization"],"@id":"https:\/\/liisaaddi.com\/et\/en\/#\/schema\/person\/9655046d637f4b121f54a514deec74ba","name":"addi","image":{"@type":"ImageObject","inLanguage":"et","@id":"https:\/\/liisaaddi.com\/wp-content\/uploads\/2025\/07\/liisa_addi.png","url":"https:\/\/liisaaddi.com\/wp-content\/uploads\/2025\/07\/liisa_addi.png","contentUrl":"https:\/\/liisaaddi.com\/wp-content\/uploads\/2025\/07\/liisa_addi.png","width":1200,"height":630,"caption":"addi"},"logo":{"@id":"https:\/\/liisaaddi.com\/wp-content\/uploads\/2025\/07\/liisa_addi.png"}}]}},"_links":{"self":[{"href":"https:\/\/liisaaddi.com\/et\/wp-json\/wp\/v2\/product\/7473","targetHints":{"allow":["GET"]}}],"collection":[{"href":"https:\/\/liisaaddi.com\/et\/wp-json\/wp\/v2\/product"}],"about":[{"href":"https:\/\/liisaaddi.com\/et\/wp-json\/wp\/v2\/types\/product"}],"wp:featuredmedia":[{"embeddable":true,"href":"https:\/\/liisaaddi.com\/et\/wp-json\/wp\/v2\/media\/7409"}],"wp:attachment":[{"href":"https:\/\/liisaaddi.com\/et\/wp-json\/wp\/v2\/media?parent=7473"}],"wp:term":[{"taxonomy":"product_brand","embeddable":true,"href":"https:\/\/liisaaddi.com\/et\/wp-json\/wp\/v2\/product_brand?post=7473"},{"taxonomy":"product_cat","embeddable":true,"href":"https:\/\/liisaaddi.com\/et\/wp-json\/wp\/v2\/product_cat?post=7473"},{"taxonomy":"product_tag","embeddable":true,"href":"https:\/\/liisaaddi.com\/et\/wp-json\/wp\/v2\/product_tag?post=7473"}],"curies":[{"name":"wp","href":"https:\/\/api.w.org\/{rel}","templated":true}]}}