{"id":7470,"date":"2025-12-12T14:48:14","date_gmt":"2025-12-12T12:48:14","guid":{"rendered":"https:\/\/liisaaddi.com\/?post_type=product&#038;p=7470"},"modified":"2026-04-04T21:28:20","modified_gmt":"2026-04-04T18:28:20","slug":"maal-ma-kaitsen-sind","status":"publish","type":"product","link":"https:\/\/liisaaddi.com\/et\/toode\/maal-ma-kaitsen-sind\/","title":{"rendered":"Maal &#8220;Ma kaitsen sind&#8221;"},"content":{"rendered":"<p>60 x 80 cm, akr\u00fc\u00fcl l\u00f5uendil.<\/p>\n<p>See maal on Liisa Addi loomingus esimene tervest seeriast \u2013 teos, mis avas ukse tema sisemisele lapsele ja pani aluse uuele loomeetapile. Kunstnikuna tunnetame tihti survet pidevalt areneda ja teha \u201crohkem\u201d v\u00f5i \u201cparemini\u201d, kuid selle maaliga tundis Liisa, et just tema sisemisel lapsel oli vaja s\u00f5na saada. Ta soovis joonistada k\u00f5ike seda, mis kunagi r\u00f5\u00f5mu valmistas v\u00f5i hirmu tekitas \u2013 v\u00e4ljendada emotsioone toorelt ja ausalt, nii nagu ta polnud seda endale ammu lubanud.<\/p>\n","protected":false},"excerpt":{"rendered":"<p>60 x 80 cm, akr\u00fc\u00fcl l\u00f5uendil.<\/p>\n<p>See maal on Liisa Addi loomingus esimene tervest seeriast \u2013 teos, mis avas ukse tema sisemisele lapsele ja pani aluse uuele loomeetapile. Kunstnikuna tunnetame tihti survet pidevalt areneda ja teha \u201crohkem\u201d v\u00f5i \u201cparemini\u201d, kuid selle maaliga tundis Liisa, et just tema sisemisel lapsel oli vaja s\u00f5na saada. Ta soovis joonistada k\u00f5ike seda, mis kunagi r\u00f5\u00f5mu valmistas v\u00f5i hirmu tekitas \u2013 v\u00e4ljendada emotsioone toorelt ja ausalt, nii nagu ta polnud seda endale ammu lubanud.<\/p>\n","protected":false},"featured_media":7400,"template":"","meta":[],"product_brand":[],"product_cat":[241],"product_tag":[],"class_list":{"0":"post-7470","1":"product","2":"type-product","3":"status-publish","4":"has-post-thumbnail","6":"product_cat-originaal-kunstiteosed","8":"first","9":"instock","10":"taxable","11":"shipping-taxable","12":"purchasable","13":"product-type-simple"},"yoast_head":"<!-- This site is optimized with the Yoast SEO plugin v27.3 - https:\/\/yoast.com\/product\/yoast-seo-wordpress\/ -->\n<title>Maal &quot;Ma kaitsen sind&quot; - AddiDraws<\/title>\n<meta name=\"robots\" content=\"index, follow, max-snippet:-1, max-image-preview:large, max-video-preview:-1\" \/>\n<link rel=\"canonical\" href=\"https:\/\/liisaaddi.com\/et\/toode\/maal-ma-kaitsen-sind\/\" \/>\n<meta property=\"og:locale\" content=\"et_EE\" \/>\n<meta property=\"og:type\" content=\"article\" \/>\n<meta property=\"og:title\" content=\"Maal &quot;Ma kaitsen sind&quot; - AddiDraws\" \/>\n<meta property=\"og:description\" content=\"60 x 80 cm, akr\u00fc\u00fcl l\u00f5uendil.  See maal on Liisa Addi loomingus esimene tervest seeriast \u2013 teos, mis avas ukse tema sisemisele lapsele ja pani aluse uuele loomeetapile. Kunstnikuna tunnetame tihti survet pidevalt areneda ja teha \u201crohkem\u201d v\u00f5i \u201cparemini\u201d, kuid selle maaliga tundis Liisa, et just tema sisemisel lapsel oli vaja s\u00f5na saada. Ta soovis joonistada k\u00f5ike seda, mis kunagi r\u00f5\u00f5mu valmistas v\u00f5i hirmu tekitas \u2013 v\u00e4ljendada emotsioone toorelt ja ausalt, nii nagu ta polnud seda endale ammu lubanud.\" \/>\n<meta property=\"og:url\" content=\"https:\/\/liisaaddi.com\/et\/toode\/maal-ma-kaitsen-sind\/\" \/>\n<meta property=\"og:site_name\" content=\"AddiDraws\" \/>\n<meta property=\"article:modified_time\" content=\"2026-04-04T18:28:20+00:00\" \/>\n<meta property=\"og:image\" content=\"https:\/\/liisaaddi.com\/wp-content\/uploads\/2025\/12\/IMG_0623.jpg\" \/>\n\t<meta property=\"og:image:width\" content=\"1200\" \/>\n\t<meta property=\"og:image:height\" content=\"1200\" \/>\n\t<meta property=\"og:image:type\" content=\"image\/jpeg\" \/>\n<meta name=\"twitter:card\" content=\"summary_large_image\" \/>\n<meta name=\"twitter:label1\" content=\"Est. reading time\" \/>\n\t<meta name=\"twitter:data1\" content=\"1 minut\" \/>\n<script type=\"application\/ld+json\" class=\"yoast-schema-graph\">{\"@context\":\"https:\\\/\\\/schema.org\",\"@graph\":[{\"@type\":\"WebPage\",\"@id\":\"https:\\\/\\\/liisaaddi.com\\\/et\\\/toode\\\/maal-ma-kaitsen-sind\\\/\",\"url\":\"https:\\\/\\\/liisaaddi.com\\\/et\\\/toode\\\/maal-ma-kaitsen-sind\\\/\",\"name\":\"Maal \\\"Ma kaitsen sind\\\" - AddiDraws\",\"isPartOf\":{\"@id\":\"https:\\\/\\\/liisaaddi.com\\\/et\\\/en\\\/#website\"},\"primaryImageOfPage\":{\"@id\":\"https:\\\/\\\/liisaaddi.com\\\/et\\\/toode\\\/maal-ma-kaitsen-sind\\\/#primaryimage\"},\"image\":{\"@id\":\"https:\\\/\\\/liisaaddi.com\\\/et\\\/toode\\\/maal-ma-kaitsen-sind\\\/#primaryimage\"},\"thumbnailUrl\":\"https:\\\/\\\/liisaaddi.com\\\/wp-content\\\/uploads\\\/2025\\\/12\\\/IMG_0623.jpg\",\"datePublished\":\"2025-12-12T12:48:14+00:00\",\"dateModified\":\"2026-04-04T18:28:20+00:00\",\"breadcrumb\":{\"@id\":\"https:\\\/\\\/liisaaddi.com\\\/et\\\/toode\\\/maal-ma-kaitsen-sind\\\/#breadcrumb\"},\"inLanguage\":\"et\",\"potentialAction\":[{\"@type\":\"ReadAction\",\"target\":[\"https:\\\/\\\/liisaaddi.com\\\/et\\\/toode\\\/maal-ma-kaitsen-sind\\\/\"]}]},{\"@type\":\"ImageObject\",\"inLanguage\":\"et\",\"@id\":\"https:\\\/\\\/liisaaddi.com\\\/et\\\/toode\\\/maal-ma-kaitsen-sind\\\/#primaryimage\",\"url\":\"https:\\\/\\\/liisaaddi.com\\\/wp-content\\\/uploads\\\/2025\\\/12\\\/IMG_0623.jpg\",\"contentUrl\":\"https:\\\/\\\/liisaaddi.com\\\/wp-content\\\/uploads\\\/2025\\\/12\\\/IMG_0623.jpg\",\"width\":1200,\"height\":1200},{\"@type\":\"BreadcrumbList\",\"@id\":\"https:\\\/\\\/liisaaddi.com\\\/et\\\/toode\\\/maal-ma-kaitsen-sind\\\/#breadcrumb\",\"itemListElement\":[{\"@type\":\"ListItem\",\"position\":1,\"name\":\"Home\",\"item\":\"https:\\\/\\\/liisaaddi.com\\\/et\\\/\"},{\"@type\":\"ListItem\",\"position\":2,\"name\":\"Pood\",\"item\":\"https:\\\/\\\/liisaaddi.com\\\/pood\\\/\"},{\"@type\":\"ListItem\",\"position\":3,\"name\":\"Maal &#8220;Ma kaitsen sind&#8221;\"}]},{\"@type\":\"WebSite\",\"@id\":\"https:\\\/\\\/liisaaddi.com\\\/et\\\/en\\\/#website\",\"url\":\"https:\\\/\\\/liisaaddi.com\\\/et\\\/en\\\/\",\"name\":\"Liisa Addi\",\"description\":\"Liisa Addi blogi\",\"publisher\":{\"@id\":\"https:\\\/\\\/liisaaddi.com\\\/et\\\/en\\\/#\\\/schema\\\/person\\\/9655046d637f4b121f54a514deec74ba\"},\"potentialAction\":[{\"@type\":\"SearchAction\",\"target\":{\"@type\":\"EntryPoint\",\"urlTemplate\":\"https:\\\/\\\/liisaaddi.com\\\/et\\\/en\\\/?s={search_term_string}\"},\"query-input\":{\"@type\":\"PropertyValueSpecification\",\"valueRequired\":true,\"valueName\":\"search_term_string\"}}],\"inLanguage\":\"et\"},{\"@type\":[\"Person\",\"Organization\"],\"@id\":\"https:\\\/\\\/liisaaddi.com\\\/et\\\/en\\\/#\\\/schema\\\/person\\\/9655046d637f4b121f54a514deec74ba\",\"name\":\"addi\",\"image\":{\"@type\":\"ImageObject\",\"inLanguage\":\"et\",\"@id\":\"https:\\\/\\\/liisaaddi.com\\\/wp-content\\\/uploads\\\/2025\\\/07\\\/liisa_addi.png\",\"url\":\"https:\\\/\\\/liisaaddi.com\\\/wp-content\\\/uploads\\\/2025\\\/07\\\/liisa_addi.png\",\"contentUrl\":\"https:\\\/\\\/liisaaddi.com\\\/wp-content\\\/uploads\\\/2025\\\/07\\\/liisa_addi.png\",\"width\":1200,\"height\":630,\"caption\":\"addi\"},\"logo\":{\"@id\":\"https:\\\/\\\/liisaaddi.com\\\/wp-content\\\/uploads\\\/2025\\\/07\\\/liisa_addi.png\"}}]}<\/script>\n<!-- \/ Yoast SEO plugin. -->","yoast_head_json":{"title":"Maal \"Ma kaitsen sind\" - AddiDraws","robots":{"index":"index","follow":"follow","max-snippet":"max-snippet:-1","max-image-preview":"max-image-preview:large","max-video-preview":"max-video-preview:-1"},"canonical":"https:\/\/liisaaddi.com\/et\/toode\/maal-ma-kaitsen-sind\/","og_locale":"et_EE","og_type":"article","og_title":"Maal \"Ma kaitsen sind\" - AddiDraws","og_description":"60 x 80 cm, akr\u00fc\u00fcl l\u00f5uendil.  See maal on Liisa Addi loomingus esimene tervest seeriast \u2013 teos, mis avas ukse tema sisemisele lapsele ja pani aluse uuele loomeetapile. Kunstnikuna tunnetame tihti survet pidevalt areneda ja teha \u201crohkem\u201d v\u00f5i \u201cparemini\u201d, kuid selle maaliga tundis Liisa, et just tema sisemisel lapsel oli vaja s\u00f5na saada. Ta soovis joonistada k\u00f5ike seda, mis kunagi r\u00f5\u00f5mu valmistas v\u00f5i hirmu tekitas \u2013 v\u00e4ljendada emotsioone toorelt ja ausalt, nii nagu ta polnud seda endale ammu lubanud.","og_url":"https:\/\/liisaaddi.com\/et\/toode\/maal-ma-kaitsen-sind\/","og_site_name":"AddiDraws","article_modified_time":"2026-04-04T18:28:20+00:00","og_image":[{"width":1200,"height":1200,"url":"https:\/\/liisaaddi.com\/wp-content\/uploads\/2025\/12\/IMG_0623.jpg","type":"image\/jpeg"}],"twitter_card":"summary_large_image","twitter_misc":{"Est. reading time":"1 minut"},"schema":{"@context":"https:\/\/schema.org","@graph":[{"@type":"WebPage","@id":"https:\/\/liisaaddi.com\/et\/toode\/maal-ma-kaitsen-sind\/","url":"https:\/\/liisaaddi.com\/et\/toode\/maal-ma-kaitsen-sind\/","name":"Maal \"Ma kaitsen sind\" - AddiDraws","isPartOf":{"@id":"https:\/\/liisaaddi.com\/et\/en\/#website"},"primaryImageOfPage":{"@id":"https:\/\/liisaaddi.com\/et\/toode\/maal-ma-kaitsen-sind\/#primaryimage"},"image":{"@id":"https:\/\/liisaaddi.com\/et\/toode\/maal-ma-kaitsen-sind\/#primaryimage"},"thumbnailUrl":"https:\/\/liisaaddi.com\/wp-content\/uploads\/2025\/12\/IMG_0623.jpg","datePublished":"2025-12-12T12:48:14+00:00","dateModified":"2026-04-04T18:28:20+00:00","breadcrumb":{"@id":"https:\/\/liisaaddi.com\/et\/toode\/maal-ma-kaitsen-sind\/#breadcrumb"},"inLanguage":"et","potentialAction":[{"@type":"ReadAction","target":["https:\/\/liisaaddi.com\/et\/toode\/maal-ma-kaitsen-sind\/"]}]},{"@type":"ImageObject","inLanguage":"et","@id":"https:\/\/liisaaddi.com\/et\/toode\/maal-ma-kaitsen-sind\/#primaryimage","url":"https:\/\/liisaaddi.com\/wp-content\/uploads\/2025\/12\/IMG_0623.jpg","contentUrl":"https:\/\/liisaaddi.com\/wp-content\/uploads\/2025\/12\/IMG_0623.jpg","width":1200,"height":1200},{"@type":"BreadcrumbList","@id":"https:\/\/liisaaddi.com\/et\/toode\/maal-ma-kaitsen-sind\/#breadcrumb","itemListElement":[{"@type":"ListItem","position":1,"name":"Home","item":"https:\/\/liisaaddi.com\/et\/"},{"@type":"ListItem","position":2,"name":"Pood","item":"https:\/\/liisaaddi.com\/pood\/"},{"@type":"ListItem","position":3,"name":"Maal &#8220;Ma kaitsen sind&#8221;"}]},{"@type":"WebSite","@id":"https:\/\/liisaaddi.com\/et\/en\/#website","url":"https:\/\/liisaaddi.com\/et\/en\/","name":"Liisa Addi","description":"Liisa Addi blogi","publisher":{"@id":"https:\/\/liisaaddi.com\/et\/en\/#\/schema\/person\/9655046d637f4b121f54a514deec74ba"},"potentialAction":[{"@type":"SearchAction","target":{"@type":"EntryPoint","urlTemplate":"https:\/\/liisaaddi.com\/et\/en\/?s={search_term_string}"},"query-input":{"@type":"PropertyValueSpecification","valueRequired":true,"valueName":"search_term_string"}}],"inLanguage":"et"},{"@type":["Person","Organization"],"@id":"https:\/\/liisaaddi.com\/et\/en\/#\/schema\/person\/9655046d637f4b121f54a514deec74ba","name":"addi","image":{"@type":"ImageObject","inLanguage":"et","@id":"https:\/\/liisaaddi.com\/wp-content\/uploads\/2025\/07\/liisa_addi.png","url":"https:\/\/liisaaddi.com\/wp-content\/uploads\/2025\/07\/liisa_addi.png","contentUrl":"https:\/\/liisaaddi.com\/wp-content\/uploads\/2025\/07\/liisa_addi.png","width":1200,"height":630,"caption":"addi"},"logo":{"@id":"https:\/\/liisaaddi.com\/wp-content\/uploads\/2025\/07\/liisa_addi.png"}}]}},"_links":{"self":[{"href":"https:\/\/liisaaddi.com\/et\/wp-json\/wp\/v2\/product\/7470","targetHints":{"allow":["GET"]}}],"collection":[{"href":"https:\/\/liisaaddi.com\/et\/wp-json\/wp\/v2\/product"}],"about":[{"href":"https:\/\/liisaaddi.com\/et\/wp-json\/wp\/v2\/types\/product"}],"wp:featuredmedia":[{"embeddable":true,"href":"https:\/\/liisaaddi.com\/et\/wp-json\/wp\/v2\/media\/7400"}],"wp:attachment":[{"href":"https:\/\/liisaaddi.com\/et\/wp-json\/wp\/v2\/media?parent=7470"}],"wp:term":[{"taxonomy":"product_brand","embeddable":true,"href":"https:\/\/liisaaddi.com\/et\/wp-json\/wp\/v2\/product_brand?post=7470"},{"taxonomy":"product_cat","embeddable":true,"href":"https:\/\/liisaaddi.com\/et\/wp-json\/wp\/v2\/product_cat?post=7470"},{"taxonomy":"product_tag","embeddable":true,"href":"https:\/\/liisaaddi.com\/et\/wp-json\/wp\/v2\/product_tag?post=7470"}],"curies":[{"name":"wp","href":"https:\/\/api.w.org\/{rel}","templated":true}]}}