{"id":7459,"date":"2025-12-12T14:28:22","date_gmt":"2025-12-12T12:28:22","guid":{"rendered":"https:\/\/liisaaddi.com\/?post_type=product&#038;p=7459"},"modified":"2026-04-04T21:30:03","modified_gmt":"2026-04-04T18:30:03","slug":"maal-ma-ei-taha","status":"publish","type":"product","link":"https:\/\/liisaaddi.com\/et\/toode\/maal-ma-ei-taha\/","title":{"rendered":"Maal &#8220;Ma ei taha&#8221;"},"content":{"rendered":"<p>24 x 32 cm, akvarell ja pliiats paberil.<\/p>\n<p>Tuleb koos raamiga. Muuseumiklaas.<\/p>\n<p>Lapsena \u00f5ppis Liisa Addi teiste meele j\u00e4rele olema, et ellu j\u00e4\u00e4da, mis j\u00e4ttis teda t\u00e4iskasvanuna oma vajadustest v\u00f5\u00f5raks. N\u00fc\u00fcd, \u00f5ppides \u00fctlema \u201eei\u201c, avastab ta oma piirid ja selle, mis talle t\u00f5eliselt oluline on.<\/p>\n","protected":false},"excerpt":{"rendered":"<p>24 x 32 cm, akvarell ja pliiats paberil.<\/p>\n<p>Tuleb koos raamiga. Muuseumiklaas.<\/p>\n<p>Lapsena \u00f5ppis Liisa Addi teiste meele j\u00e4rele olema, et ellu j\u00e4\u00e4da, mis j\u00e4ttis teda t\u00e4iskasvanuna oma vajadustest v\u00f5\u00f5raks. N\u00fc\u00fcd, \u00f5ppides \u00fctlema \u201eei\u201c, avastab ta oma piirid ja selle, mis talle t\u00f5eliselt oluline on.<\/p>\n","protected":false},"featured_media":7417,"template":"","meta":[],"product_brand":[],"product_cat":[241],"product_tag":[],"class_list":{"0":"post-7459","1":"product","2":"type-product","3":"status-publish","4":"has-post-thumbnail","6":"product_cat-originaal-kunstiteosed","8":"first","9":"instock","10":"taxable","11":"shipping-taxable","12":"purchasable","13":"product-type-simple"},"yoast_head":"<!-- This site is optimized with the Yoast SEO plugin v27.3 - https:\/\/yoast.com\/product\/yoast-seo-wordpress\/ -->\n<title>Maal &quot;Ma ei taha&quot; - AddiDraws<\/title>\n<meta name=\"robots\" content=\"index, follow, max-snippet:-1, max-image-preview:large, max-video-preview:-1\" \/>\n<link rel=\"canonical\" href=\"https:\/\/liisaaddi.com\/et\/toode\/maal-ma-ei-taha\/\" \/>\n<meta property=\"og:locale\" content=\"et_EE\" \/>\n<meta property=\"og:type\" content=\"article\" \/>\n<meta property=\"og:title\" content=\"Maal &quot;Ma ei taha&quot; - AddiDraws\" \/>\n<meta property=\"og:description\" content=\"24 x 32 cm, akvarell ja pliiats paberil.  Tuleb koos raamiga. Muuseumiklaas.  Lapsena \u00f5ppis Liisa Addi teiste meele j\u00e4rele olema, et ellu j\u00e4\u00e4da, mis j\u00e4ttis teda t\u00e4iskasvanuna oma vajadustest v\u00f5\u00f5raks. N\u00fc\u00fcd, \u00f5ppides \u00fctlema \u201eei\u201c, avastab ta oma piirid ja selle, mis talle t\u00f5eliselt oluline on.\" \/>\n<meta property=\"og:url\" content=\"https:\/\/liisaaddi.com\/et\/toode\/maal-ma-ei-taha\/\" \/>\n<meta property=\"og:site_name\" content=\"AddiDraws\" \/>\n<meta property=\"article:modified_time\" content=\"2026-04-04T18:30:03+00:00\" \/>\n<meta property=\"og:image\" content=\"https:\/\/liisaaddi.com\/wp-content\/uploads\/2025\/12\/IMG_0598.jpg\" \/>\n\t<meta property=\"og:image:width\" content=\"1200\" \/>\n\t<meta property=\"og:image:height\" content=\"1200\" \/>\n\t<meta property=\"og:image:type\" content=\"image\/jpeg\" \/>\n<meta name=\"twitter:card\" content=\"summary_large_image\" \/>\n<meta name=\"twitter:label1\" content=\"Est. reading time\" \/>\n\t<meta name=\"twitter:data1\" content=\"1 minut\" \/>\n<script type=\"application\/ld+json\" class=\"yoast-schema-graph\">{\"@context\":\"https:\\\/\\\/schema.org\",\"@graph\":[{\"@type\":\"WebPage\",\"@id\":\"https:\\\/\\\/liisaaddi.com\\\/et\\\/toode\\\/maal-ma-ei-taha\\\/\",\"url\":\"https:\\\/\\\/liisaaddi.com\\\/et\\\/toode\\\/maal-ma-ei-taha\\\/\",\"name\":\"Maal \\\"Ma ei taha\\\" - AddiDraws\",\"isPartOf\":{\"@id\":\"https:\\\/\\\/liisaaddi.com\\\/et\\\/en\\\/#website\"},\"primaryImageOfPage\":{\"@id\":\"https:\\\/\\\/liisaaddi.com\\\/et\\\/toode\\\/maal-ma-ei-taha\\\/#primaryimage\"},\"image\":{\"@id\":\"https:\\\/\\\/liisaaddi.com\\\/et\\\/toode\\\/maal-ma-ei-taha\\\/#primaryimage\"},\"thumbnailUrl\":\"https:\\\/\\\/liisaaddi.com\\\/wp-content\\\/uploads\\\/2025\\\/12\\\/IMG_0598.jpg\",\"datePublished\":\"2025-12-12T12:28:22+00:00\",\"dateModified\":\"2026-04-04T18:30:03+00:00\",\"breadcrumb\":{\"@id\":\"https:\\\/\\\/liisaaddi.com\\\/et\\\/toode\\\/maal-ma-ei-taha\\\/#breadcrumb\"},\"inLanguage\":\"et\",\"potentialAction\":[{\"@type\":\"ReadAction\",\"target\":[\"https:\\\/\\\/liisaaddi.com\\\/et\\\/toode\\\/maal-ma-ei-taha\\\/\"]}]},{\"@type\":\"ImageObject\",\"inLanguage\":\"et\",\"@id\":\"https:\\\/\\\/liisaaddi.com\\\/et\\\/toode\\\/maal-ma-ei-taha\\\/#primaryimage\",\"url\":\"https:\\\/\\\/liisaaddi.com\\\/wp-content\\\/uploads\\\/2025\\\/12\\\/IMG_0598.jpg\",\"contentUrl\":\"https:\\\/\\\/liisaaddi.com\\\/wp-content\\\/uploads\\\/2025\\\/12\\\/IMG_0598.jpg\",\"width\":1200,\"height\":1200},{\"@type\":\"BreadcrumbList\",\"@id\":\"https:\\\/\\\/liisaaddi.com\\\/et\\\/toode\\\/maal-ma-ei-taha\\\/#breadcrumb\",\"itemListElement\":[{\"@type\":\"ListItem\",\"position\":1,\"name\":\"Home\",\"item\":\"https:\\\/\\\/liisaaddi.com\\\/et\\\/\"},{\"@type\":\"ListItem\",\"position\":2,\"name\":\"Pood\",\"item\":\"https:\\\/\\\/liisaaddi.com\\\/pood\\\/\"},{\"@type\":\"ListItem\",\"position\":3,\"name\":\"Maal &#8220;Ma ei taha&#8221;\"}]},{\"@type\":\"WebSite\",\"@id\":\"https:\\\/\\\/liisaaddi.com\\\/et\\\/en\\\/#website\",\"url\":\"https:\\\/\\\/liisaaddi.com\\\/et\\\/en\\\/\",\"name\":\"Liisa Addi\",\"description\":\"Liisa Addi blogi\",\"publisher\":{\"@id\":\"https:\\\/\\\/liisaaddi.com\\\/et\\\/en\\\/#\\\/schema\\\/person\\\/9655046d637f4b121f54a514deec74ba\"},\"potentialAction\":[{\"@type\":\"SearchAction\",\"target\":{\"@type\":\"EntryPoint\",\"urlTemplate\":\"https:\\\/\\\/liisaaddi.com\\\/et\\\/en\\\/?s={search_term_string}\"},\"query-input\":{\"@type\":\"PropertyValueSpecification\",\"valueRequired\":true,\"valueName\":\"search_term_string\"}}],\"inLanguage\":\"et\"},{\"@type\":[\"Person\",\"Organization\"],\"@id\":\"https:\\\/\\\/liisaaddi.com\\\/et\\\/en\\\/#\\\/schema\\\/person\\\/9655046d637f4b121f54a514deec74ba\",\"name\":\"addi\",\"image\":{\"@type\":\"ImageObject\",\"inLanguage\":\"et\",\"@id\":\"https:\\\/\\\/liisaaddi.com\\\/wp-content\\\/uploads\\\/2025\\\/07\\\/liisa_addi.png\",\"url\":\"https:\\\/\\\/liisaaddi.com\\\/wp-content\\\/uploads\\\/2025\\\/07\\\/liisa_addi.png\",\"contentUrl\":\"https:\\\/\\\/liisaaddi.com\\\/wp-content\\\/uploads\\\/2025\\\/07\\\/liisa_addi.png\",\"width\":1200,\"height\":630,\"caption\":\"addi\"},\"logo\":{\"@id\":\"https:\\\/\\\/liisaaddi.com\\\/wp-content\\\/uploads\\\/2025\\\/07\\\/liisa_addi.png\"}}]}<\/script>\n<!-- \/ Yoast SEO plugin. -->","yoast_head_json":{"title":"Maal \"Ma ei taha\" - AddiDraws","robots":{"index":"index","follow":"follow","max-snippet":"max-snippet:-1","max-image-preview":"max-image-preview:large","max-video-preview":"max-video-preview:-1"},"canonical":"https:\/\/liisaaddi.com\/et\/toode\/maal-ma-ei-taha\/","og_locale":"et_EE","og_type":"article","og_title":"Maal \"Ma ei taha\" - AddiDraws","og_description":"24 x 32 cm, akvarell ja pliiats paberil.  Tuleb koos raamiga. Muuseumiklaas.  Lapsena \u00f5ppis Liisa Addi teiste meele j\u00e4rele olema, et ellu j\u00e4\u00e4da, mis j\u00e4ttis teda t\u00e4iskasvanuna oma vajadustest v\u00f5\u00f5raks. N\u00fc\u00fcd, \u00f5ppides \u00fctlema \u201eei\u201c, avastab ta oma piirid ja selle, mis talle t\u00f5eliselt oluline on.","og_url":"https:\/\/liisaaddi.com\/et\/toode\/maal-ma-ei-taha\/","og_site_name":"AddiDraws","article_modified_time":"2026-04-04T18:30:03+00:00","og_image":[{"width":1200,"height":1200,"url":"https:\/\/liisaaddi.com\/wp-content\/uploads\/2025\/12\/IMG_0598.jpg","type":"image\/jpeg"}],"twitter_card":"summary_large_image","twitter_misc":{"Est. reading time":"1 minut"},"schema":{"@context":"https:\/\/schema.org","@graph":[{"@type":"WebPage","@id":"https:\/\/liisaaddi.com\/et\/toode\/maal-ma-ei-taha\/","url":"https:\/\/liisaaddi.com\/et\/toode\/maal-ma-ei-taha\/","name":"Maal \"Ma ei taha\" - AddiDraws","isPartOf":{"@id":"https:\/\/liisaaddi.com\/et\/en\/#website"},"primaryImageOfPage":{"@id":"https:\/\/liisaaddi.com\/et\/toode\/maal-ma-ei-taha\/#primaryimage"},"image":{"@id":"https:\/\/liisaaddi.com\/et\/toode\/maal-ma-ei-taha\/#primaryimage"},"thumbnailUrl":"https:\/\/liisaaddi.com\/wp-content\/uploads\/2025\/12\/IMG_0598.jpg","datePublished":"2025-12-12T12:28:22+00:00","dateModified":"2026-04-04T18:30:03+00:00","breadcrumb":{"@id":"https:\/\/liisaaddi.com\/et\/toode\/maal-ma-ei-taha\/#breadcrumb"},"inLanguage":"et","potentialAction":[{"@type":"ReadAction","target":["https:\/\/liisaaddi.com\/et\/toode\/maal-ma-ei-taha\/"]}]},{"@type":"ImageObject","inLanguage":"et","@id":"https:\/\/liisaaddi.com\/et\/toode\/maal-ma-ei-taha\/#primaryimage","url":"https:\/\/liisaaddi.com\/wp-content\/uploads\/2025\/12\/IMG_0598.jpg","contentUrl":"https:\/\/liisaaddi.com\/wp-content\/uploads\/2025\/12\/IMG_0598.jpg","width":1200,"height":1200},{"@type":"BreadcrumbList","@id":"https:\/\/liisaaddi.com\/et\/toode\/maal-ma-ei-taha\/#breadcrumb","itemListElement":[{"@type":"ListItem","position":1,"name":"Home","item":"https:\/\/liisaaddi.com\/et\/"},{"@type":"ListItem","position":2,"name":"Pood","item":"https:\/\/liisaaddi.com\/pood\/"},{"@type":"ListItem","position":3,"name":"Maal &#8220;Ma ei taha&#8221;"}]},{"@type":"WebSite","@id":"https:\/\/liisaaddi.com\/et\/en\/#website","url":"https:\/\/liisaaddi.com\/et\/en\/","name":"Liisa Addi","description":"Liisa Addi blogi","publisher":{"@id":"https:\/\/liisaaddi.com\/et\/en\/#\/schema\/person\/9655046d637f4b121f54a514deec74ba"},"potentialAction":[{"@type":"SearchAction","target":{"@type":"EntryPoint","urlTemplate":"https:\/\/liisaaddi.com\/et\/en\/?s={search_term_string}"},"query-input":{"@type":"PropertyValueSpecification","valueRequired":true,"valueName":"search_term_string"}}],"inLanguage":"et"},{"@type":["Person","Organization"],"@id":"https:\/\/liisaaddi.com\/et\/en\/#\/schema\/person\/9655046d637f4b121f54a514deec74ba","name":"addi","image":{"@type":"ImageObject","inLanguage":"et","@id":"https:\/\/liisaaddi.com\/wp-content\/uploads\/2025\/07\/liisa_addi.png","url":"https:\/\/liisaaddi.com\/wp-content\/uploads\/2025\/07\/liisa_addi.png","contentUrl":"https:\/\/liisaaddi.com\/wp-content\/uploads\/2025\/07\/liisa_addi.png","width":1200,"height":630,"caption":"addi"},"logo":{"@id":"https:\/\/liisaaddi.com\/wp-content\/uploads\/2025\/07\/liisa_addi.png"}}]}},"_links":{"self":[{"href":"https:\/\/liisaaddi.com\/et\/wp-json\/wp\/v2\/product\/7459","targetHints":{"allow":["GET"]}}],"collection":[{"href":"https:\/\/liisaaddi.com\/et\/wp-json\/wp\/v2\/product"}],"about":[{"href":"https:\/\/liisaaddi.com\/et\/wp-json\/wp\/v2\/types\/product"}],"wp:featuredmedia":[{"embeddable":true,"href":"https:\/\/liisaaddi.com\/et\/wp-json\/wp\/v2\/media\/7417"}],"wp:attachment":[{"href":"https:\/\/liisaaddi.com\/et\/wp-json\/wp\/v2\/media?parent=7459"}],"wp:term":[{"taxonomy":"product_brand","embeddable":true,"href":"https:\/\/liisaaddi.com\/et\/wp-json\/wp\/v2\/product_brand?post=7459"},{"taxonomy":"product_cat","embeddable":true,"href":"https:\/\/liisaaddi.com\/et\/wp-json\/wp\/v2\/product_cat?post=7459"},{"taxonomy":"product_tag","embeddable":true,"href":"https:\/\/liisaaddi.com\/et\/wp-json\/wp\/v2\/product_tag?post=7459"}],"curies":[{"name":"wp","href":"https:\/\/api.w.org\/{rel}","templated":true}]}}