{"id":7390,"date":"2025-12-12T14:19:49","date_gmt":"2025-12-12T12:19:49","guid":{"rendered":"https:\/\/liisaaddi.com\/?post_type=product&#038;p=7390"},"modified":"2026-04-04T21:30:09","modified_gmt":"2026-04-04T18:30:09","slug":"maal-jah-ma-tunnen-palju","status":"publish","type":"product","link":"https:\/\/liisaaddi.com\/et\/toode\/maal-jah-ma-tunnen-palju\/","title":{"rendered":"Maal &#8220;Jah ma tunnen palju&#8221;"},"content":{"rendered":"<p>24 x 32 cm, akvarell ja pliiats paberil.<\/p>\n<p>Tuleb koos raamiga. Muuseumiklaas.<\/p>\n<p>Liisa Addi sattus nii lapsena kui t\u00e4iskasvanuna sageli emotsionaalsuse p\u00e4rast h\u00e4biposti. \u00d5ige teraapia \u00f5petas talle, et tema diagnoosidega on emotsionaalsus loomulik osa temast. Kuigi \u00fchiskond sageli kiidab stoitsismi, on inimaju loodud tundma ja emotsioone v\u00e4ljendama. Ajalooliselt diagnoositi naised liialt emotsionaalsuse eest h\u00fcsteerikuteks ning ka t\u00e4nap\u00e4eval keskenduvad paljud ps\u00fchholoogid emotsioonide allasurumisele, selle asemel et \u00f5petada nende tervislikku v\u00e4ljendamist.<\/p>\n","protected":false},"excerpt":{"rendered":"<p>24 x 32 cm, akvarell ja pliiats paberil.<\/p>\n<p>Tuleb koos raamiga. Muuseumiklaas.<\/p>\n<p>Liisa Addi sattus nii lapsena kui t\u00e4iskasvanuna sageli emotsionaalsuse p\u00e4rast h\u00e4biposti. \u00d5ige teraapia \u00f5petas talle, et tema diagnoosidega on emotsionaalsus loomulik osa temast. Kuigi \u00fchiskond sageli kiidab stoitsismi, on inimaju loodud tundma ja emotsioone v\u00e4ljendama. Ajalooliselt diagnoositi naised liialt emotsionaalsuse eest h\u00fcsteerikuteks ning ka t\u00e4nap\u00e4eval keskenduvad paljud ps\u00fchholoogid emotsioonide allasurumisele, selle asemel et \u00f5petada nende tervislikku v\u00e4ljendamist.<\/p>\n","protected":false},"featured_media":7416,"template":"","meta":[],"product_brand":[],"product_cat":[241],"product_tag":[],"class_list":{"0":"post-7390","1":"product","2":"type-product","3":"status-publish","4":"has-post-thumbnail","6":"product_cat-originaal-kunstiteosed","8":"first","9":"instock","10":"taxable","11":"shipping-taxable","12":"purchasable","13":"product-type-simple"},"yoast_head":"<!-- This site is optimized with the Yoast SEO plugin v27.3 - https:\/\/yoast.com\/product\/yoast-seo-wordpress\/ -->\n<title>Maal &quot;Jah ma tunnen palju&quot; - AddiDraws<\/title>\n<meta name=\"robots\" content=\"index, follow, max-snippet:-1, max-image-preview:large, max-video-preview:-1\" \/>\n<link rel=\"canonical\" href=\"https:\/\/liisaaddi.com\/et\/toode\/maal-jah-ma-tunnen-palju\/\" \/>\n<meta property=\"og:locale\" content=\"et_EE\" \/>\n<meta property=\"og:type\" content=\"article\" \/>\n<meta property=\"og:title\" content=\"Maal &quot;Jah ma tunnen palju&quot; - AddiDraws\" \/>\n<meta property=\"og:description\" content=\"24 x 32 cm, akvarell ja pliiats paberil.  Tuleb koos raamiga. Muuseumiklaas.  Liisa Addi sattus nii lapsena kui t\u00e4iskasvanuna sageli emotsionaalsuse p\u00e4rast h\u00e4biposti. \u00d5ige teraapia \u00f5petas talle, et tema diagnoosidega on emotsionaalsus loomulik osa temast. Kuigi \u00fchiskond sageli kiidab stoitsismi, on inimaju loodud tundma ja emotsioone v\u00e4ljendama. Ajalooliselt diagnoositi naised liialt emotsionaalsuse eest h\u00fcsteerikuteks ning ka t\u00e4nap\u00e4eval keskenduvad paljud ps\u00fchholoogid emotsioonide allasurumisele, selle asemel et \u00f5petada nende tervislikku v\u00e4ljendamist.\" \/>\n<meta property=\"og:url\" content=\"https:\/\/liisaaddi.com\/et\/toode\/maal-jah-ma-tunnen-palju\/\" \/>\n<meta property=\"og:site_name\" content=\"AddiDraws\" \/>\n<meta property=\"article:modified_time\" content=\"2026-04-04T18:30:09+00:00\" \/>\n<meta property=\"og:image\" content=\"https:\/\/liisaaddi.com\/wp-content\/uploads\/2025\/12\/IMG_0599.jpg\" \/>\n\t<meta property=\"og:image:width\" content=\"1200\" \/>\n\t<meta property=\"og:image:height\" content=\"1200\" \/>\n\t<meta property=\"og:image:type\" content=\"image\/jpeg\" \/>\n<meta name=\"twitter:card\" content=\"summary_large_image\" \/>\n<meta name=\"twitter:label1\" content=\"Est. reading time\" \/>\n\t<meta name=\"twitter:data1\" content=\"1 minut\" \/>\n<script type=\"application\/ld+json\" class=\"yoast-schema-graph\">{\"@context\":\"https:\\\/\\\/schema.org\",\"@graph\":[{\"@type\":\"WebPage\",\"@id\":\"https:\\\/\\\/liisaaddi.com\\\/et\\\/toode\\\/maal-jah-ma-tunnen-palju\\\/\",\"url\":\"https:\\\/\\\/liisaaddi.com\\\/et\\\/toode\\\/maal-jah-ma-tunnen-palju\\\/\",\"name\":\"Maal \\\"Jah ma tunnen palju\\\" - AddiDraws\",\"isPartOf\":{\"@id\":\"https:\\\/\\\/liisaaddi.com\\\/et\\\/en\\\/#website\"},\"primaryImageOfPage\":{\"@id\":\"https:\\\/\\\/liisaaddi.com\\\/et\\\/toode\\\/maal-jah-ma-tunnen-palju\\\/#primaryimage\"},\"image\":{\"@id\":\"https:\\\/\\\/liisaaddi.com\\\/et\\\/toode\\\/maal-jah-ma-tunnen-palju\\\/#primaryimage\"},\"thumbnailUrl\":\"https:\\\/\\\/liisaaddi.com\\\/wp-content\\\/uploads\\\/2025\\\/12\\\/IMG_0599.jpg\",\"datePublished\":\"2025-12-12T12:19:49+00:00\",\"dateModified\":\"2026-04-04T18:30:09+00:00\",\"breadcrumb\":{\"@id\":\"https:\\\/\\\/liisaaddi.com\\\/et\\\/toode\\\/maal-jah-ma-tunnen-palju\\\/#breadcrumb\"},\"inLanguage\":\"et\",\"potentialAction\":[{\"@type\":\"ReadAction\",\"target\":[\"https:\\\/\\\/liisaaddi.com\\\/et\\\/toode\\\/maal-jah-ma-tunnen-palju\\\/\"]}]},{\"@type\":\"ImageObject\",\"inLanguage\":\"et\",\"@id\":\"https:\\\/\\\/liisaaddi.com\\\/et\\\/toode\\\/maal-jah-ma-tunnen-palju\\\/#primaryimage\",\"url\":\"https:\\\/\\\/liisaaddi.com\\\/wp-content\\\/uploads\\\/2025\\\/12\\\/IMG_0599.jpg\",\"contentUrl\":\"https:\\\/\\\/liisaaddi.com\\\/wp-content\\\/uploads\\\/2025\\\/12\\\/IMG_0599.jpg\",\"width\":1200,\"height\":1200},{\"@type\":\"BreadcrumbList\",\"@id\":\"https:\\\/\\\/liisaaddi.com\\\/et\\\/toode\\\/maal-jah-ma-tunnen-palju\\\/#breadcrumb\",\"itemListElement\":[{\"@type\":\"ListItem\",\"position\":1,\"name\":\"Home\",\"item\":\"https:\\\/\\\/liisaaddi.com\\\/et\\\/\"},{\"@type\":\"ListItem\",\"position\":2,\"name\":\"Pood\",\"item\":\"https:\\\/\\\/liisaaddi.com\\\/pood\\\/\"},{\"@type\":\"ListItem\",\"position\":3,\"name\":\"Maal &#8220;Jah ma tunnen palju&#8221;\"}]},{\"@type\":\"WebSite\",\"@id\":\"https:\\\/\\\/liisaaddi.com\\\/et\\\/en\\\/#website\",\"url\":\"https:\\\/\\\/liisaaddi.com\\\/et\\\/en\\\/\",\"name\":\"Liisa Addi\",\"description\":\"Liisa Addi blogi\",\"publisher\":{\"@id\":\"https:\\\/\\\/liisaaddi.com\\\/et\\\/en\\\/#\\\/schema\\\/person\\\/9655046d637f4b121f54a514deec74ba\"},\"potentialAction\":[{\"@type\":\"SearchAction\",\"target\":{\"@type\":\"EntryPoint\",\"urlTemplate\":\"https:\\\/\\\/liisaaddi.com\\\/et\\\/en\\\/?s={search_term_string}\"},\"query-input\":{\"@type\":\"PropertyValueSpecification\",\"valueRequired\":true,\"valueName\":\"search_term_string\"}}],\"inLanguage\":\"et\"},{\"@type\":[\"Person\",\"Organization\"],\"@id\":\"https:\\\/\\\/liisaaddi.com\\\/et\\\/en\\\/#\\\/schema\\\/person\\\/9655046d637f4b121f54a514deec74ba\",\"name\":\"addi\",\"image\":{\"@type\":\"ImageObject\",\"inLanguage\":\"et\",\"@id\":\"https:\\\/\\\/liisaaddi.com\\\/wp-content\\\/uploads\\\/2025\\\/07\\\/liisa_addi.png\",\"url\":\"https:\\\/\\\/liisaaddi.com\\\/wp-content\\\/uploads\\\/2025\\\/07\\\/liisa_addi.png\",\"contentUrl\":\"https:\\\/\\\/liisaaddi.com\\\/wp-content\\\/uploads\\\/2025\\\/07\\\/liisa_addi.png\",\"width\":1200,\"height\":630,\"caption\":\"addi\"},\"logo\":{\"@id\":\"https:\\\/\\\/liisaaddi.com\\\/wp-content\\\/uploads\\\/2025\\\/07\\\/liisa_addi.png\"}}]}<\/script>\n<!-- \/ Yoast SEO plugin. -->","yoast_head_json":{"title":"Maal \"Jah ma tunnen palju\" - AddiDraws","robots":{"index":"index","follow":"follow","max-snippet":"max-snippet:-1","max-image-preview":"max-image-preview:large","max-video-preview":"max-video-preview:-1"},"canonical":"https:\/\/liisaaddi.com\/et\/toode\/maal-jah-ma-tunnen-palju\/","og_locale":"et_EE","og_type":"article","og_title":"Maal \"Jah ma tunnen palju\" - AddiDraws","og_description":"24 x 32 cm, akvarell ja pliiats paberil.  Tuleb koos raamiga. Muuseumiklaas.  Liisa Addi sattus nii lapsena kui t\u00e4iskasvanuna sageli emotsionaalsuse p\u00e4rast h\u00e4biposti. \u00d5ige teraapia \u00f5petas talle, et tema diagnoosidega on emotsionaalsus loomulik osa temast. Kuigi \u00fchiskond sageli kiidab stoitsismi, on inimaju loodud tundma ja emotsioone v\u00e4ljendama. Ajalooliselt diagnoositi naised liialt emotsionaalsuse eest h\u00fcsteerikuteks ning ka t\u00e4nap\u00e4eval keskenduvad paljud ps\u00fchholoogid emotsioonide allasurumisele, selle asemel et \u00f5petada nende tervislikku v\u00e4ljendamist.","og_url":"https:\/\/liisaaddi.com\/et\/toode\/maal-jah-ma-tunnen-palju\/","og_site_name":"AddiDraws","article_modified_time":"2026-04-04T18:30:09+00:00","og_image":[{"width":1200,"height":1200,"url":"https:\/\/liisaaddi.com\/wp-content\/uploads\/2025\/12\/IMG_0599.jpg","type":"image\/jpeg"}],"twitter_card":"summary_large_image","twitter_misc":{"Est. reading time":"1 minut"},"schema":{"@context":"https:\/\/schema.org","@graph":[{"@type":"WebPage","@id":"https:\/\/liisaaddi.com\/et\/toode\/maal-jah-ma-tunnen-palju\/","url":"https:\/\/liisaaddi.com\/et\/toode\/maal-jah-ma-tunnen-palju\/","name":"Maal \"Jah ma tunnen palju\" - AddiDraws","isPartOf":{"@id":"https:\/\/liisaaddi.com\/et\/en\/#website"},"primaryImageOfPage":{"@id":"https:\/\/liisaaddi.com\/et\/toode\/maal-jah-ma-tunnen-palju\/#primaryimage"},"image":{"@id":"https:\/\/liisaaddi.com\/et\/toode\/maal-jah-ma-tunnen-palju\/#primaryimage"},"thumbnailUrl":"https:\/\/liisaaddi.com\/wp-content\/uploads\/2025\/12\/IMG_0599.jpg","datePublished":"2025-12-12T12:19:49+00:00","dateModified":"2026-04-04T18:30:09+00:00","breadcrumb":{"@id":"https:\/\/liisaaddi.com\/et\/toode\/maal-jah-ma-tunnen-palju\/#breadcrumb"},"inLanguage":"et","potentialAction":[{"@type":"ReadAction","target":["https:\/\/liisaaddi.com\/et\/toode\/maal-jah-ma-tunnen-palju\/"]}]},{"@type":"ImageObject","inLanguage":"et","@id":"https:\/\/liisaaddi.com\/et\/toode\/maal-jah-ma-tunnen-palju\/#primaryimage","url":"https:\/\/liisaaddi.com\/wp-content\/uploads\/2025\/12\/IMG_0599.jpg","contentUrl":"https:\/\/liisaaddi.com\/wp-content\/uploads\/2025\/12\/IMG_0599.jpg","width":1200,"height":1200},{"@type":"BreadcrumbList","@id":"https:\/\/liisaaddi.com\/et\/toode\/maal-jah-ma-tunnen-palju\/#breadcrumb","itemListElement":[{"@type":"ListItem","position":1,"name":"Home","item":"https:\/\/liisaaddi.com\/et\/"},{"@type":"ListItem","position":2,"name":"Pood","item":"https:\/\/liisaaddi.com\/pood\/"},{"@type":"ListItem","position":3,"name":"Maal &#8220;Jah ma tunnen palju&#8221;"}]},{"@type":"WebSite","@id":"https:\/\/liisaaddi.com\/et\/en\/#website","url":"https:\/\/liisaaddi.com\/et\/en\/","name":"Liisa Addi","description":"Liisa Addi blogi","publisher":{"@id":"https:\/\/liisaaddi.com\/et\/en\/#\/schema\/person\/9655046d637f4b121f54a514deec74ba"},"potentialAction":[{"@type":"SearchAction","target":{"@type":"EntryPoint","urlTemplate":"https:\/\/liisaaddi.com\/et\/en\/?s={search_term_string}"},"query-input":{"@type":"PropertyValueSpecification","valueRequired":true,"valueName":"search_term_string"}}],"inLanguage":"et"},{"@type":["Person","Organization"],"@id":"https:\/\/liisaaddi.com\/et\/en\/#\/schema\/person\/9655046d637f4b121f54a514deec74ba","name":"addi","image":{"@type":"ImageObject","inLanguage":"et","@id":"https:\/\/liisaaddi.com\/wp-content\/uploads\/2025\/07\/liisa_addi.png","url":"https:\/\/liisaaddi.com\/wp-content\/uploads\/2025\/07\/liisa_addi.png","contentUrl":"https:\/\/liisaaddi.com\/wp-content\/uploads\/2025\/07\/liisa_addi.png","width":1200,"height":630,"caption":"addi"},"logo":{"@id":"https:\/\/liisaaddi.com\/wp-content\/uploads\/2025\/07\/liisa_addi.png"}}]}},"_links":{"self":[{"href":"https:\/\/liisaaddi.com\/et\/wp-json\/wp\/v2\/product\/7390","targetHints":{"allow":["GET"]}}],"collection":[{"href":"https:\/\/liisaaddi.com\/et\/wp-json\/wp\/v2\/product"}],"about":[{"href":"https:\/\/liisaaddi.com\/et\/wp-json\/wp\/v2\/types\/product"}],"wp:featuredmedia":[{"embeddable":true,"href":"https:\/\/liisaaddi.com\/et\/wp-json\/wp\/v2\/media\/7416"}],"wp:attachment":[{"href":"https:\/\/liisaaddi.com\/et\/wp-json\/wp\/v2\/media?parent=7390"}],"wp:term":[{"taxonomy":"product_brand","embeddable":true,"href":"https:\/\/liisaaddi.com\/et\/wp-json\/wp\/v2\/product_brand?post=7390"},{"taxonomy":"product_cat","embeddable":true,"href":"https:\/\/liisaaddi.com\/et\/wp-json\/wp\/v2\/product_cat?post=7390"},{"taxonomy":"product_tag","embeddable":true,"href":"https:\/\/liisaaddi.com\/et\/wp-json\/wp\/v2\/product_tag?post=7390"}],"curies":[{"name":"wp","href":"https:\/\/api.w.org\/{rel}","templated":true}]}}