{"id":7362,"date":"2025-11-19T13:07:24","date_gmt":"2025-11-19T11:07:24","guid":{"rendered":"https:\/\/liisaaddi.com\/?post_type=product&#038;p=7362"},"modified":"2025-11-19T17:40:34","modified_gmt":"2025-11-19T15:40:34","slug":"maal-reaalsuse-killud","status":"publish","type":"product","link":"https:\/\/liisaaddi.com\/et\/toode\/maal-reaalsuse-killud\/","title":{"rendered":"Maal &#8220;Reaalsuse killud&#8221;"},"content":{"rendered":"<p data-start=\"92\" data-end=\"392\">Originaalteos &#8220;Reaalsuse killud&#8221;<\/p>\n<p data-start=\"92\" data-end=\"392\">47 x 55 cm, akr\u00fc\u00fcl l\u00f5uendil.<\/p>\n<p data-start=\"123\" data-end=\"261\">K\u00f5igist meid \u00fcmbritsevatest reaalsustest teadlik olemine v\u00f5ib iga\u00fche hulluks ajada, kuid nendega kontakti kaotamine v\u00f5ib viia samasse kohta.<\/p>\n<p data-start=\"263\" data-end=\"495\" data-is-last-node=\"\" data-is-only-node=\"\">Inimesed kipuvad v\u00e4hem \u00fcle m\u00f5tlema, kui nad m\u00f5istavad, et inimkeha vajab rahu rohkem kui vastuseid. Me kanname endas nii fantaasia kui ka reaalsuse killukesi, kuid meie m\u00f5istus loob maailma, mis aitab meil end turvaliselt tunda.<\/p>\n","protected":false},"excerpt":{"rendered":"<p data-start=\"92\" data-end=\"392\">Originaalteos &#8220;Reaalsuse killud&#8221;<\/p>\n<p data-start=\"92\" data-end=\"392\">47 x 55 cm, akr\u00fc\u00fcl l\u00f5uendil.<\/p>\n<p data-start=\"123\" data-end=\"261\">K\u00f5igist meid \u00fcmbritsevatest reaalsustest teadlik olemine v\u00f5ib iga\u00fche hulluks ajada, kuid nendega kontakti kaotamine v\u00f5ib viia samasse kohta.<\/p>\n<p data-start=\"263\" data-end=\"495\" data-is-last-node=\"\" data-is-only-node=\"\">Inimesed kipuvad v\u00e4hem \u00fcle m\u00f5tlema, kui nad m\u00f5istavad, et inimkeha vajab rahu rohkem kui vastuseid. Me kanname endas nii fantaasia kui ka reaalsuse killukesi, kuid meie m\u00f5istus loob maailma, mis aitab meil end turvaliselt tunda.<\/p>\n","protected":false},"featured_media":7378,"template":"","meta":[],"product_brand":[],"product_cat":[241],"product_tag":[],"class_list":{"0":"post-7362","1":"product","2":"type-product","3":"status-publish","4":"has-post-thumbnail","6":"product_cat-originaal-kunstiteosed","8":"first","9":"instock","10":"taxable","11":"shipping-taxable","12":"purchasable","13":"product-type-simple"},"yoast_head":"<!-- This site is optimized with the Yoast SEO plugin v27.3 - https:\/\/yoast.com\/product\/yoast-seo-wordpress\/ -->\n<title>Maal &quot;Reaalsuse killud&quot; - AddiDraws<\/title>\n<meta name=\"robots\" content=\"index, follow, max-snippet:-1, max-image-preview:large, max-video-preview:-1\" \/>\n<link rel=\"canonical\" href=\"https:\/\/liisaaddi.com\/et\/toode\/maal-reaalsuse-killud\/\" \/>\n<meta property=\"og:locale\" content=\"et_EE\" \/>\n<meta property=\"og:type\" content=\"article\" \/>\n<meta property=\"og:title\" content=\"Maal &quot;Reaalsuse killud&quot; - AddiDraws\" \/>\n<meta property=\"og:description\" content=\"Originaalteos &quot;Reaalsuse killud&quot; 47 x 55 cm, akr\u00fc\u00fcl l\u00f5uendil. K\u00f5igist meid \u00fcmbritsevatest reaalsustest teadlik olemine v\u00f5ib iga\u00fche hulluks ajada, kuid nendega kontakti kaotamine v\u00f5ib viia samasse kohta. Inimesed kipuvad v\u00e4hem \u00fcle m\u00f5tlema, kui nad m\u00f5istavad, et inimkeha vajab rahu rohkem kui vastuseid. Me kanname endas nii fantaasia kui ka reaalsuse killukesi, kuid meie m\u00f5istus loob maailma, mis aitab meil end turvaliselt tunda.\" \/>\n<meta property=\"og:url\" content=\"https:\/\/liisaaddi.com\/et\/toode\/maal-reaalsuse-killud\/\" \/>\n<meta property=\"og:site_name\" content=\"AddiDraws\" \/>\n<meta property=\"article:modified_time\" content=\"2025-11-19T15:40:34+00:00\" \/>\n<meta property=\"og:image\" content=\"https:\/\/liisaaddi.com\/wp-content\/uploads\/2025\/11\/IMG_0500.jpg\" \/>\n\t<meta property=\"og:image:width\" content=\"1500\" \/>\n\t<meta property=\"og:image:height\" content=\"1500\" \/>\n\t<meta property=\"og:image:type\" content=\"image\/jpeg\" \/>\n<meta name=\"twitter:card\" content=\"summary_large_image\" \/>\n<meta name=\"twitter:label1\" content=\"Est. reading time\" \/>\n\t<meta name=\"twitter:data1\" content=\"1 minut\" \/>\n<script type=\"application\/ld+json\" class=\"yoast-schema-graph\">{\"@context\":\"https:\\\/\\\/schema.org\",\"@graph\":[{\"@type\":\"WebPage\",\"@id\":\"https:\\\/\\\/liisaaddi.com\\\/et\\\/toode\\\/maal-reaalsuse-killud\\\/\",\"url\":\"https:\\\/\\\/liisaaddi.com\\\/et\\\/toode\\\/maal-reaalsuse-killud\\\/\",\"name\":\"Maal \\\"Reaalsuse killud\\\" - AddiDraws\",\"isPartOf\":{\"@id\":\"https:\\\/\\\/liisaaddi.com\\\/et\\\/en\\\/#website\"},\"primaryImageOfPage\":{\"@id\":\"https:\\\/\\\/liisaaddi.com\\\/et\\\/toode\\\/maal-reaalsuse-killud\\\/#primaryimage\"},\"image\":{\"@id\":\"https:\\\/\\\/liisaaddi.com\\\/et\\\/toode\\\/maal-reaalsuse-killud\\\/#primaryimage\"},\"thumbnailUrl\":\"https:\\\/\\\/liisaaddi.com\\\/wp-content\\\/uploads\\\/2025\\\/11\\\/IMG_0500.jpg\",\"datePublished\":\"2025-11-19T11:07:24+00:00\",\"dateModified\":\"2025-11-19T15:40:34+00:00\",\"breadcrumb\":{\"@id\":\"https:\\\/\\\/liisaaddi.com\\\/et\\\/toode\\\/maal-reaalsuse-killud\\\/#breadcrumb\"},\"inLanguage\":\"et\",\"potentialAction\":[{\"@type\":\"ReadAction\",\"target\":[\"https:\\\/\\\/liisaaddi.com\\\/et\\\/toode\\\/maal-reaalsuse-killud\\\/\"]}]},{\"@type\":\"ImageObject\",\"inLanguage\":\"et\",\"@id\":\"https:\\\/\\\/liisaaddi.com\\\/et\\\/toode\\\/maal-reaalsuse-killud\\\/#primaryimage\",\"url\":\"https:\\\/\\\/liisaaddi.com\\\/wp-content\\\/uploads\\\/2025\\\/11\\\/IMG_0500.jpg\",\"contentUrl\":\"https:\\\/\\\/liisaaddi.com\\\/wp-content\\\/uploads\\\/2025\\\/11\\\/IMG_0500.jpg\",\"width\":1500,\"height\":1500},{\"@type\":\"BreadcrumbList\",\"@id\":\"https:\\\/\\\/liisaaddi.com\\\/et\\\/toode\\\/maal-reaalsuse-killud\\\/#breadcrumb\",\"itemListElement\":[{\"@type\":\"ListItem\",\"position\":1,\"name\":\"Home\",\"item\":\"https:\\\/\\\/liisaaddi.com\\\/et\\\/\"},{\"@type\":\"ListItem\",\"position\":2,\"name\":\"Pood\",\"item\":\"https:\\\/\\\/liisaaddi.com\\\/pood\\\/\"},{\"@type\":\"ListItem\",\"position\":3,\"name\":\"Maal &#8220;Reaalsuse killud&#8221;\"}]},{\"@type\":\"WebSite\",\"@id\":\"https:\\\/\\\/liisaaddi.com\\\/et\\\/en\\\/#website\",\"url\":\"https:\\\/\\\/liisaaddi.com\\\/et\\\/en\\\/\",\"name\":\"Liisa Addi\",\"description\":\"Liisa Addi blogi\",\"publisher\":{\"@id\":\"https:\\\/\\\/liisaaddi.com\\\/et\\\/en\\\/#\\\/schema\\\/person\\\/9655046d637f4b121f54a514deec74ba\"},\"potentialAction\":[{\"@type\":\"SearchAction\",\"target\":{\"@type\":\"EntryPoint\",\"urlTemplate\":\"https:\\\/\\\/liisaaddi.com\\\/et\\\/en\\\/?s={search_term_string}\"},\"query-input\":{\"@type\":\"PropertyValueSpecification\",\"valueRequired\":true,\"valueName\":\"search_term_string\"}}],\"inLanguage\":\"et\"},{\"@type\":[\"Person\",\"Organization\"],\"@id\":\"https:\\\/\\\/liisaaddi.com\\\/et\\\/en\\\/#\\\/schema\\\/person\\\/9655046d637f4b121f54a514deec74ba\",\"name\":\"addi\",\"image\":{\"@type\":\"ImageObject\",\"inLanguage\":\"et\",\"@id\":\"https:\\\/\\\/liisaaddi.com\\\/wp-content\\\/uploads\\\/2025\\\/07\\\/liisa_addi.png\",\"url\":\"https:\\\/\\\/liisaaddi.com\\\/wp-content\\\/uploads\\\/2025\\\/07\\\/liisa_addi.png\",\"contentUrl\":\"https:\\\/\\\/liisaaddi.com\\\/wp-content\\\/uploads\\\/2025\\\/07\\\/liisa_addi.png\",\"width\":1200,\"height\":630,\"caption\":\"addi\"},\"logo\":{\"@id\":\"https:\\\/\\\/liisaaddi.com\\\/wp-content\\\/uploads\\\/2025\\\/07\\\/liisa_addi.png\"}}]}<\/script>\n<!-- \/ Yoast SEO plugin. -->","yoast_head_json":{"title":"Maal \"Reaalsuse killud\" - AddiDraws","robots":{"index":"index","follow":"follow","max-snippet":"max-snippet:-1","max-image-preview":"max-image-preview:large","max-video-preview":"max-video-preview:-1"},"canonical":"https:\/\/liisaaddi.com\/et\/toode\/maal-reaalsuse-killud\/","og_locale":"et_EE","og_type":"article","og_title":"Maal \"Reaalsuse killud\" - AddiDraws","og_description":"Originaalteos \"Reaalsuse killud\" 47 x 55 cm, akr\u00fc\u00fcl l\u00f5uendil. K\u00f5igist meid \u00fcmbritsevatest reaalsustest teadlik olemine v\u00f5ib iga\u00fche hulluks ajada, kuid nendega kontakti kaotamine v\u00f5ib viia samasse kohta. Inimesed kipuvad v\u00e4hem \u00fcle m\u00f5tlema, kui nad m\u00f5istavad, et inimkeha vajab rahu rohkem kui vastuseid. Me kanname endas nii fantaasia kui ka reaalsuse killukesi, kuid meie m\u00f5istus loob maailma, mis aitab meil end turvaliselt tunda.","og_url":"https:\/\/liisaaddi.com\/et\/toode\/maal-reaalsuse-killud\/","og_site_name":"AddiDraws","article_modified_time":"2025-11-19T15:40:34+00:00","og_image":[{"width":1500,"height":1500,"url":"https:\/\/liisaaddi.com\/wp-content\/uploads\/2025\/11\/IMG_0500.jpg","type":"image\/jpeg"}],"twitter_card":"summary_large_image","twitter_misc":{"Est. reading time":"1 minut"},"schema":{"@context":"https:\/\/schema.org","@graph":[{"@type":"WebPage","@id":"https:\/\/liisaaddi.com\/et\/toode\/maal-reaalsuse-killud\/","url":"https:\/\/liisaaddi.com\/et\/toode\/maal-reaalsuse-killud\/","name":"Maal \"Reaalsuse killud\" - AddiDraws","isPartOf":{"@id":"https:\/\/liisaaddi.com\/et\/en\/#website"},"primaryImageOfPage":{"@id":"https:\/\/liisaaddi.com\/et\/toode\/maal-reaalsuse-killud\/#primaryimage"},"image":{"@id":"https:\/\/liisaaddi.com\/et\/toode\/maal-reaalsuse-killud\/#primaryimage"},"thumbnailUrl":"https:\/\/liisaaddi.com\/wp-content\/uploads\/2025\/11\/IMG_0500.jpg","datePublished":"2025-11-19T11:07:24+00:00","dateModified":"2025-11-19T15:40:34+00:00","breadcrumb":{"@id":"https:\/\/liisaaddi.com\/et\/toode\/maal-reaalsuse-killud\/#breadcrumb"},"inLanguage":"et","potentialAction":[{"@type":"ReadAction","target":["https:\/\/liisaaddi.com\/et\/toode\/maal-reaalsuse-killud\/"]}]},{"@type":"ImageObject","inLanguage":"et","@id":"https:\/\/liisaaddi.com\/et\/toode\/maal-reaalsuse-killud\/#primaryimage","url":"https:\/\/liisaaddi.com\/wp-content\/uploads\/2025\/11\/IMG_0500.jpg","contentUrl":"https:\/\/liisaaddi.com\/wp-content\/uploads\/2025\/11\/IMG_0500.jpg","width":1500,"height":1500},{"@type":"BreadcrumbList","@id":"https:\/\/liisaaddi.com\/et\/toode\/maal-reaalsuse-killud\/#breadcrumb","itemListElement":[{"@type":"ListItem","position":1,"name":"Home","item":"https:\/\/liisaaddi.com\/et\/"},{"@type":"ListItem","position":2,"name":"Pood","item":"https:\/\/liisaaddi.com\/pood\/"},{"@type":"ListItem","position":3,"name":"Maal &#8220;Reaalsuse killud&#8221;"}]},{"@type":"WebSite","@id":"https:\/\/liisaaddi.com\/et\/en\/#website","url":"https:\/\/liisaaddi.com\/et\/en\/","name":"Liisa Addi","description":"Liisa Addi blogi","publisher":{"@id":"https:\/\/liisaaddi.com\/et\/en\/#\/schema\/person\/9655046d637f4b121f54a514deec74ba"},"potentialAction":[{"@type":"SearchAction","target":{"@type":"EntryPoint","urlTemplate":"https:\/\/liisaaddi.com\/et\/en\/?s={search_term_string}"},"query-input":{"@type":"PropertyValueSpecification","valueRequired":true,"valueName":"search_term_string"}}],"inLanguage":"et"},{"@type":["Person","Organization"],"@id":"https:\/\/liisaaddi.com\/et\/en\/#\/schema\/person\/9655046d637f4b121f54a514deec74ba","name":"addi","image":{"@type":"ImageObject","inLanguage":"et","@id":"https:\/\/liisaaddi.com\/wp-content\/uploads\/2025\/07\/liisa_addi.png","url":"https:\/\/liisaaddi.com\/wp-content\/uploads\/2025\/07\/liisa_addi.png","contentUrl":"https:\/\/liisaaddi.com\/wp-content\/uploads\/2025\/07\/liisa_addi.png","width":1200,"height":630,"caption":"addi"},"logo":{"@id":"https:\/\/liisaaddi.com\/wp-content\/uploads\/2025\/07\/liisa_addi.png"}}]}},"_links":{"self":[{"href":"https:\/\/liisaaddi.com\/et\/wp-json\/wp\/v2\/product\/7362","targetHints":{"allow":["GET"]}}],"collection":[{"href":"https:\/\/liisaaddi.com\/et\/wp-json\/wp\/v2\/product"}],"about":[{"href":"https:\/\/liisaaddi.com\/et\/wp-json\/wp\/v2\/types\/product"}],"wp:featuredmedia":[{"embeddable":true,"href":"https:\/\/liisaaddi.com\/et\/wp-json\/wp\/v2\/media\/7378"}],"wp:attachment":[{"href":"https:\/\/liisaaddi.com\/et\/wp-json\/wp\/v2\/media?parent=7362"}],"wp:term":[{"taxonomy":"product_brand","embeddable":true,"href":"https:\/\/liisaaddi.com\/et\/wp-json\/wp\/v2\/product_brand?post=7362"},{"taxonomy":"product_cat","embeddable":true,"href":"https:\/\/liisaaddi.com\/et\/wp-json\/wp\/v2\/product_cat?post=7362"},{"taxonomy":"product_tag","embeddable":true,"href":"https:\/\/liisaaddi.com\/et\/wp-json\/wp\/v2\/product_tag?post=7362"}],"curies":[{"name":"wp","href":"https:\/\/api.w.org\/{rel}","templated":true}]}}