{"id":7322,"date":"2025-11-13T18:53:49","date_gmt":"2025-11-13T16:53:49","guid":{"rendered":"https:\/\/liisaaddi.com\/?post_type=product&#038;p=7322"},"modified":"2025-11-13T19:02:33","modified_gmt":"2025-11-13T17:02:33","slug":"maal-algus","status":"publish","type":"product","link":"https:\/\/liisaaddi.com\/et\/toode\/maal-algus\/","title":{"rendered":"Maal &#8220;Algus&#8221;"},"content":{"rendered":"<p data-start=\"92\" data-end=\"392\">Originaalteos &#8220;Algus.&#8221;<\/p>\n<p data-start=\"92\" data-end=\"392\">130 x 90 cm, akr\u00fc\u00fcl l\u00f5uendil.<\/p>\n<p data-start=\"92\" data-end=\"392\">V\u00f5ib-olla kujutasid sa lapsena ette m\u00f5nda tegelast v\u00f5i olendit, kes tundus eriline: kedagi, kellele sageli m\u00f5tlesid, ise teadmata miks. \u00c4kki oli see sinu sisemine tugevus, mis v\u00f5ttis kuju: vaikne kaitsja, kelle sa l\u00f5id, et tulla toime segase ja hirmutava maailmaga.<\/p>\n<p data-start=\"394\" data-end=\"587\">Isegi kui elu on olnud raske, on see tugevus alati sinuga olnud. See on t\u00f5end sellest, et su s\u00fcda oskab terveneda ja edasi liikuda.<br data-start=\"525\" data-end=\"528\" \/>See j\u00f5ud on sinus kogu aeg olnud: rahulik, \u00f5rn ja julge.<\/p>\n<p data-start=\"394\" data-end=\"587\">Selles teoses, Liisa Addi peegeldab oma Alter Ego tekkimist: lapsep\u00f5lvest kaasa tulnud kaitsja.<\/p>\n","protected":false},"excerpt":{"rendered":"<p data-start=\"92\" data-end=\"392\">Originaalteos &#8220;Algus.&#8221;<\/p>\n<p data-start=\"92\" data-end=\"392\">130 x 90 cm, akr\u00fc\u00fcl l\u00f5uendil.<\/p>\n<p data-start=\"92\" data-end=\"392\">V\u00f5ib-olla kujutasid sa lapsena ette m\u00f5nda tegelast v\u00f5i olendit, kes tundus eriline: kedagi, kellele sageli m\u00f5tlesid, ise teadmata miks. \u00c4kki oli see sinu sisemine tugevus, mis v\u00f5ttis kuju: vaikne kaitsja, kelle sa l\u00f5id, et tulla toime segase ja hirmutava maailmaga.<\/p>\n<p data-start=\"394\" data-end=\"587\">Isegi kui elu on olnud raske, on see tugevus alati sinuga olnud. See on t\u00f5end sellest, et su s\u00fcda oskab terveneda ja edasi liikuda.<br data-start=\"525\" data-end=\"528\" \/>See j\u00f5ud on sinus kogu aeg olnud: rahulik, \u00f5rn ja julge.<\/p>\n<p data-start=\"394\" data-end=\"587\">Selles teoses, Liisa Addi peegeldab oma Alter Ego tekkimist: lapsep\u00f5lvest kaasa tulnud kaitsja.<\/p>\n","protected":false},"featured_media":7325,"template":"","meta":[],"product_brand":[],"product_cat":[241],"product_tag":[],"class_list":{"0":"post-7322","1":"product","2":"type-product","3":"status-publish","4":"has-post-thumbnail","6":"product_cat-originaal-kunstiteosed","8":"first","9":"instock","10":"taxable","11":"shipping-taxable","12":"purchasable","13":"product-type-simple"},"yoast_head":"<!-- This site is optimized with the Yoast SEO plugin v27.3 - https:\/\/yoast.com\/product\/yoast-seo-wordpress\/ -->\n<title>Maal &quot;Algus&quot; - AddiDraws<\/title>\n<meta name=\"robots\" content=\"index, follow, max-snippet:-1, max-image-preview:large, max-video-preview:-1\" \/>\n<link rel=\"canonical\" href=\"https:\/\/liisaaddi.com\/et\/toode\/maal-algus\/\" \/>\n<meta property=\"og:locale\" content=\"et_EE\" \/>\n<meta property=\"og:type\" content=\"article\" \/>\n<meta property=\"og:title\" content=\"Maal &quot;Algus&quot; - AddiDraws\" \/>\n<meta property=\"og:description\" content=\"Originaalteos &quot;Algus.&quot; 130 x 90 cm, akr\u00fc\u00fcl l\u00f5uendil. V\u00f5ib-olla kujutasid sa lapsena ette m\u00f5nda tegelast v\u00f5i olendit, kes tundus eriline: kedagi, kellele sageli m\u00f5tlesid, ise teadmata miks. \u00c4kki oli see sinu sisemine tugevus, mis v\u00f5ttis kuju: vaikne kaitsja, kelle sa l\u00f5id, et tulla toime segase ja hirmutava maailmaga. Isegi kui elu on olnud raske, on see tugevus alati sinuga olnud. See on t\u00f5end sellest, et su s\u00fcda oskab terveneda ja edasi liikuda.See j\u00f5ud on sinus kogu aeg olnud: rahulik, \u00f5rn ja julge. Selles teoses, Liisa Addi peegeldab oma Alter Ego tekkimist: lapsep\u00f5lvest kaasa tulnud kaitsja.\" \/>\n<meta property=\"og:url\" content=\"https:\/\/liisaaddi.com\/et\/toode\/maal-algus\/\" \/>\n<meta property=\"og:site_name\" content=\"AddiDraws\" \/>\n<meta property=\"article:modified_time\" content=\"2025-11-13T17:02:33+00:00\" \/>\n<meta property=\"og:image\" content=\"https:\/\/liisaaddi.com\/wp-content\/uploads\/2025\/11\/istutasid6copyopy.jpg\" \/>\n\t<meta property=\"og:image:width\" content=\"2000\" \/>\n\t<meta property=\"og:image:height\" content=\"2011\" \/>\n\t<meta property=\"og:image:type\" content=\"image\/jpeg\" \/>\n<meta name=\"twitter:card\" content=\"summary_large_image\" \/>\n<meta name=\"twitter:label1\" content=\"Est. reading time\" \/>\n\t<meta name=\"twitter:data1\" content=\"1 minut\" \/>\n<script type=\"application\/ld+json\" class=\"yoast-schema-graph\">{\"@context\":\"https:\\\/\\\/schema.org\",\"@graph\":[{\"@type\":\"WebPage\",\"@id\":\"https:\\\/\\\/liisaaddi.com\\\/et\\\/toode\\\/maal-algus\\\/\",\"url\":\"https:\\\/\\\/liisaaddi.com\\\/et\\\/toode\\\/maal-algus\\\/\",\"name\":\"Maal \\\"Algus\\\" - AddiDraws\",\"isPartOf\":{\"@id\":\"https:\\\/\\\/liisaaddi.com\\\/et\\\/en\\\/#website\"},\"primaryImageOfPage\":{\"@id\":\"https:\\\/\\\/liisaaddi.com\\\/et\\\/toode\\\/maal-algus\\\/#primaryimage\"},\"image\":{\"@id\":\"https:\\\/\\\/liisaaddi.com\\\/et\\\/toode\\\/maal-algus\\\/#primaryimage\"},\"thumbnailUrl\":\"https:\\\/\\\/liisaaddi.com\\\/wp-content\\\/uploads\\\/2025\\\/11\\\/istutasid6copyopy.jpg\",\"datePublished\":\"2025-11-13T16:53:49+00:00\",\"dateModified\":\"2025-11-13T17:02:33+00:00\",\"breadcrumb\":{\"@id\":\"https:\\\/\\\/liisaaddi.com\\\/et\\\/toode\\\/maal-algus\\\/#breadcrumb\"},\"inLanguage\":\"et\",\"potentialAction\":[{\"@type\":\"ReadAction\",\"target\":[\"https:\\\/\\\/liisaaddi.com\\\/et\\\/toode\\\/maal-algus\\\/\"]}]},{\"@type\":\"ImageObject\",\"inLanguage\":\"et\",\"@id\":\"https:\\\/\\\/liisaaddi.com\\\/et\\\/toode\\\/maal-algus\\\/#primaryimage\",\"url\":\"https:\\\/\\\/liisaaddi.com\\\/wp-content\\\/uploads\\\/2025\\\/11\\\/istutasid6copyopy.jpg\",\"contentUrl\":\"https:\\\/\\\/liisaaddi.com\\\/wp-content\\\/uploads\\\/2025\\\/11\\\/istutasid6copyopy.jpg\",\"width\":2000,\"height\":2011},{\"@type\":\"BreadcrumbList\",\"@id\":\"https:\\\/\\\/liisaaddi.com\\\/et\\\/toode\\\/maal-algus\\\/#breadcrumb\",\"itemListElement\":[{\"@type\":\"ListItem\",\"position\":1,\"name\":\"Home\",\"item\":\"https:\\\/\\\/liisaaddi.com\\\/et\\\/\"},{\"@type\":\"ListItem\",\"position\":2,\"name\":\"Pood\",\"item\":\"https:\\\/\\\/liisaaddi.com\\\/pood\\\/\"},{\"@type\":\"ListItem\",\"position\":3,\"name\":\"Maal &#8220;Algus&#8221;\"}]},{\"@type\":\"WebSite\",\"@id\":\"https:\\\/\\\/liisaaddi.com\\\/et\\\/en\\\/#website\",\"url\":\"https:\\\/\\\/liisaaddi.com\\\/et\\\/en\\\/\",\"name\":\"Liisa Addi\",\"description\":\"Liisa Addi blogi\",\"publisher\":{\"@id\":\"https:\\\/\\\/liisaaddi.com\\\/et\\\/en\\\/#\\\/schema\\\/person\\\/9655046d637f4b121f54a514deec74ba\"},\"potentialAction\":[{\"@type\":\"SearchAction\",\"target\":{\"@type\":\"EntryPoint\",\"urlTemplate\":\"https:\\\/\\\/liisaaddi.com\\\/et\\\/en\\\/?s={search_term_string}\"},\"query-input\":{\"@type\":\"PropertyValueSpecification\",\"valueRequired\":true,\"valueName\":\"search_term_string\"}}],\"inLanguage\":\"et\"},{\"@type\":[\"Person\",\"Organization\"],\"@id\":\"https:\\\/\\\/liisaaddi.com\\\/et\\\/en\\\/#\\\/schema\\\/person\\\/9655046d637f4b121f54a514deec74ba\",\"name\":\"addi\",\"image\":{\"@type\":\"ImageObject\",\"inLanguage\":\"et\",\"@id\":\"https:\\\/\\\/liisaaddi.com\\\/wp-content\\\/uploads\\\/2025\\\/07\\\/liisa_addi.png\",\"url\":\"https:\\\/\\\/liisaaddi.com\\\/wp-content\\\/uploads\\\/2025\\\/07\\\/liisa_addi.png\",\"contentUrl\":\"https:\\\/\\\/liisaaddi.com\\\/wp-content\\\/uploads\\\/2025\\\/07\\\/liisa_addi.png\",\"width\":1200,\"height\":630,\"caption\":\"addi\"},\"logo\":{\"@id\":\"https:\\\/\\\/liisaaddi.com\\\/wp-content\\\/uploads\\\/2025\\\/07\\\/liisa_addi.png\"}}]}<\/script>\n<!-- \/ Yoast SEO plugin. -->","yoast_head_json":{"title":"Maal \"Algus\" - AddiDraws","robots":{"index":"index","follow":"follow","max-snippet":"max-snippet:-1","max-image-preview":"max-image-preview:large","max-video-preview":"max-video-preview:-1"},"canonical":"https:\/\/liisaaddi.com\/et\/toode\/maal-algus\/","og_locale":"et_EE","og_type":"article","og_title":"Maal \"Algus\" - AddiDraws","og_description":"Originaalteos \"Algus.\" 130 x 90 cm, akr\u00fc\u00fcl l\u00f5uendil. V\u00f5ib-olla kujutasid sa lapsena ette m\u00f5nda tegelast v\u00f5i olendit, kes tundus eriline: kedagi, kellele sageli m\u00f5tlesid, ise teadmata miks. \u00c4kki oli see sinu sisemine tugevus, mis v\u00f5ttis kuju: vaikne kaitsja, kelle sa l\u00f5id, et tulla toime segase ja hirmutava maailmaga. Isegi kui elu on olnud raske, on see tugevus alati sinuga olnud. See on t\u00f5end sellest, et su s\u00fcda oskab terveneda ja edasi liikuda.See j\u00f5ud on sinus kogu aeg olnud: rahulik, \u00f5rn ja julge. Selles teoses, Liisa Addi peegeldab oma Alter Ego tekkimist: lapsep\u00f5lvest kaasa tulnud kaitsja.","og_url":"https:\/\/liisaaddi.com\/et\/toode\/maal-algus\/","og_site_name":"AddiDraws","article_modified_time":"2025-11-13T17:02:33+00:00","og_image":[{"width":2000,"height":2011,"url":"https:\/\/liisaaddi.com\/wp-content\/uploads\/2025\/11\/istutasid6copyopy.jpg","type":"image\/jpeg"}],"twitter_card":"summary_large_image","twitter_misc":{"Est. reading time":"1 minut"},"schema":{"@context":"https:\/\/schema.org","@graph":[{"@type":"WebPage","@id":"https:\/\/liisaaddi.com\/et\/toode\/maal-algus\/","url":"https:\/\/liisaaddi.com\/et\/toode\/maal-algus\/","name":"Maal \"Algus\" - AddiDraws","isPartOf":{"@id":"https:\/\/liisaaddi.com\/et\/en\/#website"},"primaryImageOfPage":{"@id":"https:\/\/liisaaddi.com\/et\/toode\/maal-algus\/#primaryimage"},"image":{"@id":"https:\/\/liisaaddi.com\/et\/toode\/maal-algus\/#primaryimage"},"thumbnailUrl":"https:\/\/liisaaddi.com\/wp-content\/uploads\/2025\/11\/istutasid6copyopy.jpg","datePublished":"2025-11-13T16:53:49+00:00","dateModified":"2025-11-13T17:02:33+00:00","breadcrumb":{"@id":"https:\/\/liisaaddi.com\/et\/toode\/maal-algus\/#breadcrumb"},"inLanguage":"et","potentialAction":[{"@type":"ReadAction","target":["https:\/\/liisaaddi.com\/et\/toode\/maal-algus\/"]}]},{"@type":"ImageObject","inLanguage":"et","@id":"https:\/\/liisaaddi.com\/et\/toode\/maal-algus\/#primaryimage","url":"https:\/\/liisaaddi.com\/wp-content\/uploads\/2025\/11\/istutasid6copyopy.jpg","contentUrl":"https:\/\/liisaaddi.com\/wp-content\/uploads\/2025\/11\/istutasid6copyopy.jpg","width":2000,"height":2011},{"@type":"BreadcrumbList","@id":"https:\/\/liisaaddi.com\/et\/toode\/maal-algus\/#breadcrumb","itemListElement":[{"@type":"ListItem","position":1,"name":"Home","item":"https:\/\/liisaaddi.com\/et\/"},{"@type":"ListItem","position":2,"name":"Pood","item":"https:\/\/liisaaddi.com\/pood\/"},{"@type":"ListItem","position":3,"name":"Maal &#8220;Algus&#8221;"}]},{"@type":"WebSite","@id":"https:\/\/liisaaddi.com\/et\/en\/#website","url":"https:\/\/liisaaddi.com\/et\/en\/","name":"Liisa Addi","description":"Liisa Addi blogi","publisher":{"@id":"https:\/\/liisaaddi.com\/et\/en\/#\/schema\/person\/9655046d637f4b121f54a514deec74ba"},"potentialAction":[{"@type":"SearchAction","target":{"@type":"EntryPoint","urlTemplate":"https:\/\/liisaaddi.com\/et\/en\/?s={search_term_string}"},"query-input":{"@type":"PropertyValueSpecification","valueRequired":true,"valueName":"search_term_string"}}],"inLanguage":"et"},{"@type":["Person","Organization"],"@id":"https:\/\/liisaaddi.com\/et\/en\/#\/schema\/person\/9655046d637f4b121f54a514deec74ba","name":"addi","image":{"@type":"ImageObject","inLanguage":"et","@id":"https:\/\/liisaaddi.com\/wp-content\/uploads\/2025\/07\/liisa_addi.png","url":"https:\/\/liisaaddi.com\/wp-content\/uploads\/2025\/07\/liisa_addi.png","contentUrl":"https:\/\/liisaaddi.com\/wp-content\/uploads\/2025\/07\/liisa_addi.png","width":1200,"height":630,"caption":"addi"},"logo":{"@id":"https:\/\/liisaaddi.com\/wp-content\/uploads\/2025\/07\/liisa_addi.png"}}]}},"_links":{"self":[{"href":"https:\/\/liisaaddi.com\/et\/wp-json\/wp\/v2\/product\/7322","targetHints":{"allow":["GET"]}}],"collection":[{"href":"https:\/\/liisaaddi.com\/et\/wp-json\/wp\/v2\/product"}],"about":[{"href":"https:\/\/liisaaddi.com\/et\/wp-json\/wp\/v2\/types\/product"}],"wp:featuredmedia":[{"embeddable":true,"href":"https:\/\/liisaaddi.com\/et\/wp-json\/wp\/v2\/media\/7325"}],"wp:attachment":[{"href":"https:\/\/liisaaddi.com\/et\/wp-json\/wp\/v2\/media?parent=7322"}],"wp:term":[{"taxonomy":"product_brand","embeddable":true,"href":"https:\/\/liisaaddi.com\/et\/wp-json\/wp\/v2\/product_brand?post=7322"},{"taxonomy":"product_cat","embeddable":true,"href":"https:\/\/liisaaddi.com\/et\/wp-json\/wp\/v2\/product_cat?post=7322"},{"taxonomy":"product_tag","embeddable":true,"href":"https:\/\/liisaaddi.com\/et\/wp-json\/wp\/v2\/product_tag?post=7322"}],"curies":[{"name":"wp","href":"https:\/\/api.w.org\/{rel}","templated":true}]}}