{"id":7294,"date":"2025-10-22T10:44:43","date_gmt":"2025-10-22T07:44:43","guid":{"rendered":"https:\/\/liisaaddi.com\/?post_type=product&#038;p=7294"},"modified":"2025-10-30T13:39:53","modified_gmt":"2025-10-30T11:39:53","slug":"maal-leides-segaduses-rahu","status":"publish","type":"product","link":"https:\/\/liisaaddi.com\/et\/toode\/maal-leides-segaduses-rahu\/","title":{"rendered":"Maal &#8220;Leides segaduses rahu&#8221;"},"content":{"rendered":"<p>Oma n\u00f5rkustest tuleb teha oma tugevused.<span class=\"Apple-converted-space\"> \u00a0<\/span>Oma h\u00e4bist leida inspiratsiooni. See teos peegeldab seda, kuidas olles nii omamoodi ja veider, tuleb sellest \u00fcle olla ning omaks v\u00f5tta.<span class=\"Apple-converted-space\"> \u00a0<\/span>K\u00f5ik oma v\u00e4rvikad ja keerukad k\u00fcljed.<span class=\"Apple-converted-space\"> \u00a0<\/span>Tulbid on metafoor uutele algustele: me v\u00f5ime alati uuesti alustada, nii palju kordi kui vajalik. Alati uhkelt ning v\u00e4rvikalt.<\/p>\n","protected":false},"excerpt":{"rendered":"<p>60 x 80 cm, akr\u00fc\u00fcl l\u00f5uendil.<\/p>\n<p>Oma n\u00f5rkustest tuleb teha oma tugevused.<span class=\"Apple-converted-space\"> \u00a0<\/span>Oma h\u00e4bist leida inspiratsiooni. See teos peegeldab seda, kuidas olles nii omamoodi ja veider, tuleb sellest \u00fcle olla ning omaks v\u00f5tta.<span class=\"Apple-converted-space\"> \u00a0<\/span>K\u00f5ik oma v\u00e4rvikad ja keerukad k\u00fcljed.<span class=\"Apple-converted-space\"> \u00a0<\/span>Tulbid on metafoor uutele algustele: me v\u00f5ime alati uuesti alustada, nii palju kordi kui vajalik. Alati uhkelt ning v\u00e4rvikalt.<\/p>\n","protected":false},"featured_media":7296,"template":"","meta":[],"product_brand":[],"product_cat":[241],"product_tag":[],"class_list":{"0":"post-7294","1":"product","2":"type-product","3":"status-publish","4":"has-post-thumbnail","6":"product_cat-originaal-kunstiteosed","8":"first","9":"outofstock","10":"taxable","11":"shipping-taxable","12":"purchasable","13":"product-type-simple"},"yoast_head":"<!-- This site is optimized with the Yoast SEO plugin v27.3 - https:\/\/yoast.com\/product\/yoast-seo-wordpress\/ -->\n<title>Maal &quot;Leides segaduses rahu&quot; - AddiDraws<\/title>\n<meta name=\"robots\" content=\"index, follow, max-snippet:-1, max-image-preview:large, max-video-preview:-1\" \/>\n<link rel=\"canonical\" href=\"https:\/\/liisaaddi.com\/et\/toode\/maal-leides-segaduses-rahu\/\" \/>\n<meta property=\"og:locale\" content=\"et_EE\" \/>\n<meta property=\"og:type\" content=\"article\" \/>\n<meta property=\"og:title\" content=\"Maal &quot;Leides segaduses rahu&quot; - AddiDraws\" \/>\n<meta property=\"og:description\" content=\"60 x 80 cm, akr\u00fc\u00fcl l\u00f5uendil.  Oma n\u00f5rkustest tuleb teha oma tugevused. \u00a0Oma h\u00e4bist leida inspiratsiooni. See teos peegeldab seda, kuidas olles nii omamoodi ja veider, tuleb sellest \u00fcle olla ning omaks v\u00f5tta. \u00a0K\u00f5ik oma v\u00e4rvikad ja keerukad k\u00fcljed. \u00a0Tulbid on metafoor uutele algustele: me v\u00f5ime alati uuesti alustada, nii palju kordi kui vajalik. Alati uhkelt ning v\u00e4rvikalt.\" \/>\n<meta property=\"og:url\" content=\"https:\/\/liisaaddi.com\/et\/toode\/maal-leides-segaduses-rahu\/\" \/>\n<meta property=\"og:site_name\" content=\"AddiDraws\" \/>\n<meta property=\"article:modified_time\" content=\"2025-10-30T11:39:53+00:00\" \/>\n<meta property=\"og:image\" content=\"https:\/\/liisaaddi.com\/wp-content\/uploads\/2025\/10\/IMG_0351.jpg\" \/>\n\t<meta property=\"og:image:width\" content=\"1200\" \/>\n\t<meta property=\"og:image:height\" content=\"1200\" \/>\n\t<meta property=\"og:image:type\" content=\"image\/jpeg\" \/>\n<meta name=\"twitter:card\" content=\"summary_large_image\" \/>\n<meta name=\"twitter:label1\" content=\"Est. reading time\" \/>\n\t<meta name=\"twitter:data1\" content=\"1 minut\" \/>\n<script type=\"application\/ld+json\" class=\"yoast-schema-graph\">{\"@context\":\"https:\\\/\\\/schema.org\",\"@graph\":[{\"@type\":\"WebPage\",\"@id\":\"https:\\\/\\\/liisaaddi.com\\\/et\\\/toode\\\/maal-leides-segaduses-rahu\\\/\",\"url\":\"https:\\\/\\\/liisaaddi.com\\\/et\\\/toode\\\/maal-leides-segaduses-rahu\\\/\",\"name\":\"Maal \\\"Leides segaduses rahu\\\" - AddiDraws\",\"isPartOf\":{\"@id\":\"https:\\\/\\\/liisaaddi.com\\\/et\\\/en\\\/#website\"},\"primaryImageOfPage\":{\"@id\":\"https:\\\/\\\/liisaaddi.com\\\/et\\\/toode\\\/maal-leides-segaduses-rahu\\\/#primaryimage\"},\"image\":{\"@id\":\"https:\\\/\\\/liisaaddi.com\\\/et\\\/toode\\\/maal-leides-segaduses-rahu\\\/#primaryimage\"},\"thumbnailUrl\":\"https:\\\/\\\/liisaaddi.com\\\/wp-content\\\/uploads\\\/2025\\\/10\\\/IMG_0351.jpg\",\"datePublished\":\"2025-10-22T07:44:43+00:00\",\"dateModified\":\"2025-10-30T11:39:53+00:00\",\"breadcrumb\":{\"@id\":\"https:\\\/\\\/liisaaddi.com\\\/et\\\/toode\\\/maal-leides-segaduses-rahu\\\/#breadcrumb\"},\"inLanguage\":\"et\",\"potentialAction\":[{\"@type\":\"ReadAction\",\"target\":[\"https:\\\/\\\/liisaaddi.com\\\/et\\\/toode\\\/maal-leides-segaduses-rahu\\\/\"]}]},{\"@type\":\"ImageObject\",\"inLanguage\":\"et\",\"@id\":\"https:\\\/\\\/liisaaddi.com\\\/et\\\/toode\\\/maal-leides-segaduses-rahu\\\/#primaryimage\",\"url\":\"https:\\\/\\\/liisaaddi.com\\\/wp-content\\\/uploads\\\/2025\\\/10\\\/IMG_0351.jpg\",\"contentUrl\":\"https:\\\/\\\/liisaaddi.com\\\/wp-content\\\/uploads\\\/2025\\\/10\\\/IMG_0351.jpg\",\"width\":1200,\"height\":1200},{\"@type\":\"BreadcrumbList\",\"@id\":\"https:\\\/\\\/liisaaddi.com\\\/et\\\/toode\\\/maal-leides-segaduses-rahu\\\/#breadcrumb\",\"itemListElement\":[{\"@type\":\"ListItem\",\"position\":1,\"name\":\"Home\",\"item\":\"https:\\\/\\\/liisaaddi.com\\\/et\\\/\"},{\"@type\":\"ListItem\",\"position\":2,\"name\":\"Pood\",\"item\":\"https:\\\/\\\/liisaaddi.com\\\/pood\\\/\"},{\"@type\":\"ListItem\",\"position\":3,\"name\":\"Maal &#8220;Leides segaduses rahu&#8221;\"}]},{\"@type\":\"WebSite\",\"@id\":\"https:\\\/\\\/liisaaddi.com\\\/et\\\/en\\\/#website\",\"url\":\"https:\\\/\\\/liisaaddi.com\\\/et\\\/en\\\/\",\"name\":\"Liisa Addi\",\"description\":\"Liisa Addi blogi\",\"publisher\":{\"@id\":\"https:\\\/\\\/liisaaddi.com\\\/et\\\/en\\\/#\\\/schema\\\/person\\\/9655046d637f4b121f54a514deec74ba\"},\"potentialAction\":[{\"@type\":\"SearchAction\",\"target\":{\"@type\":\"EntryPoint\",\"urlTemplate\":\"https:\\\/\\\/liisaaddi.com\\\/et\\\/en\\\/?s={search_term_string}\"},\"query-input\":{\"@type\":\"PropertyValueSpecification\",\"valueRequired\":true,\"valueName\":\"search_term_string\"}}],\"inLanguage\":\"et\"},{\"@type\":[\"Person\",\"Organization\"],\"@id\":\"https:\\\/\\\/liisaaddi.com\\\/et\\\/en\\\/#\\\/schema\\\/person\\\/9655046d637f4b121f54a514deec74ba\",\"name\":\"addi\",\"image\":{\"@type\":\"ImageObject\",\"inLanguage\":\"et\",\"@id\":\"https:\\\/\\\/liisaaddi.com\\\/wp-content\\\/uploads\\\/2025\\\/07\\\/liisa_addi.png\",\"url\":\"https:\\\/\\\/liisaaddi.com\\\/wp-content\\\/uploads\\\/2025\\\/07\\\/liisa_addi.png\",\"contentUrl\":\"https:\\\/\\\/liisaaddi.com\\\/wp-content\\\/uploads\\\/2025\\\/07\\\/liisa_addi.png\",\"width\":1200,\"height\":630,\"caption\":\"addi\"},\"logo\":{\"@id\":\"https:\\\/\\\/liisaaddi.com\\\/wp-content\\\/uploads\\\/2025\\\/07\\\/liisa_addi.png\"}}]}<\/script>\n<!-- \/ Yoast SEO plugin. -->","yoast_head_json":{"title":"Maal \"Leides segaduses rahu\" - AddiDraws","robots":{"index":"index","follow":"follow","max-snippet":"max-snippet:-1","max-image-preview":"max-image-preview:large","max-video-preview":"max-video-preview:-1"},"canonical":"https:\/\/liisaaddi.com\/et\/toode\/maal-leides-segaduses-rahu\/","og_locale":"et_EE","og_type":"article","og_title":"Maal \"Leides segaduses rahu\" - AddiDraws","og_description":"60 x 80 cm, akr\u00fc\u00fcl l\u00f5uendil.  Oma n\u00f5rkustest tuleb teha oma tugevused. \u00a0Oma h\u00e4bist leida inspiratsiooni. See teos peegeldab seda, kuidas olles nii omamoodi ja veider, tuleb sellest \u00fcle olla ning omaks v\u00f5tta. \u00a0K\u00f5ik oma v\u00e4rvikad ja keerukad k\u00fcljed. \u00a0Tulbid on metafoor uutele algustele: me v\u00f5ime alati uuesti alustada, nii palju kordi kui vajalik. Alati uhkelt ning v\u00e4rvikalt.","og_url":"https:\/\/liisaaddi.com\/et\/toode\/maal-leides-segaduses-rahu\/","og_site_name":"AddiDraws","article_modified_time":"2025-10-30T11:39:53+00:00","og_image":[{"width":1200,"height":1200,"url":"https:\/\/liisaaddi.com\/wp-content\/uploads\/2025\/10\/IMG_0351.jpg","type":"image\/jpeg"}],"twitter_card":"summary_large_image","twitter_misc":{"Est. reading time":"1 minut"},"schema":{"@context":"https:\/\/schema.org","@graph":[{"@type":"WebPage","@id":"https:\/\/liisaaddi.com\/et\/toode\/maal-leides-segaduses-rahu\/","url":"https:\/\/liisaaddi.com\/et\/toode\/maal-leides-segaduses-rahu\/","name":"Maal \"Leides segaduses rahu\" - AddiDraws","isPartOf":{"@id":"https:\/\/liisaaddi.com\/et\/en\/#website"},"primaryImageOfPage":{"@id":"https:\/\/liisaaddi.com\/et\/toode\/maal-leides-segaduses-rahu\/#primaryimage"},"image":{"@id":"https:\/\/liisaaddi.com\/et\/toode\/maal-leides-segaduses-rahu\/#primaryimage"},"thumbnailUrl":"https:\/\/liisaaddi.com\/wp-content\/uploads\/2025\/10\/IMG_0351.jpg","datePublished":"2025-10-22T07:44:43+00:00","dateModified":"2025-10-30T11:39:53+00:00","breadcrumb":{"@id":"https:\/\/liisaaddi.com\/et\/toode\/maal-leides-segaduses-rahu\/#breadcrumb"},"inLanguage":"et","potentialAction":[{"@type":"ReadAction","target":["https:\/\/liisaaddi.com\/et\/toode\/maal-leides-segaduses-rahu\/"]}]},{"@type":"ImageObject","inLanguage":"et","@id":"https:\/\/liisaaddi.com\/et\/toode\/maal-leides-segaduses-rahu\/#primaryimage","url":"https:\/\/liisaaddi.com\/wp-content\/uploads\/2025\/10\/IMG_0351.jpg","contentUrl":"https:\/\/liisaaddi.com\/wp-content\/uploads\/2025\/10\/IMG_0351.jpg","width":1200,"height":1200},{"@type":"BreadcrumbList","@id":"https:\/\/liisaaddi.com\/et\/toode\/maal-leides-segaduses-rahu\/#breadcrumb","itemListElement":[{"@type":"ListItem","position":1,"name":"Home","item":"https:\/\/liisaaddi.com\/et\/"},{"@type":"ListItem","position":2,"name":"Pood","item":"https:\/\/liisaaddi.com\/pood\/"},{"@type":"ListItem","position":3,"name":"Maal &#8220;Leides segaduses rahu&#8221;"}]},{"@type":"WebSite","@id":"https:\/\/liisaaddi.com\/et\/en\/#website","url":"https:\/\/liisaaddi.com\/et\/en\/","name":"Liisa Addi","description":"Liisa Addi blogi","publisher":{"@id":"https:\/\/liisaaddi.com\/et\/en\/#\/schema\/person\/9655046d637f4b121f54a514deec74ba"},"potentialAction":[{"@type":"SearchAction","target":{"@type":"EntryPoint","urlTemplate":"https:\/\/liisaaddi.com\/et\/en\/?s={search_term_string}"},"query-input":{"@type":"PropertyValueSpecification","valueRequired":true,"valueName":"search_term_string"}}],"inLanguage":"et"},{"@type":["Person","Organization"],"@id":"https:\/\/liisaaddi.com\/et\/en\/#\/schema\/person\/9655046d637f4b121f54a514deec74ba","name":"addi","image":{"@type":"ImageObject","inLanguage":"et","@id":"https:\/\/liisaaddi.com\/wp-content\/uploads\/2025\/07\/liisa_addi.png","url":"https:\/\/liisaaddi.com\/wp-content\/uploads\/2025\/07\/liisa_addi.png","contentUrl":"https:\/\/liisaaddi.com\/wp-content\/uploads\/2025\/07\/liisa_addi.png","width":1200,"height":630,"caption":"addi"},"logo":{"@id":"https:\/\/liisaaddi.com\/wp-content\/uploads\/2025\/07\/liisa_addi.png"}}]}},"_links":{"self":[{"href":"https:\/\/liisaaddi.com\/et\/wp-json\/wp\/v2\/product\/7294","targetHints":{"allow":["GET"]}}],"collection":[{"href":"https:\/\/liisaaddi.com\/et\/wp-json\/wp\/v2\/product"}],"about":[{"href":"https:\/\/liisaaddi.com\/et\/wp-json\/wp\/v2\/types\/product"}],"wp:featuredmedia":[{"embeddable":true,"href":"https:\/\/liisaaddi.com\/et\/wp-json\/wp\/v2\/media\/7296"}],"wp:attachment":[{"href":"https:\/\/liisaaddi.com\/et\/wp-json\/wp\/v2\/media?parent=7294"}],"wp:term":[{"taxonomy":"product_brand","embeddable":true,"href":"https:\/\/liisaaddi.com\/et\/wp-json\/wp\/v2\/product_brand?post=7294"},{"taxonomy":"product_cat","embeddable":true,"href":"https:\/\/liisaaddi.com\/et\/wp-json\/wp\/v2\/product_cat?post=7294"},{"taxonomy":"product_tag","embeddable":true,"href":"https:\/\/liisaaddi.com\/et\/wp-json\/wp\/v2\/product_tag?post=7294"}],"curies":[{"name":"wp","href":"https:\/\/api.w.org\/{rel}","templated":true}]}}