{"id":7288,"date":"2025-10-22T10:27:34","date_gmt":"2025-10-22T07:27:34","guid":{"rendered":"https:\/\/liisaaddi.com\/?post_type=product&#038;p=7288"},"modified":"2025-11-19T14:04:19","modified_gmt":"2025-11-19T12:04:19","slug":"must-lammas-votmehoidja","status":"publish","type":"product","link":"https:\/\/liisaaddi.com\/et\/toode\/must-lammas-votmehoidja\/","title":{"rendered":"&#8220;Must lammas&#8221; v\u00f5tmehoidja"},"content":{"rendered":"<p>Kanna endaga Musta Lammast kaasas igap\u00e4evategevustel. Hea kaaslane stressirohketes olukordades: Must Lammas on t\u00e4is v\u00e4ikseid klaaskuulikesi ning on hea mudida. Armas ja praktiline s\u00f5ber.<\/p>\n<p>Kinnita n\u00e4iteks v\u00f5tmete, koti v\u00f5i p\u00fckste k\u00fclge.<\/p>\n<p>Materjalid: v\u00e4ljast samet, sees miniatuursed klaaskuulid.<\/p>\n<p>M\u00f5\u00f5dud: laius 13 cm, k\u00f5rgus 11 cm.<\/p>\n<p>Toodetud Eestis.<\/p>\n","protected":false},"excerpt":{"rendered":"<p>Kanna endaga Musta Lammast kaasas igap\u00e4evategevustel. Hea kaaslane stressirohketes olukordades: Must Lammas on t\u00e4is v\u00e4ikseid klaaskuulikesi ning on hea mudida. Armas ja praktiline s\u00f5ber.<\/p>\n<p>Kinnita n\u00e4iteks v\u00f5tmete, koti v\u00f5i p\u00fckste k\u00fclge.<\/p>\n<p>Materjalid: v\u00e4ljast samet, sees miniatuursed klaaskuulid.<\/p>\n<p>M\u00f5\u00f5dud: laius 13 cm, k\u00f5rgus 11 cm.<\/p>\n<p>Eesti k\u00e4sit\u00f6\u00f6.<\/p>\n","protected":false},"featured_media":7290,"template":"","meta":[],"product_brand":[],"product_cat":[242],"product_tag":[],"class_list":{"0":"post-7288","1":"product","2":"type-product","3":"status-publish","4":"has-post-thumbnail","6":"product_cat-kingid","8":"first","9":"instock","10":"taxable","11":"shipping-taxable","12":"purchasable","13":"product-type-simple"},"yoast_head":"<!-- This site is optimized with the Yoast SEO plugin v27.3 - https:\/\/yoast.com\/product\/yoast-seo-wordpress\/ -->\n<title>&quot;Must lammas&quot; v\u00f5tmehoidja - AddiDraws<\/title>\n<meta name=\"robots\" content=\"index, follow, max-snippet:-1, max-image-preview:large, max-video-preview:-1\" \/>\n<link rel=\"canonical\" href=\"https:\/\/liisaaddi.com\/et\/toode\/must-lammas-votmehoidja\/\" \/>\n<meta property=\"og:locale\" content=\"et_EE\" \/>\n<meta property=\"og:type\" content=\"article\" \/>\n<meta property=\"og:title\" content=\"&quot;Must lammas&quot; v\u00f5tmehoidja - AddiDraws\" \/>\n<meta property=\"og:description\" content=\"Kanna endaga Musta Lammast kaasas igap\u00e4evategevustel. Hea kaaslane stressirohketes olukordades: Must Lammas on t\u00e4is v\u00e4ikseid klaaskuulikesi ning on hea mudida. Armas ja praktiline s\u00f5ber.  Kinnita n\u00e4iteks v\u00f5tmete, koti v\u00f5i p\u00fckste k\u00fclge.  Materjalid: v\u00e4ljast samet, sees miniatuursed klaaskuulid.  M\u00f5\u00f5dud: laius 13 cm, k\u00f5rgus 11 cm.  Eesti k\u00e4sit\u00f6\u00f6.\" \/>\n<meta property=\"og:url\" content=\"https:\/\/liisaaddi.com\/et\/toode\/must-lammas-votmehoidja\/\" \/>\n<meta property=\"og:site_name\" content=\"AddiDraws\" \/>\n<meta property=\"article:modified_time\" content=\"2025-11-19T12:04:19+00:00\" \/>\n<meta property=\"og:image\" content=\"https:\/\/liisaaddi.com\/wp-content\/uploads\/2025\/10\/IMG_0349.jpg\" \/>\n\t<meta property=\"og:image:width\" content=\"1200\" \/>\n\t<meta property=\"og:image:height\" content=\"1200\" \/>\n\t<meta property=\"og:image:type\" content=\"image\/jpeg\" \/>\n<meta name=\"twitter:card\" content=\"summary_large_image\" \/>\n<meta name=\"twitter:label1\" content=\"Est. reading time\" \/>\n\t<meta name=\"twitter:data1\" content=\"1 minut\" \/>\n<script type=\"application\/ld+json\" class=\"yoast-schema-graph\">{\"@context\":\"https:\\\/\\\/schema.org\",\"@graph\":[{\"@type\":\"WebPage\",\"@id\":\"https:\\\/\\\/liisaaddi.com\\\/et\\\/toode\\\/must-lammas-votmehoidja\\\/\",\"url\":\"https:\\\/\\\/liisaaddi.com\\\/et\\\/toode\\\/must-lammas-votmehoidja\\\/\",\"name\":\"\\\"Must lammas\\\" v\u00f5tmehoidja - AddiDraws\",\"isPartOf\":{\"@id\":\"https:\\\/\\\/liisaaddi.com\\\/et\\\/en\\\/#website\"},\"primaryImageOfPage\":{\"@id\":\"https:\\\/\\\/liisaaddi.com\\\/et\\\/toode\\\/must-lammas-votmehoidja\\\/#primaryimage\"},\"image\":{\"@id\":\"https:\\\/\\\/liisaaddi.com\\\/et\\\/toode\\\/must-lammas-votmehoidja\\\/#primaryimage\"},\"thumbnailUrl\":\"https:\\\/\\\/liisaaddi.com\\\/wp-content\\\/uploads\\\/2025\\\/10\\\/IMG_0349.jpg\",\"datePublished\":\"2025-10-22T07:27:34+00:00\",\"dateModified\":\"2025-11-19T12:04:19+00:00\",\"breadcrumb\":{\"@id\":\"https:\\\/\\\/liisaaddi.com\\\/et\\\/toode\\\/must-lammas-votmehoidja\\\/#breadcrumb\"},\"inLanguage\":\"et\",\"potentialAction\":[{\"@type\":\"ReadAction\",\"target\":[\"https:\\\/\\\/liisaaddi.com\\\/et\\\/toode\\\/must-lammas-votmehoidja\\\/\"]}]},{\"@type\":\"ImageObject\",\"inLanguage\":\"et\",\"@id\":\"https:\\\/\\\/liisaaddi.com\\\/et\\\/toode\\\/must-lammas-votmehoidja\\\/#primaryimage\",\"url\":\"https:\\\/\\\/liisaaddi.com\\\/wp-content\\\/uploads\\\/2025\\\/10\\\/IMG_0349.jpg\",\"contentUrl\":\"https:\\\/\\\/liisaaddi.com\\\/wp-content\\\/uploads\\\/2025\\\/10\\\/IMG_0349.jpg\",\"width\":1200,\"height\":1200},{\"@type\":\"BreadcrumbList\",\"@id\":\"https:\\\/\\\/liisaaddi.com\\\/et\\\/toode\\\/must-lammas-votmehoidja\\\/#breadcrumb\",\"itemListElement\":[{\"@type\":\"ListItem\",\"position\":1,\"name\":\"Home\",\"item\":\"https:\\\/\\\/liisaaddi.com\\\/et\\\/\"},{\"@type\":\"ListItem\",\"position\":2,\"name\":\"Pood\",\"item\":\"https:\\\/\\\/liisaaddi.com\\\/pood\\\/\"},{\"@type\":\"ListItem\",\"position\":3,\"name\":\"&#8220;Must lammas&#8221; v\u00f5tmehoidja\"}]},{\"@type\":\"WebSite\",\"@id\":\"https:\\\/\\\/liisaaddi.com\\\/et\\\/en\\\/#website\",\"url\":\"https:\\\/\\\/liisaaddi.com\\\/et\\\/en\\\/\",\"name\":\"Liisa Addi\",\"description\":\"Liisa Addi blogi\",\"publisher\":{\"@id\":\"https:\\\/\\\/liisaaddi.com\\\/et\\\/en\\\/#\\\/schema\\\/person\\\/9655046d637f4b121f54a514deec74ba\"},\"potentialAction\":[{\"@type\":\"SearchAction\",\"target\":{\"@type\":\"EntryPoint\",\"urlTemplate\":\"https:\\\/\\\/liisaaddi.com\\\/et\\\/en\\\/?s={search_term_string}\"},\"query-input\":{\"@type\":\"PropertyValueSpecification\",\"valueRequired\":true,\"valueName\":\"search_term_string\"}}],\"inLanguage\":\"et\"},{\"@type\":[\"Person\",\"Organization\"],\"@id\":\"https:\\\/\\\/liisaaddi.com\\\/et\\\/en\\\/#\\\/schema\\\/person\\\/9655046d637f4b121f54a514deec74ba\",\"name\":\"addi\",\"image\":{\"@type\":\"ImageObject\",\"inLanguage\":\"et\",\"@id\":\"https:\\\/\\\/liisaaddi.com\\\/wp-content\\\/uploads\\\/2025\\\/07\\\/liisa_addi.png\",\"url\":\"https:\\\/\\\/liisaaddi.com\\\/wp-content\\\/uploads\\\/2025\\\/07\\\/liisa_addi.png\",\"contentUrl\":\"https:\\\/\\\/liisaaddi.com\\\/wp-content\\\/uploads\\\/2025\\\/07\\\/liisa_addi.png\",\"width\":1200,\"height\":630,\"caption\":\"addi\"},\"logo\":{\"@id\":\"https:\\\/\\\/liisaaddi.com\\\/wp-content\\\/uploads\\\/2025\\\/07\\\/liisa_addi.png\"}}]}<\/script>\n<!-- \/ Yoast SEO plugin. -->","yoast_head_json":{"title":"\"Must lammas\" v\u00f5tmehoidja - AddiDraws","robots":{"index":"index","follow":"follow","max-snippet":"max-snippet:-1","max-image-preview":"max-image-preview:large","max-video-preview":"max-video-preview:-1"},"canonical":"https:\/\/liisaaddi.com\/et\/toode\/must-lammas-votmehoidja\/","og_locale":"et_EE","og_type":"article","og_title":"\"Must lammas\" v\u00f5tmehoidja - AddiDraws","og_description":"Kanna endaga Musta Lammast kaasas igap\u00e4evategevustel. Hea kaaslane stressirohketes olukordades: Must Lammas on t\u00e4is v\u00e4ikseid klaaskuulikesi ning on hea mudida. Armas ja praktiline s\u00f5ber.  Kinnita n\u00e4iteks v\u00f5tmete, koti v\u00f5i p\u00fckste k\u00fclge.  Materjalid: v\u00e4ljast samet, sees miniatuursed klaaskuulid.  M\u00f5\u00f5dud: laius 13 cm, k\u00f5rgus 11 cm.  Eesti k\u00e4sit\u00f6\u00f6.","og_url":"https:\/\/liisaaddi.com\/et\/toode\/must-lammas-votmehoidja\/","og_site_name":"AddiDraws","article_modified_time":"2025-11-19T12:04:19+00:00","og_image":[{"width":1200,"height":1200,"url":"https:\/\/liisaaddi.com\/wp-content\/uploads\/2025\/10\/IMG_0349.jpg","type":"image\/jpeg"}],"twitter_card":"summary_large_image","twitter_misc":{"Est. reading time":"1 minut"},"schema":{"@context":"https:\/\/schema.org","@graph":[{"@type":"WebPage","@id":"https:\/\/liisaaddi.com\/et\/toode\/must-lammas-votmehoidja\/","url":"https:\/\/liisaaddi.com\/et\/toode\/must-lammas-votmehoidja\/","name":"\"Must lammas\" v\u00f5tmehoidja - AddiDraws","isPartOf":{"@id":"https:\/\/liisaaddi.com\/et\/en\/#website"},"primaryImageOfPage":{"@id":"https:\/\/liisaaddi.com\/et\/toode\/must-lammas-votmehoidja\/#primaryimage"},"image":{"@id":"https:\/\/liisaaddi.com\/et\/toode\/must-lammas-votmehoidja\/#primaryimage"},"thumbnailUrl":"https:\/\/liisaaddi.com\/wp-content\/uploads\/2025\/10\/IMG_0349.jpg","datePublished":"2025-10-22T07:27:34+00:00","dateModified":"2025-11-19T12:04:19+00:00","breadcrumb":{"@id":"https:\/\/liisaaddi.com\/et\/toode\/must-lammas-votmehoidja\/#breadcrumb"},"inLanguage":"et","potentialAction":[{"@type":"ReadAction","target":["https:\/\/liisaaddi.com\/et\/toode\/must-lammas-votmehoidja\/"]}]},{"@type":"ImageObject","inLanguage":"et","@id":"https:\/\/liisaaddi.com\/et\/toode\/must-lammas-votmehoidja\/#primaryimage","url":"https:\/\/liisaaddi.com\/wp-content\/uploads\/2025\/10\/IMG_0349.jpg","contentUrl":"https:\/\/liisaaddi.com\/wp-content\/uploads\/2025\/10\/IMG_0349.jpg","width":1200,"height":1200},{"@type":"BreadcrumbList","@id":"https:\/\/liisaaddi.com\/et\/toode\/must-lammas-votmehoidja\/#breadcrumb","itemListElement":[{"@type":"ListItem","position":1,"name":"Home","item":"https:\/\/liisaaddi.com\/et\/"},{"@type":"ListItem","position":2,"name":"Pood","item":"https:\/\/liisaaddi.com\/pood\/"},{"@type":"ListItem","position":3,"name":"&#8220;Must lammas&#8221; v\u00f5tmehoidja"}]},{"@type":"WebSite","@id":"https:\/\/liisaaddi.com\/et\/en\/#website","url":"https:\/\/liisaaddi.com\/et\/en\/","name":"Liisa Addi","description":"Liisa Addi blogi","publisher":{"@id":"https:\/\/liisaaddi.com\/et\/en\/#\/schema\/person\/9655046d637f4b121f54a514deec74ba"},"potentialAction":[{"@type":"SearchAction","target":{"@type":"EntryPoint","urlTemplate":"https:\/\/liisaaddi.com\/et\/en\/?s={search_term_string}"},"query-input":{"@type":"PropertyValueSpecification","valueRequired":true,"valueName":"search_term_string"}}],"inLanguage":"et"},{"@type":["Person","Organization"],"@id":"https:\/\/liisaaddi.com\/et\/en\/#\/schema\/person\/9655046d637f4b121f54a514deec74ba","name":"addi","image":{"@type":"ImageObject","inLanguage":"et","@id":"https:\/\/liisaaddi.com\/wp-content\/uploads\/2025\/07\/liisa_addi.png","url":"https:\/\/liisaaddi.com\/wp-content\/uploads\/2025\/07\/liisa_addi.png","contentUrl":"https:\/\/liisaaddi.com\/wp-content\/uploads\/2025\/07\/liisa_addi.png","width":1200,"height":630,"caption":"addi"},"logo":{"@id":"https:\/\/liisaaddi.com\/wp-content\/uploads\/2025\/07\/liisa_addi.png"}}]}},"_links":{"self":[{"href":"https:\/\/liisaaddi.com\/et\/wp-json\/wp\/v2\/product\/7288","targetHints":{"allow":["GET"]}}],"collection":[{"href":"https:\/\/liisaaddi.com\/et\/wp-json\/wp\/v2\/product"}],"about":[{"href":"https:\/\/liisaaddi.com\/et\/wp-json\/wp\/v2\/types\/product"}],"wp:featuredmedia":[{"embeddable":true,"href":"https:\/\/liisaaddi.com\/et\/wp-json\/wp\/v2\/media\/7290"}],"wp:attachment":[{"href":"https:\/\/liisaaddi.com\/et\/wp-json\/wp\/v2\/media?parent=7288"}],"wp:term":[{"taxonomy":"product_brand","embeddable":true,"href":"https:\/\/liisaaddi.com\/et\/wp-json\/wp\/v2\/product_brand?post=7288"},{"taxonomy":"product_cat","embeddable":true,"href":"https:\/\/liisaaddi.com\/et\/wp-json\/wp\/v2\/product_cat?post=7288"},{"taxonomy":"product_tag","embeddable":true,"href":"https:\/\/liisaaddi.com\/et\/wp-json\/wp\/v2\/product_tag?post=7288"}],"curies":[{"name":"wp","href":"https:\/\/api.w.org\/{rel}","templated":true}]}}