{"id":7276,"date":"2025-10-21T13:47:29","date_gmt":"2025-10-21T10:47:29","guid":{"rendered":"https:\/\/liisaaddi.com\/?post_type=product&#038;p=7276"},"modified":"2025-11-24T15:50:56","modified_gmt":"2025-11-24T13:50:56","slug":"limiteeritud-trukis-koik-minust","status":"publish","type":"product","link":"https:\/\/liisaaddi.com\/et\/toode\/limiteeritud-trukis-koik-minust\/","title":{"rendered":"Limiteeritud tr\u00fckis \u201cK\u00f5ik minust&#8221;"},"content":{"rendered":"<div class=\"woocommerce-product-details__short-description\">\n<p><b>\u201cK\u00f5ik minust\u201d tr\u00fckk l\u00f5uendil.<\/b><\/p>\n<p>M\u00f5\u00f5dud: 43 x 60 cm, A2.<\/p>\n<p><strong>Limiteeritud koguses: 10\/10 tr\u00fckki.<\/strong><\/p>\n<p>Mis juhtub, kui hakkad n\u00e4itama k\u00f5iki oma k\u00fclgi? Mis v\u00e4rviline maailm sealt otsa vaatab? Liisa Addi peegeldab selles teoses oma v\u00e4rvikat sisemaailma, kirjuid m\u00f5tteid ning pehmeid unistusi. 19. sajandi l\u00f5pul kootud vaip, on loonud v\u00e4etise Liisa v\u00e4rvikale maailmale, et saada rohkem enesekindlust, et siin maailmas on rohkem v\u00e4rvi<span class=\"Apple-converted-space\">\u00a0<\/span>ning mitmek\u00fclgsust vaja. Alter Ego kaitseb Musta Lammast ning hoolitseb l\u00f5kke eest, et see kunagi ei kustuks. Kosmilised unistused ning tunne, et<span class=\"Apple-converted-space\"> \u00a0<\/span>ta on kui tulnukas siin planeedil, annab lootust pehmele ning arvestavale tulevikule. Me v\u00f5ime alustada uuesti nii tihti kui tarvis: t\u00e4htis on puhata, v\u00f5tta aega kuid hoida silmad horisondil.<span class=\"Apple-converted-space\">\u00a0<\/span><\/p>\n<\/div>\n","protected":false},"excerpt":{"rendered":"<p><b>\u201cK\u00f5ik minust\u201d tr\u00fckk l\u00f5uendil.<\/b><\/p>\n<p>M\u00f5\u00f5dud: 43 x 60 cm, A2.<\/p>\n<p><strong>Limiteeritud koguses: 10\/10 tr\u00fckki.<\/strong><\/p>\n<p>Mis juhtub, kui hakkad n\u00e4itama k\u00f5iki oma k\u00fclgi? Mis v\u00e4rviline maailm sealt otsa vaatab? Liisa Addi peegeldab selles teoses oma v\u00e4rvikat sisemaailma, kirjuid m\u00f5tteid ning pehmeid unistusi. 19. sajandi l\u00f5pul kootud vaip, on loonud v\u00e4etise Liisa v\u00e4rvikale maailmale, et saada rohkem enesekindlust, et siin maailmas on rohkem v\u00e4rvi ning mitmek\u00fclgsust vaja. Alter Ego kaitseb Musta Lammast ning hoolitseb l\u00f5kke eest, et see kunagi ei kustuks. Kosmilised unistused ning tunne, et<span class=\"Apple-converted-space\"> \u00a0<\/span>ta on kui tulnukas siin planeedil, annab lootust pehmele ning arvestavale tulevikule. Me v\u00f5ime alustada uuesti nii tihti kui tarvis: t\u00e4htis on puhata, v\u00f5tta aega kuid hoida silmad horisondil.<\/p>\n","protected":false},"featured_media":7250,"template":"","meta":[],"product_brand":[],"product_cat":[249],"product_tag":[],"class_list":{"0":"post-7276","1":"product","2":"type-product","3":"status-publish","4":"has-post-thumbnail","6":"product_cat-trukised","8":"first","9":"outofstock","10":"taxable","11":"shipping-taxable","12":"purchasable","13":"product-type-simple"},"yoast_head":"<!-- This site is optimized with the Yoast SEO plugin v27.3 - https:\/\/yoast.com\/product\/yoast-seo-wordpress\/ -->\n<title>Limiteeritud tr\u00fckis \u201cK\u00f5ik minust&quot; - AddiDraws<\/title>\n<meta name=\"robots\" content=\"index, follow, max-snippet:-1, max-image-preview:large, max-video-preview:-1\" \/>\n<link rel=\"canonical\" href=\"https:\/\/liisaaddi.com\/et\/toode\/limiteeritud-trukis-koik-minust\/\" \/>\n<meta property=\"og:locale\" content=\"et_EE\" \/>\n<meta property=\"og:type\" content=\"article\" \/>\n<meta property=\"og:title\" content=\"Limiteeritud tr\u00fckis \u201cK\u00f5ik minust&quot; - AddiDraws\" \/>\n<meta property=\"og:description\" content=\"\u201cK\u00f5ik minust\u201d tr\u00fckk l\u00f5uendil.  M\u00f5\u00f5dud: 43 x 60 cm, A2.  Limiteeritud koguses: 10\/10 tr\u00fckki.  Mis juhtub, kui hakkad n\u00e4itama k\u00f5iki oma k\u00fclgi? Mis v\u00e4rviline maailm sealt otsa vaatab? Liisa Addi peegeldab selles teoses oma v\u00e4rvikat sisemaailma, kirjuid m\u00f5tteid ning pehmeid unistusi. 19. sajandi l\u00f5pul kootud vaip, on loonud v\u00e4etise Liisa v\u00e4rvikale maailmale, et saada rohkem enesekindlust, et siin maailmas on rohkem v\u00e4rvi ning mitmek\u00fclgsust vaja. Alter Ego kaitseb Musta Lammast ning hoolitseb l\u00f5kke eest, et see kunagi ei kustuks. Kosmilised unistused ning tunne, et \u00a0ta on kui tulnukas siin planeedil, annab lootust pehmele ning arvestavale tulevikule. Me v\u00f5ime alustada uuesti nii tihti kui tarvis: t\u00e4htis on puhata, v\u00f5tta aega kuid hoida silmad horisondil.\" \/>\n<meta property=\"og:url\" content=\"https:\/\/liisaaddi.com\/et\/toode\/limiteeritud-trukis-koik-minust\/\" \/>\n<meta property=\"og:site_name\" content=\"AddiDraws\" \/>\n<meta property=\"article:modified_time\" content=\"2025-11-24T13:50:56+00:00\" \/>\n<meta property=\"og:image\" content=\"https:\/\/liisaaddi.com\/wp-content\/uploads\/2025\/10\/IMG_0341.jpg\" \/>\n\t<meta property=\"og:image:width\" content=\"1200\" \/>\n\t<meta property=\"og:image:height\" content=\"1200\" \/>\n\t<meta property=\"og:image:type\" content=\"image\/jpeg\" \/>\n<meta name=\"twitter:card\" content=\"summary_large_image\" \/>\n<meta name=\"twitter:label1\" content=\"Est. reading time\" \/>\n\t<meta name=\"twitter:data1\" content=\"1 minut\" \/>\n<script type=\"application\/ld+json\" class=\"yoast-schema-graph\">{\"@context\":\"https:\\\/\\\/schema.org\",\"@graph\":[{\"@type\":\"WebPage\",\"@id\":\"https:\\\/\\\/liisaaddi.com\\\/et\\\/toode\\\/limiteeritud-trukis-koik-minust\\\/\",\"url\":\"https:\\\/\\\/liisaaddi.com\\\/et\\\/toode\\\/limiteeritud-trukis-koik-minust\\\/\",\"name\":\"Limiteeritud tr\u00fckis \u201cK\u00f5ik minust\\\" - AddiDraws\",\"isPartOf\":{\"@id\":\"https:\\\/\\\/liisaaddi.com\\\/et\\\/en\\\/#website\"},\"primaryImageOfPage\":{\"@id\":\"https:\\\/\\\/liisaaddi.com\\\/et\\\/toode\\\/limiteeritud-trukis-koik-minust\\\/#primaryimage\"},\"image\":{\"@id\":\"https:\\\/\\\/liisaaddi.com\\\/et\\\/toode\\\/limiteeritud-trukis-koik-minust\\\/#primaryimage\"},\"thumbnailUrl\":\"https:\\\/\\\/liisaaddi.com\\\/wp-content\\\/uploads\\\/2025\\\/10\\\/IMG_0341.jpg\",\"datePublished\":\"2025-10-21T10:47:29+00:00\",\"dateModified\":\"2025-11-24T13:50:56+00:00\",\"breadcrumb\":{\"@id\":\"https:\\\/\\\/liisaaddi.com\\\/et\\\/toode\\\/limiteeritud-trukis-koik-minust\\\/#breadcrumb\"},\"inLanguage\":\"et\",\"potentialAction\":[{\"@type\":\"ReadAction\",\"target\":[\"https:\\\/\\\/liisaaddi.com\\\/et\\\/toode\\\/limiteeritud-trukis-koik-minust\\\/\"]}]},{\"@type\":\"ImageObject\",\"inLanguage\":\"et\",\"@id\":\"https:\\\/\\\/liisaaddi.com\\\/et\\\/toode\\\/limiteeritud-trukis-koik-minust\\\/#primaryimage\",\"url\":\"https:\\\/\\\/liisaaddi.com\\\/wp-content\\\/uploads\\\/2025\\\/10\\\/IMG_0341.jpg\",\"contentUrl\":\"https:\\\/\\\/liisaaddi.com\\\/wp-content\\\/uploads\\\/2025\\\/10\\\/IMG_0341.jpg\",\"width\":1200,\"height\":1200},{\"@type\":\"BreadcrumbList\",\"@id\":\"https:\\\/\\\/liisaaddi.com\\\/et\\\/toode\\\/limiteeritud-trukis-koik-minust\\\/#breadcrumb\",\"itemListElement\":[{\"@type\":\"ListItem\",\"position\":1,\"name\":\"Home\",\"item\":\"https:\\\/\\\/liisaaddi.com\\\/et\\\/\"},{\"@type\":\"ListItem\",\"position\":2,\"name\":\"Pood\",\"item\":\"https:\\\/\\\/liisaaddi.com\\\/pood\\\/\"},{\"@type\":\"ListItem\",\"position\":3,\"name\":\"Limiteeritud tr\u00fckis \u201cK\u00f5ik minust&#8221;\"}]},{\"@type\":\"WebSite\",\"@id\":\"https:\\\/\\\/liisaaddi.com\\\/et\\\/en\\\/#website\",\"url\":\"https:\\\/\\\/liisaaddi.com\\\/et\\\/en\\\/\",\"name\":\"Liisa Addi\",\"description\":\"Liisa Addi blogi\",\"publisher\":{\"@id\":\"https:\\\/\\\/liisaaddi.com\\\/et\\\/en\\\/#\\\/schema\\\/person\\\/9655046d637f4b121f54a514deec74ba\"},\"potentialAction\":[{\"@type\":\"SearchAction\",\"target\":{\"@type\":\"EntryPoint\",\"urlTemplate\":\"https:\\\/\\\/liisaaddi.com\\\/et\\\/en\\\/?s={search_term_string}\"},\"query-input\":{\"@type\":\"PropertyValueSpecification\",\"valueRequired\":true,\"valueName\":\"search_term_string\"}}],\"inLanguage\":\"et\"},{\"@type\":[\"Person\",\"Organization\"],\"@id\":\"https:\\\/\\\/liisaaddi.com\\\/et\\\/en\\\/#\\\/schema\\\/person\\\/9655046d637f4b121f54a514deec74ba\",\"name\":\"addi\",\"image\":{\"@type\":\"ImageObject\",\"inLanguage\":\"et\",\"@id\":\"https:\\\/\\\/liisaaddi.com\\\/wp-content\\\/uploads\\\/2025\\\/07\\\/liisa_addi.png\",\"url\":\"https:\\\/\\\/liisaaddi.com\\\/wp-content\\\/uploads\\\/2025\\\/07\\\/liisa_addi.png\",\"contentUrl\":\"https:\\\/\\\/liisaaddi.com\\\/wp-content\\\/uploads\\\/2025\\\/07\\\/liisa_addi.png\",\"width\":1200,\"height\":630,\"caption\":\"addi\"},\"logo\":{\"@id\":\"https:\\\/\\\/liisaaddi.com\\\/wp-content\\\/uploads\\\/2025\\\/07\\\/liisa_addi.png\"}}]}<\/script>\n<!-- \/ Yoast SEO plugin. -->","yoast_head_json":{"title":"Limiteeritud tr\u00fckis \u201cK\u00f5ik minust\" - AddiDraws","robots":{"index":"index","follow":"follow","max-snippet":"max-snippet:-1","max-image-preview":"max-image-preview:large","max-video-preview":"max-video-preview:-1"},"canonical":"https:\/\/liisaaddi.com\/et\/toode\/limiteeritud-trukis-koik-minust\/","og_locale":"et_EE","og_type":"article","og_title":"Limiteeritud tr\u00fckis \u201cK\u00f5ik minust\" - AddiDraws","og_description":"\u201cK\u00f5ik minust\u201d tr\u00fckk l\u00f5uendil.  M\u00f5\u00f5dud: 43 x 60 cm, A2.  Limiteeritud koguses: 10\/10 tr\u00fckki.  Mis juhtub, kui hakkad n\u00e4itama k\u00f5iki oma k\u00fclgi? Mis v\u00e4rviline maailm sealt otsa vaatab? Liisa Addi peegeldab selles teoses oma v\u00e4rvikat sisemaailma, kirjuid m\u00f5tteid ning pehmeid unistusi. 19. sajandi l\u00f5pul kootud vaip, on loonud v\u00e4etise Liisa v\u00e4rvikale maailmale, et saada rohkem enesekindlust, et siin maailmas on rohkem v\u00e4rvi ning mitmek\u00fclgsust vaja. Alter Ego kaitseb Musta Lammast ning hoolitseb l\u00f5kke eest, et see kunagi ei kustuks. Kosmilised unistused ning tunne, et \u00a0ta on kui tulnukas siin planeedil, annab lootust pehmele ning arvestavale tulevikule. Me v\u00f5ime alustada uuesti nii tihti kui tarvis: t\u00e4htis on puhata, v\u00f5tta aega kuid hoida silmad horisondil.","og_url":"https:\/\/liisaaddi.com\/et\/toode\/limiteeritud-trukis-koik-minust\/","og_site_name":"AddiDraws","article_modified_time":"2025-11-24T13:50:56+00:00","og_image":[{"width":1200,"height":1200,"url":"https:\/\/liisaaddi.com\/wp-content\/uploads\/2025\/10\/IMG_0341.jpg","type":"image\/jpeg"}],"twitter_card":"summary_large_image","twitter_misc":{"Est. reading time":"1 minut"},"schema":{"@context":"https:\/\/schema.org","@graph":[{"@type":"WebPage","@id":"https:\/\/liisaaddi.com\/et\/toode\/limiteeritud-trukis-koik-minust\/","url":"https:\/\/liisaaddi.com\/et\/toode\/limiteeritud-trukis-koik-minust\/","name":"Limiteeritud tr\u00fckis \u201cK\u00f5ik minust\" - AddiDraws","isPartOf":{"@id":"https:\/\/liisaaddi.com\/et\/en\/#website"},"primaryImageOfPage":{"@id":"https:\/\/liisaaddi.com\/et\/toode\/limiteeritud-trukis-koik-minust\/#primaryimage"},"image":{"@id":"https:\/\/liisaaddi.com\/et\/toode\/limiteeritud-trukis-koik-minust\/#primaryimage"},"thumbnailUrl":"https:\/\/liisaaddi.com\/wp-content\/uploads\/2025\/10\/IMG_0341.jpg","datePublished":"2025-10-21T10:47:29+00:00","dateModified":"2025-11-24T13:50:56+00:00","breadcrumb":{"@id":"https:\/\/liisaaddi.com\/et\/toode\/limiteeritud-trukis-koik-minust\/#breadcrumb"},"inLanguage":"et","potentialAction":[{"@type":"ReadAction","target":["https:\/\/liisaaddi.com\/et\/toode\/limiteeritud-trukis-koik-minust\/"]}]},{"@type":"ImageObject","inLanguage":"et","@id":"https:\/\/liisaaddi.com\/et\/toode\/limiteeritud-trukis-koik-minust\/#primaryimage","url":"https:\/\/liisaaddi.com\/wp-content\/uploads\/2025\/10\/IMG_0341.jpg","contentUrl":"https:\/\/liisaaddi.com\/wp-content\/uploads\/2025\/10\/IMG_0341.jpg","width":1200,"height":1200},{"@type":"BreadcrumbList","@id":"https:\/\/liisaaddi.com\/et\/toode\/limiteeritud-trukis-koik-minust\/#breadcrumb","itemListElement":[{"@type":"ListItem","position":1,"name":"Home","item":"https:\/\/liisaaddi.com\/et\/"},{"@type":"ListItem","position":2,"name":"Pood","item":"https:\/\/liisaaddi.com\/pood\/"},{"@type":"ListItem","position":3,"name":"Limiteeritud tr\u00fckis \u201cK\u00f5ik minust&#8221;"}]},{"@type":"WebSite","@id":"https:\/\/liisaaddi.com\/et\/en\/#website","url":"https:\/\/liisaaddi.com\/et\/en\/","name":"Liisa Addi","description":"Liisa Addi blogi","publisher":{"@id":"https:\/\/liisaaddi.com\/et\/en\/#\/schema\/person\/9655046d637f4b121f54a514deec74ba"},"potentialAction":[{"@type":"SearchAction","target":{"@type":"EntryPoint","urlTemplate":"https:\/\/liisaaddi.com\/et\/en\/?s={search_term_string}"},"query-input":{"@type":"PropertyValueSpecification","valueRequired":true,"valueName":"search_term_string"}}],"inLanguage":"et"},{"@type":["Person","Organization"],"@id":"https:\/\/liisaaddi.com\/et\/en\/#\/schema\/person\/9655046d637f4b121f54a514deec74ba","name":"addi","image":{"@type":"ImageObject","inLanguage":"et","@id":"https:\/\/liisaaddi.com\/wp-content\/uploads\/2025\/07\/liisa_addi.png","url":"https:\/\/liisaaddi.com\/wp-content\/uploads\/2025\/07\/liisa_addi.png","contentUrl":"https:\/\/liisaaddi.com\/wp-content\/uploads\/2025\/07\/liisa_addi.png","width":1200,"height":630,"caption":"addi"},"logo":{"@id":"https:\/\/liisaaddi.com\/wp-content\/uploads\/2025\/07\/liisa_addi.png"}}]}},"_links":{"self":[{"href":"https:\/\/liisaaddi.com\/et\/wp-json\/wp\/v2\/product\/7276","targetHints":{"allow":["GET"]}}],"collection":[{"href":"https:\/\/liisaaddi.com\/et\/wp-json\/wp\/v2\/product"}],"about":[{"href":"https:\/\/liisaaddi.com\/et\/wp-json\/wp\/v2\/types\/product"}],"wp:featuredmedia":[{"embeddable":true,"href":"https:\/\/liisaaddi.com\/et\/wp-json\/wp\/v2\/media\/7250"}],"wp:attachment":[{"href":"https:\/\/liisaaddi.com\/et\/wp-json\/wp\/v2\/media?parent=7276"}],"wp:term":[{"taxonomy":"product_brand","embeddable":true,"href":"https:\/\/liisaaddi.com\/et\/wp-json\/wp\/v2\/product_brand?post=7276"},{"taxonomy":"product_cat","embeddable":true,"href":"https:\/\/liisaaddi.com\/et\/wp-json\/wp\/v2\/product_cat?post=7276"},{"taxonomy":"product_tag","embeddable":true,"href":"https:\/\/liisaaddi.com\/et\/wp-json\/wp\/v2\/product_tag?post=7276"}],"curies":[{"name":"wp","href":"https:\/\/api.w.org\/{rel}","templated":true}]}}