{"id":7053,"date":"2025-09-26T18:10:36","date_gmt":"2025-09-26T15:10:36","guid":{"rendered":"https:\/\/liisaaddi.com\/?post_type=product&#038;p=7053"},"modified":"2025-10-02T15:24:51","modified_gmt":"2025-10-02T12:24:51","slug":"trukis-minu-maailm-ja-su-hallid-kastid","status":"publish","type":"product","link":"https:\/\/liisaaddi.com\/et\/toode\/trukis-minu-maailm-ja-su-hallid-kastid\/","title":{"rendered":"Limiteeritud tr\u00fckis &#8220;Minu maailm ja su hallid kastid&#8221;"},"content":{"rendered":"<p>Tr\u00fckis &#8220;Minu maailm ja su hallid kastid.&#8221;<\/p>\n<p>Limiteeritud seeria: 10 tr\u00fckist.<\/p>\n<p>Iga teos tuleb sertifikaadiga, mis tagab teose autentsuse ning infoga, mitmes tr\u00fckk antud teos on.<\/p>\n","protected":false},"excerpt":{"rendered":"<p><strong>Paberil tr\u00fckis<\/strong> <em>&#8220;Minu maailm ja su hallid kastid.&#8221;<\/em><\/p>\n<p><strong>Limiteeritud seeria:<\/strong> 10 tr\u00fckist.<\/p>\n<p>Iga teos tuleb sertifikaadiga, mis tagab teose autentsuse ning infoga, mitmes tr\u00fckk antud teos on.<\/p>\n<p><strong>M\u00f5\u00f5dud:<\/strong> 63 x 51 cm.<\/p>\n","protected":false},"featured_media":7061,"template":"","meta":[],"product_brand":[],"product_cat":[249],"product_tag":[],"class_list":{"0":"post-7053","1":"product","2":"type-product","3":"status-publish","4":"has-post-thumbnail","6":"product_cat-trukised","8":"first","9":"outofstock","10":"taxable","11":"shipping-taxable","12":"purchasable","13":"product-type-simple"},"yoast_head":"<!-- This site is optimized with the Yoast SEO plugin v27.3 - https:\/\/yoast.com\/product\/yoast-seo-wordpress\/ -->\n<title>Limiteeritud tr\u00fckis &quot;Minu maailm ja su hallid kastid&quot; - AddiDraws<\/title>\n<meta name=\"robots\" content=\"index, follow, max-snippet:-1, max-image-preview:large, max-video-preview:-1\" \/>\n<link rel=\"canonical\" href=\"https:\/\/liisaaddi.com\/et\/toode\/trukis-minu-maailm-ja-su-hallid-kastid\/\" \/>\n<meta property=\"og:locale\" content=\"et_EE\" \/>\n<meta property=\"og:type\" content=\"article\" \/>\n<meta property=\"og:title\" content=\"Limiteeritud tr\u00fckis &quot;Minu maailm ja su hallid kastid&quot; - AddiDraws\" \/>\n<meta property=\"og:description\" content=\"Paberil tr\u00fckis &quot;Minu maailm ja su hallid kastid.&quot;  Limiteeritud seeria: 10 tr\u00fckist.  Iga teos tuleb sertifikaadiga, mis tagab teose autentsuse ning infoga, mitmes tr\u00fckk antud teos on.  M\u00f5\u00f5dud: 63 x 51 cm.\" \/>\n<meta property=\"og:url\" content=\"https:\/\/liisaaddi.com\/et\/toode\/trukis-minu-maailm-ja-su-hallid-kastid\/\" \/>\n<meta property=\"og:site_name\" content=\"AddiDraws\" \/>\n<meta property=\"article:modified_time\" content=\"2025-10-02T12:24:51+00:00\" \/>\n<meta property=\"og:image\" content=\"https:\/\/liisaaddi.com\/wp-content\/uploads\/2025\/09\/minumaailm2-copy-2.jpg\" \/>\n\t<meta property=\"og:image:width\" content=\"1469\" \/>\n\t<meta property=\"og:image:height\" content=\"1469\" \/>\n\t<meta property=\"og:image:type\" content=\"image\/jpeg\" \/>\n<meta name=\"twitter:card\" content=\"summary_large_image\" \/>\n<meta name=\"twitter:label1\" content=\"Est. reading time\" \/>\n\t<meta name=\"twitter:data1\" content=\"1 minut\" \/>\n<script type=\"application\/ld+json\" class=\"yoast-schema-graph\">{\"@context\":\"https:\\\/\\\/schema.org\",\"@graph\":[{\"@type\":\"WebPage\",\"@id\":\"https:\\\/\\\/liisaaddi.com\\\/et\\\/toode\\\/trukis-minu-maailm-ja-su-hallid-kastid\\\/\",\"url\":\"https:\\\/\\\/liisaaddi.com\\\/et\\\/toode\\\/trukis-minu-maailm-ja-su-hallid-kastid\\\/\",\"name\":\"Limiteeritud tr\u00fckis \\\"Minu maailm ja su hallid kastid\\\" - AddiDraws\",\"isPartOf\":{\"@id\":\"https:\\\/\\\/liisaaddi.com\\\/et\\\/en\\\/#website\"},\"primaryImageOfPage\":{\"@id\":\"https:\\\/\\\/liisaaddi.com\\\/et\\\/toode\\\/trukis-minu-maailm-ja-su-hallid-kastid\\\/#primaryimage\"},\"image\":{\"@id\":\"https:\\\/\\\/liisaaddi.com\\\/et\\\/toode\\\/trukis-minu-maailm-ja-su-hallid-kastid\\\/#primaryimage\"},\"thumbnailUrl\":\"https:\\\/\\\/liisaaddi.com\\\/wp-content\\\/uploads\\\/2025\\\/09\\\/minumaailm2-copy-2.jpg\",\"datePublished\":\"2025-09-26T15:10:36+00:00\",\"dateModified\":\"2025-10-02T12:24:51+00:00\",\"breadcrumb\":{\"@id\":\"https:\\\/\\\/liisaaddi.com\\\/et\\\/toode\\\/trukis-minu-maailm-ja-su-hallid-kastid\\\/#breadcrumb\"},\"inLanguage\":\"et\",\"potentialAction\":[{\"@type\":\"ReadAction\",\"target\":[\"https:\\\/\\\/liisaaddi.com\\\/et\\\/toode\\\/trukis-minu-maailm-ja-su-hallid-kastid\\\/\"]}]},{\"@type\":\"ImageObject\",\"inLanguage\":\"et\",\"@id\":\"https:\\\/\\\/liisaaddi.com\\\/et\\\/toode\\\/trukis-minu-maailm-ja-su-hallid-kastid\\\/#primaryimage\",\"url\":\"https:\\\/\\\/liisaaddi.com\\\/wp-content\\\/uploads\\\/2025\\\/09\\\/minumaailm2-copy-2.jpg\",\"contentUrl\":\"https:\\\/\\\/liisaaddi.com\\\/wp-content\\\/uploads\\\/2025\\\/09\\\/minumaailm2-copy-2.jpg\",\"width\":1469,\"height\":1469},{\"@type\":\"BreadcrumbList\",\"@id\":\"https:\\\/\\\/liisaaddi.com\\\/et\\\/toode\\\/trukis-minu-maailm-ja-su-hallid-kastid\\\/#breadcrumb\",\"itemListElement\":[{\"@type\":\"ListItem\",\"position\":1,\"name\":\"Home\",\"item\":\"https:\\\/\\\/liisaaddi.com\\\/et\\\/\"},{\"@type\":\"ListItem\",\"position\":2,\"name\":\"Pood\",\"item\":\"https:\\\/\\\/liisaaddi.com\\\/pood\\\/\"},{\"@type\":\"ListItem\",\"position\":3,\"name\":\"Limiteeritud tr\u00fckis &#8220;Minu maailm ja su hallid kastid&#8221;\"}]},{\"@type\":\"WebSite\",\"@id\":\"https:\\\/\\\/liisaaddi.com\\\/et\\\/en\\\/#website\",\"url\":\"https:\\\/\\\/liisaaddi.com\\\/et\\\/en\\\/\",\"name\":\"Liisa Addi\",\"description\":\"Liisa Addi blogi\",\"publisher\":{\"@id\":\"https:\\\/\\\/liisaaddi.com\\\/et\\\/en\\\/#\\\/schema\\\/person\\\/9655046d637f4b121f54a514deec74ba\"},\"potentialAction\":[{\"@type\":\"SearchAction\",\"target\":{\"@type\":\"EntryPoint\",\"urlTemplate\":\"https:\\\/\\\/liisaaddi.com\\\/et\\\/en\\\/?s={search_term_string}\"},\"query-input\":{\"@type\":\"PropertyValueSpecification\",\"valueRequired\":true,\"valueName\":\"search_term_string\"}}],\"inLanguage\":\"et\"},{\"@type\":[\"Person\",\"Organization\"],\"@id\":\"https:\\\/\\\/liisaaddi.com\\\/et\\\/en\\\/#\\\/schema\\\/person\\\/9655046d637f4b121f54a514deec74ba\",\"name\":\"addi\",\"image\":{\"@type\":\"ImageObject\",\"inLanguage\":\"et\",\"@id\":\"https:\\\/\\\/liisaaddi.com\\\/wp-content\\\/uploads\\\/2025\\\/07\\\/liisa_addi.png\",\"url\":\"https:\\\/\\\/liisaaddi.com\\\/wp-content\\\/uploads\\\/2025\\\/07\\\/liisa_addi.png\",\"contentUrl\":\"https:\\\/\\\/liisaaddi.com\\\/wp-content\\\/uploads\\\/2025\\\/07\\\/liisa_addi.png\",\"width\":1200,\"height\":630,\"caption\":\"addi\"},\"logo\":{\"@id\":\"https:\\\/\\\/liisaaddi.com\\\/wp-content\\\/uploads\\\/2025\\\/07\\\/liisa_addi.png\"}}]}<\/script>\n<!-- \/ Yoast SEO plugin. -->","yoast_head_json":{"title":"Limiteeritud tr\u00fckis \"Minu maailm ja su hallid kastid\" - AddiDraws","robots":{"index":"index","follow":"follow","max-snippet":"max-snippet:-1","max-image-preview":"max-image-preview:large","max-video-preview":"max-video-preview:-1"},"canonical":"https:\/\/liisaaddi.com\/et\/toode\/trukis-minu-maailm-ja-su-hallid-kastid\/","og_locale":"et_EE","og_type":"article","og_title":"Limiteeritud tr\u00fckis \"Minu maailm ja su hallid kastid\" - AddiDraws","og_description":"Paberil tr\u00fckis \"Minu maailm ja su hallid kastid.\"  Limiteeritud seeria: 10 tr\u00fckist.  Iga teos tuleb sertifikaadiga, mis tagab teose autentsuse ning infoga, mitmes tr\u00fckk antud teos on.  M\u00f5\u00f5dud: 63 x 51 cm.","og_url":"https:\/\/liisaaddi.com\/et\/toode\/trukis-minu-maailm-ja-su-hallid-kastid\/","og_site_name":"AddiDraws","article_modified_time":"2025-10-02T12:24:51+00:00","og_image":[{"width":1469,"height":1469,"url":"https:\/\/liisaaddi.com\/wp-content\/uploads\/2025\/09\/minumaailm2-copy-2.jpg","type":"image\/jpeg"}],"twitter_card":"summary_large_image","twitter_misc":{"Est. reading time":"1 minut"},"schema":{"@context":"https:\/\/schema.org","@graph":[{"@type":"WebPage","@id":"https:\/\/liisaaddi.com\/et\/toode\/trukis-minu-maailm-ja-su-hallid-kastid\/","url":"https:\/\/liisaaddi.com\/et\/toode\/trukis-minu-maailm-ja-su-hallid-kastid\/","name":"Limiteeritud tr\u00fckis \"Minu maailm ja su hallid kastid\" - AddiDraws","isPartOf":{"@id":"https:\/\/liisaaddi.com\/et\/en\/#website"},"primaryImageOfPage":{"@id":"https:\/\/liisaaddi.com\/et\/toode\/trukis-minu-maailm-ja-su-hallid-kastid\/#primaryimage"},"image":{"@id":"https:\/\/liisaaddi.com\/et\/toode\/trukis-minu-maailm-ja-su-hallid-kastid\/#primaryimage"},"thumbnailUrl":"https:\/\/liisaaddi.com\/wp-content\/uploads\/2025\/09\/minumaailm2-copy-2.jpg","datePublished":"2025-09-26T15:10:36+00:00","dateModified":"2025-10-02T12:24:51+00:00","breadcrumb":{"@id":"https:\/\/liisaaddi.com\/et\/toode\/trukis-minu-maailm-ja-su-hallid-kastid\/#breadcrumb"},"inLanguage":"et","potentialAction":[{"@type":"ReadAction","target":["https:\/\/liisaaddi.com\/et\/toode\/trukis-minu-maailm-ja-su-hallid-kastid\/"]}]},{"@type":"ImageObject","inLanguage":"et","@id":"https:\/\/liisaaddi.com\/et\/toode\/trukis-minu-maailm-ja-su-hallid-kastid\/#primaryimage","url":"https:\/\/liisaaddi.com\/wp-content\/uploads\/2025\/09\/minumaailm2-copy-2.jpg","contentUrl":"https:\/\/liisaaddi.com\/wp-content\/uploads\/2025\/09\/minumaailm2-copy-2.jpg","width":1469,"height":1469},{"@type":"BreadcrumbList","@id":"https:\/\/liisaaddi.com\/et\/toode\/trukis-minu-maailm-ja-su-hallid-kastid\/#breadcrumb","itemListElement":[{"@type":"ListItem","position":1,"name":"Home","item":"https:\/\/liisaaddi.com\/et\/"},{"@type":"ListItem","position":2,"name":"Pood","item":"https:\/\/liisaaddi.com\/pood\/"},{"@type":"ListItem","position":3,"name":"Limiteeritud tr\u00fckis &#8220;Minu maailm ja su hallid kastid&#8221;"}]},{"@type":"WebSite","@id":"https:\/\/liisaaddi.com\/et\/en\/#website","url":"https:\/\/liisaaddi.com\/et\/en\/","name":"Liisa Addi","description":"Liisa Addi blogi","publisher":{"@id":"https:\/\/liisaaddi.com\/et\/en\/#\/schema\/person\/9655046d637f4b121f54a514deec74ba"},"potentialAction":[{"@type":"SearchAction","target":{"@type":"EntryPoint","urlTemplate":"https:\/\/liisaaddi.com\/et\/en\/?s={search_term_string}"},"query-input":{"@type":"PropertyValueSpecification","valueRequired":true,"valueName":"search_term_string"}}],"inLanguage":"et"},{"@type":["Person","Organization"],"@id":"https:\/\/liisaaddi.com\/et\/en\/#\/schema\/person\/9655046d637f4b121f54a514deec74ba","name":"addi","image":{"@type":"ImageObject","inLanguage":"et","@id":"https:\/\/liisaaddi.com\/wp-content\/uploads\/2025\/07\/liisa_addi.png","url":"https:\/\/liisaaddi.com\/wp-content\/uploads\/2025\/07\/liisa_addi.png","contentUrl":"https:\/\/liisaaddi.com\/wp-content\/uploads\/2025\/07\/liisa_addi.png","width":1200,"height":630,"caption":"addi"},"logo":{"@id":"https:\/\/liisaaddi.com\/wp-content\/uploads\/2025\/07\/liisa_addi.png"}}]}},"_links":{"self":[{"href":"https:\/\/liisaaddi.com\/et\/wp-json\/wp\/v2\/product\/7053","targetHints":{"allow":["GET"]}}],"collection":[{"href":"https:\/\/liisaaddi.com\/et\/wp-json\/wp\/v2\/product"}],"about":[{"href":"https:\/\/liisaaddi.com\/et\/wp-json\/wp\/v2\/types\/product"}],"wp:featuredmedia":[{"embeddable":true,"href":"https:\/\/liisaaddi.com\/et\/wp-json\/wp\/v2\/media\/7061"}],"wp:attachment":[{"href":"https:\/\/liisaaddi.com\/et\/wp-json\/wp\/v2\/media?parent=7053"}],"wp:term":[{"taxonomy":"product_brand","embeddable":true,"href":"https:\/\/liisaaddi.com\/et\/wp-json\/wp\/v2\/product_brand?post=7053"},{"taxonomy":"product_cat","embeddable":true,"href":"https:\/\/liisaaddi.com\/et\/wp-json\/wp\/v2\/product_cat?post=7053"},{"taxonomy":"product_tag","embeddable":true,"href":"https:\/\/liisaaddi.com\/et\/wp-json\/wp\/v2\/product_tag?post=7053"}],"curies":[{"name":"wp","href":"https:\/\/api.w.org\/{rel}","templated":true}]}}