{"id":5814,"date":"2024-04-09T18:32:33","date_gmt":"2024-04-09T15:32:33","guid":{"rendered":"https:\/\/liisaaddi.com\/?post_type=product&#038;p=5814"},"modified":"2025-08-18T12:52:18","modified_gmt":"2025-08-18T09:52:18","slug":"papagoitulp-maal","status":"publish","type":"product","link":"https:\/\/liisaaddi.com\/et\/toode\/papagoitulp-maal\/","title":{"rendered":"Maal &#8220;V\u00e4ike papagoitulp&#8221;"},"content":{"rendered":"<p>Originaal akr\u00fc\u00fclmaal &#8220;Vaata seda kala&#8221;.<\/p>\n<p>M\u00f5\u00f5dud: 50 x 50 cm<\/p>\n","protected":false},"excerpt":{"rendered":"<p>Originaal akr\u00fc\u00fclmaal raamiga l\u00f5uendil &#8220;V\u00e4ike papagoitulp&#8221;.<\/p>\n<p>M\u00f5\u00f5dud: 50 x 50 cm<\/p>\n<p><em><strong>Celebrating Life&#8217;s Comfort Zones Through Art<\/strong><\/em><\/p>\n<p>Do you ever hear the phrase, &#8220;You should get out of your comfort zone,&#8221; and wonder, &#8220;What is the comfort zone, and how do we break free if we don&#8217;t even know where it begins?&#8221;<\/p>\n<p>In this captivating series, I invite you to join me in a celebration of breaking free from the relentless hustle culture that seems to be everywhere. It&#8217;s time to defy the pressure to overachieve and embrace the beauty of slow living.<\/p>\n<p>Discovering our true comfort zone is akin to finding a sanctuary of safety, whether it&#8217;s in our environment, the warmth of friends and family, or in the way we choose to shape our lives.<\/p>\n<p><strong>Whole collection is available at Telliskivi 26 guest apartments.<\/strong><\/p>\n","protected":false},"featured_media":7004,"template":"","meta":[],"product_brand":[],"product_cat":[241],"product_tag":[],"class_list":{"0":"post-5814","1":"product","2":"type-product","3":"status-publish","4":"has-post-thumbnail","6":"product_cat-originaal-kunstiteosed","8":"first","9":"instock","10":"taxable","11":"shipping-taxable","12":"purchasable","13":"product-type-simple"},"yoast_head":"<!-- This site is optimized with the Yoast SEO plugin v27.3 - https:\/\/yoast.com\/product\/yoast-seo-wordpress\/ -->\n<title>Maal &quot;V\u00e4ike papagoitulp&quot; - AddiDraws<\/title>\n<meta name=\"robots\" content=\"index, follow, max-snippet:-1, max-image-preview:large, max-video-preview:-1\" \/>\n<link rel=\"canonical\" href=\"https:\/\/liisaaddi.com\/et\/toode\/papagoitulp-maal\/\" \/>\n<meta property=\"og:locale\" content=\"et_EE\" \/>\n<meta property=\"og:type\" content=\"article\" \/>\n<meta property=\"og:title\" content=\"Maal &quot;V\u00e4ike papagoitulp&quot; - AddiDraws\" \/>\n<meta property=\"og:description\" content=\"Originaal akr\u00fc\u00fclmaal raamiga l\u00f5uendil &quot;V\u00e4ike papagoitulp&quot;.  M\u00f5\u00f5dud: 50 x 50 cm  Celebrating Life&#039;s Comfort Zones Through Art  Do you ever hear the phrase, &quot;You should get out of your comfort zone,&quot; and wonder, &quot;What is the comfort zone, and how do we break free if we don&#039;t even know where it begins?&quot;  In this captivating series, I invite you to join me in a celebration of breaking free from the relentless hustle culture that seems to be everywhere. It&#039;s time to defy the pressure to overachieve and embrace the beauty of slow living.  Discovering our true comfort zone is akin to finding a sanctuary of safety, whether it&#039;s in our environment, the warmth of friends and family, or in the way we choose to shape our lives.  Whole collection is available at Telliskivi 26 guest apartments.\" \/>\n<meta property=\"og:url\" content=\"https:\/\/liisaaddi.com\/et\/toode\/papagoitulp-maal\/\" \/>\n<meta property=\"og:site_name\" content=\"AddiDraws\" \/>\n<meta property=\"article:modified_time\" content=\"2025-08-18T09:52:18+00:00\" \/>\n<meta property=\"og:image\" content=\"https:\/\/liisaaddi.com\/wp-content\/uploads\/2024\/04\/tulp22.jpg\" \/>\n\t<meta property=\"og:image:width\" content=\"1500\" \/>\n\t<meta property=\"og:image:height\" content=\"1500\" \/>\n\t<meta property=\"og:image:type\" content=\"image\/jpeg\" \/>\n<meta name=\"twitter:card\" content=\"summary_large_image\" \/>\n<meta name=\"twitter:label1\" content=\"Est. reading time\" \/>\n\t<meta name=\"twitter:data1\" content=\"1 minut\" \/>\n<script type=\"application\/ld+json\" class=\"yoast-schema-graph\">{\"@context\":\"https:\\\/\\\/schema.org\",\"@graph\":[{\"@type\":\"WebPage\",\"@id\":\"https:\\\/\\\/liisaaddi.com\\\/et\\\/toode\\\/papagoitulp-maal\\\/\",\"url\":\"https:\\\/\\\/liisaaddi.com\\\/et\\\/toode\\\/papagoitulp-maal\\\/\",\"name\":\"Maal \\\"V\u00e4ike papagoitulp\\\" - AddiDraws\",\"isPartOf\":{\"@id\":\"https:\\\/\\\/liisaaddi.com\\\/et\\\/en\\\/#website\"},\"primaryImageOfPage\":{\"@id\":\"https:\\\/\\\/liisaaddi.com\\\/et\\\/toode\\\/papagoitulp-maal\\\/#primaryimage\"},\"image\":{\"@id\":\"https:\\\/\\\/liisaaddi.com\\\/et\\\/toode\\\/papagoitulp-maal\\\/#primaryimage\"},\"thumbnailUrl\":\"https:\\\/\\\/liisaaddi.com\\\/wp-content\\\/uploads\\\/2024\\\/04\\\/tulp22.jpg\",\"datePublished\":\"2024-04-09T15:32:33+00:00\",\"dateModified\":\"2025-08-18T09:52:18+00:00\",\"breadcrumb\":{\"@id\":\"https:\\\/\\\/liisaaddi.com\\\/et\\\/toode\\\/papagoitulp-maal\\\/#breadcrumb\"},\"inLanguage\":\"et\",\"potentialAction\":[{\"@type\":\"ReadAction\",\"target\":[\"https:\\\/\\\/liisaaddi.com\\\/et\\\/toode\\\/papagoitulp-maal\\\/\"]}]},{\"@type\":\"ImageObject\",\"inLanguage\":\"et\",\"@id\":\"https:\\\/\\\/liisaaddi.com\\\/et\\\/toode\\\/papagoitulp-maal\\\/#primaryimage\",\"url\":\"https:\\\/\\\/liisaaddi.com\\\/wp-content\\\/uploads\\\/2024\\\/04\\\/tulp22.jpg\",\"contentUrl\":\"https:\\\/\\\/liisaaddi.com\\\/wp-content\\\/uploads\\\/2024\\\/04\\\/tulp22.jpg\",\"width\":1500,\"height\":1500},{\"@type\":\"BreadcrumbList\",\"@id\":\"https:\\\/\\\/liisaaddi.com\\\/et\\\/toode\\\/papagoitulp-maal\\\/#breadcrumb\",\"itemListElement\":[{\"@type\":\"ListItem\",\"position\":1,\"name\":\"Home\",\"item\":\"https:\\\/\\\/liisaaddi.com\\\/et\\\/\"},{\"@type\":\"ListItem\",\"position\":2,\"name\":\"Pood\",\"item\":\"https:\\\/\\\/liisaaddi.com\\\/pood\\\/\"},{\"@type\":\"ListItem\",\"position\":3,\"name\":\"Maal &#8220;V\u00e4ike papagoitulp&#8221;\"}]},{\"@type\":\"WebSite\",\"@id\":\"https:\\\/\\\/liisaaddi.com\\\/et\\\/en\\\/#website\",\"url\":\"https:\\\/\\\/liisaaddi.com\\\/et\\\/en\\\/\",\"name\":\"Liisa Addi\",\"description\":\"Liisa Addi blogi\",\"publisher\":{\"@id\":\"https:\\\/\\\/liisaaddi.com\\\/et\\\/en\\\/#\\\/schema\\\/person\\\/9655046d637f4b121f54a514deec74ba\"},\"potentialAction\":[{\"@type\":\"SearchAction\",\"target\":{\"@type\":\"EntryPoint\",\"urlTemplate\":\"https:\\\/\\\/liisaaddi.com\\\/et\\\/en\\\/?s={search_term_string}\"},\"query-input\":{\"@type\":\"PropertyValueSpecification\",\"valueRequired\":true,\"valueName\":\"search_term_string\"}}],\"inLanguage\":\"et\"},{\"@type\":[\"Person\",\"Organization\"],\"@id\":\"https:\\\/\\\/liisaaddi.com\\\/et\\\/en\\\/#\\\/schema\\\/person\\\/9655046d637f4b121f54a514deec74ba\",\"name\":\"addi\",\"image\":{\"@type\":\"ImageObject\",\"inLanguage\":\"et\",\"@id\":\"https:\\\/\\\/liisaaddi.com\\\/wp-content\\\/uploads\\\/2025\\\/07\\\/liisa_addi.png\",\"url\":\"https:\\\/\\\/liisaaddi.com\\\/wp-content\\\/uploads\\\/2025\\\/07\\\/liisa_addi.png\",\"contentUrl\":\"https:\\\/\\\/liisaaddi.com\\\/wp-content\\\/uploads\\\/2025\\\/07\\\/liisa_addi.png\",\"width\":1200,\"height\":630,\"caption\":\"addi\"},\"logo\":{\"@id\":\"https:\\\/\\\/liisaaddi.com\\\/wp-content\\\/uploads\\\/2025\\\/07\\\/liisa_addi.png\"}}]}<\/script>\n<!-- \/ Yoast SEO plugin. -->","yoast_head_json":{"title":"Maal \"V\u00e4ike papagoitulp\" - AddiDraws","robots":{"index":"index","follow":"follow","max-snippet":"max-snippet:-1","max-image-preview":"max-image-preview:large","max-video-preview":"max-video-preview:-1"},"canonical":"https:\/\/liisaaddi.com\/et\/toode\/papagoitulp-maal\/","og_locale":"et_EE","og_type":"article","og_title":"Maal \"V\u00e4ike papagoitulp\" - AddiDraws","og_description":"Originaal akr\u00fc\u00fclmaal raamiga l\u00f5uendil \"V\u00e4ike papagoitulp\".  M\u00f5\u00f5dud: 50 x 50 cm  Celebrating Life's Comfort Zones Through Art  Do you ever hear the phrase, \"You should get out of your comfort zone,\" and wonder, \"What is the comfort zone, and how do we break free if we don't even know where it begins?\"  In this captivating series, I invite you to join me in a celebration of breaking free from the relentless hustle culture that seems to be everywhere. It's time to defy the pressure to overachieve and embrace the beauty of slow living.  Discovering our true comfort zone is akin to finding a sanctuary of safety, whether it's in our environment, the warmth of friends and family, or in the way we choose to shape our lives.  Whole collection is available at Telliskivi 26 guest apartments.","og_url":"https:\/\/liisaaddi.com\/et\/toode\/papagoitulp-maal\/","og_site_name":"AddiDraws","article_modified_time":"2025-08-18T09:52:18+00:00","og_image":[{"width":1500,"height":1500,"url":"https:\/\/liisaaddi.com\/wp-content\/uploads\/2024\/04\/tulp22.jpg","type":"image\/jpeg"}],"twitter_card":"summary_large_image","twitter_misc":{"Est. reading time":"1 minut"},"schema":{"@context":"https:\/\/schema.org","@graph":[{"@type":"WebPage","@id":"https:\/\/liisaaddi.com\/et\/toode\/papagoitulp-maal\/","url":"https:\/\/liisaaddi.com\/et\/toode\/papagoitulp-maal\/","name":"Maal \"V\u00e4ike papagoitulp\" - AddiDraws","isPartOf":{"@id":"https:\/\/liisaaddi.com\/et\/en\/#website"},"primaryImageOfPage":{"@id":"https:\/\/liisaaddi.com\/et\/toode\/papagoitulp-maal\/#primaryimage"},"image":{"@id":"https:\/\/liisaaddi.com\/et\/toode\/papagoitulp-maal\/#primaryimage"},"thumbnailUrl":"https:\/\/liisaaddi.com\/wp-content\/uploads\/2024\/04\/tulp22.jpg","datePublished":"2024-04-09T15:32:33+00:00","dateModified":"2025-08-18T09:52:18+00:00","breadcrumb":{"@id":"https:\/\/liisaaddi.com\/et\/toode\/papagoitulp-maal\/#breadcrumb"},"inLanguage":"et","potentialAction":[{"@type":"ReadAction","target":["https:\/\/liisaaddi.com\/et\/toode\/papagoitulp-maal\/"]}]},{"@type":"ImageObject","inLanguage":"et","@id":"https:\/\/liisaaddi.com\/et\/toode\/papagoitulp-maal\/#primaryimage","url":"https:\/\/liisaaddi.com\/wp-content\/uploads\/2024\/04\/tulp22.jpg","contentUrl":"https:\/\/liisaaddi.com\/wp-content\/uploads\/2024\/04\/tulp22.jpg","width":1500,"height":1500},{"@type":"BreadcrumbList","@id":"https:\/\/liisaaddi.com\/et\/toode\/papagoitulp-maal\/#breadcrumb","itemListElement":[{"@type":"ListItem","position":1,"name":"Home","item":"https:\/\/liisaaddi.com\/et\/"},{"@type":"ListItem","position":2,"name":"Pood","item":"https:\/\/liisaaddi.com\/pood\/"},{"@type":"ListItem","position":3,"name":"Maal &#8220;V\u00e4ike papagoitulp&#8221;"}]},{"@type":"WebSite","@id":"https:\/\/liisaaddi.com\/et\/en\/#website","url":"https:\/\/liisaaddi.com\/et\/en\/","name":"Liisa Addi","description":"Liisa Addi blogi","publisher":{"@id":"https:\/\/liisaaddi.com\/et\/en\/#\/schema\/person\/9655046d637f4b121f54a514deec74ba"},"potentialAction":[{"@type":"SearchAction","target":{"@type":"EntryPoint","urlTemplate":"https:\/\/liisaaddi.com\/et\/en\/?s={search_term_string}"},"query-input":{"@type":"PropertyValueSpecification","valueRequired":true,"valueName":"search_term_string"}}],"inLanguage":"et"},{"@type":["Person","Organization"],"@id":"https:\/\/liisaaddi.com\/et\/en\/#\/schema\/person\/9655046d637f4b121f54a514deec74ba","name":"addi","image":{"@type":"ImageObject","inLanguage":"et","@id":"https:\/\/liisaaddi.com\/wp-content\/uploads\/2025\/07\/liisa_addi.png","url":"https:\/\/liisaaddi.com\/wp-content\/uploads\/2025\/07\/liisa_addi.png","contentUrl":"https:\/\/liisaaddi.com\/wp-content\/uploads\/2025\/07\/liisa_addi.png","width":1200,"height":630,"caption":"addi"},"logo":{"@id":"https:\/\/liisaaddi.com\/wp-content\/uploads\/2025\/07\/liisa_addi.png"}}]}},"_links":{"self":[{"href":"https:\/\/liisaaddi.com\/et\/wp-json\/wp\/v2\/product\/5814","targetHints":{"allow":["GET"]}}],"collection":[{"href":"https:\/\/liisaaddi.com\/et\/wp-json\/wp\/v2\/product"}],"about":[{"href":"https:\/\/liisaaddi.com\/et\/wp-json\/wp\/v2\/types\/product"}],"wp:featuredmedia":[{"embeddable":true,"href":"https:\/\/liisaaddi.com\/et\/wp-json\/wp\/v2\/media\/7004"}],"wp:attachment":[{"href":"https:\/\/liisaaddi.com\/et\/wp-json\/wp\/v2\/media?parent=5814"}],"wp:term":[{"taxonomy":"product_brand","embeddable":true,"href":"https:\/\/liisaaddi.com\/et\/wp-json\/wp\/v2\/product_brand?post=5814"},{"taxonomy":"product_cat","embeddable":true,"href":"https:\/\/liisaaddi.com\/et\/wp-json\/wp\/v2\/product_cat?post=5814"},{"taxonomy":"product_tag","embeddable":true,"href":"https:\/\/liisaaddi.com\/et\/wp-json\/wp\/v2\/product_tag?post=5814"}],"curies":[{"name":"wp","href":"https:\/\/api.w.org\/{rel}","templated":true}]}}