{"id":2943,"date":"2020-04-02T23:28:08","date_gmt":"2020-04-02T20:28:08","guid":{"rendered":"https:\/\/liisaaddi.com\/site\/?page_id=2943"},"modified":"2020-04-08T23:25:03","modified_gmt":"2020-04-08T20:25:03","slug":"kasutajatingimused","status":"publish","type":"page","link":"https:\/\/liisaaddi.com\/et\/kasutajatingimused\/","title":{"rendered":"E-poe kasutustingimused"},"content":{"rendered":"<h3>SEE IGAV JUTT&#8230;<\/h3>\n<p>\u2026, mida keegi tavaliselt lugeda ei viitsi, kuid peab, sest seaduse eest ei ole p\u00e4\u00e4su. Aga et Sa teaksid \u2013 mis iganes ka ei juhtuks, meie oleme alati Sinu poolel.<\/p>\n<hr \/>\n<h2>Tingimused ja privaatsus<\/h2>\n<h3>\u00dcLDTINGIMUSED<\/h3>\n<p>Lisaks k\u00e4esolevatele tingimustele reguleerivad e-poest www.liisaaddi.com ostmisel tekkivaid \u00f5igussuhteid Eesti Vabariigis kehtivad \u00f5igusaktid.<\/p>\n<h3>LEPINGU S\u00d5LMIMINE<\/h3>\n<p>Addidraws O\u00dc ja kliendi vahel j\u00f5ustub m\u00fc\u00fcgileping alates tellimuse kinnituse j\u00e4rgi tasumisele kuuluva summa laekumisest Addidraws O\u00dc arvelduskontole. Tooteid enne m\u00fc\u00fcgilepingu j\u00f5ustumist ei broneerita.<\/p>\n<h3>M\u00dc\u00dcGITINGIMUSED<\/h3>\n<p>Veebipoest saab osta turvaliselt ja mugavalt Eesti piires.<\/p>\n<h3>M\u00dc\u00dcJA<\/h3>\n<p>Addidrawsi e-poes on m\u00fc\u00fcjaks Addidraws O\u00dc | Asula 3, Tallinn, 11312| Klienditeenindus: <a href=\"mailto:info@liisaaddi.com\">info@liisaaddi.com<\/a> | Tel: <a href=\"tel:+372 56656286\">+372 56656286<\/a><\/p>\n<h3>OSTMINE<\/h3>\n<p>Kaupade kirjeldused ja hinnad on avaldatud iga vastava kauba juures. K\u00f5ik hinnad on toodud eurodes ja tehingud arveldatakse eurodes.<\/p>\n<p>Valige sobivad kaubad v\u00e4lja ja lisage ostukorvi m\u00e4\u00e4rates ka toote koguse. Ostukorvi sisust saab igal hetkel \u00fclevaate klikkides ostukorvi ikoonile kodulehek\u00fclje p\u00e4ises.<\/p>\n<p>Kui k\u00f5ik vajalikud tooted on ostukorvis, siis liikuge j\u00e4rgmisele lehele ja valige kauba k\u00e4ttesaamisviis ning t\u00e4itke t\u00e4pselt k\u00f5ik v\u00e4ljad. T\u00e4rniga * t\u00e4histatud v\u00e4ljade t\u00e4itmine on tellimiseks kohustuslik.<\/p>\n<p>Kui teil on tellimuse kohta t\u00e4psustusi, palun kirjutage need ostukorvi m\u00e4rkuste lahtrisse.<\/p>\n<p>Enne maksma siirdumist veenduge, et valitud tooted, kogused ja hind on \u00f5ige.<\/p>\n<p>Valige sobiv makseviis ja kinnitage tellimus, seej\u00e4rel suunatakse Teid edasi valitud maksekeskkonda. J\u00e4rgige t\u00e4pselt seal antavaid juhiseid. Enne makseviisi valimist peate n\u00f5ustuma e-poe m\u00fc\u00fcgitingimustega.<\/p>\n<p>NB pangalingiga maksmisel! P\u00e4rast makse sooritamist pangalingi kaudu vajutage kindlasti nupule \u201eTagasi kaupmehe juurde\u201d. Vastasel juhul teie tellimust ei aktiveerita.<\/p>\n<p>P\u00e4rast makse kinnitamist saadame sisestatud e-posti aadressile tellimuskinnituse.<\/p>\n<h3>KAMPAANIAD<\/h3>\n<p>Aegajalt pakume veebipoes soodustusi, mille saamiseks aluseks on sooduskupong. Kui teil on selline kupong, siis sisestage kupongi t\u00e4pne tekst ostukorvis v\u00e4ljale \u201cKUPONG\u201d ning vajutage \u201eOK\u201c.<\/p>\n<h3>KAUBA SAATMINE<\/h3>\n<p>Addidraws veebipoest saadetakse kaupa Eesti piires. V\u00e4lismaale tellimiseks palun kontakteeruge meilitsi <a href=\"mailto:info@liisaaddi.com\">info@liisaaddi.com<\/a><\/p>\n<p>Kauba k\u00e4ttesaamiseks on kaks v\u00f5imalust:<\/p>\n<ul>\n<li>Itella SmartPOST pakiautomaat. Hind 2.99 \u20ac. Valides SmartPOSTi, valige rippmen\u00fc\u00fcst ka pakiautomaat, kuhu pakki soovite saada.<\/li>\n<li>Omniva pakiautomaat. Hind 2,99 \u20ac.Valides Omniva, valige rippmen\u00fc\u00fcst ka pakiautomaat, kuhu pakki soovite saada.<\/li>\n<\/ul>\n<h3>KAUBA SAATMISE AEG<\/h3>\n<p>Tellimus saadetakse v\u00e4lja harilikult 1-3 t\u00f6\u00f6p\u00e4eva jooksul. Kui puuduvad takistused, pannakse kaup teele juba samal v\u00f5i j\u00e4rgmisel t\u00f6\u00f6p\u00e4eval. Teatame teile kindlasti, kui tellimust ei ole v\u00f5imalik 3 t\u00f6\u00f6p\u00e4eva jooksul saata.<\/p>\n<p>P\u00e4rast kauba \u00fcleandmist transpordipakkujale hakkavad kehtima <a href=\"https:\/\/www.smartpost.ee\/\" target=\"_blank\" rel=\"noopener noreferrer\">Itella<\/a> Estonia O\u00dc poolt kehtestatud t\u00e4htajad, mille kohta saab t\u00e4psemat infot Itella veebilehelt. Kuigi teeme omalt poolt k\u00f5ik, et teie tellimus j\u00f5uaks kohale v\u00f5imalikult kiiresti, ei saa me vastutada viivituste eest, mille on p\u00f5hjustanud transporditeenuse pakkuja.<\/p>\n<p>Kogemuse p\u00f5hjal saame \u00f6elda, et Eestis j\u00f5uab kaup tavaliselt tellijani 1-3 t\u00f6\u00f6p\u00e4eva jooksul peale tellimuse esitamist.<\/p>\n<p>Kontrollige alati hoolikalt \u00fcle, et k\u00f5ik tellimuse tegemisel sisestatud andmed oleksid \u00f5iged. Vigade korral v\u00f5ib tellimus hilineda v\u00f5i \u00fcldse kaotsi minna.<\/p>\n<h3>TASUMINE<\/h3>\n<p>Tellimuse eest on v\u00f5imalik tasuda:<\/p>\n<p><a href=\"https:\/\/maksekeskus.ee\/\" target=\"_blank\" rel=\"noopener noreferrer\">Maksekeskuse kaudu<\/a>, mille teenust osutavad:<\/p>\n<ul>\n<li>Swedbank AS<\/li>\n<li>AS SEB Pank<\/li>\n<li>LUMINOR<\/li>\n<li>COOP Pank<\/li>\n<li>AS LHV Pank<\/li>\n<\/ul>\n<p><a href=\"https:\/\/www.paypal.com\/\" target=\"_blank\" rel=\"noopener noreferrer\">PayPal<\/a> makselahenduse kaudu.<\/p>\n<p>VISA\/MASTERCARD makselahenduse kaudu.<\/p>\n<p>Kui valite ostukorvis\u00fcsteemis makseviisiks pangalingi, siis suunatakse teid p\u00e4rast tellimuse kinnitamist valitud internetipanka, kus saate makse sooritada.<\/p>\n<p>NB! P\u00e4rast makse sooritamist vajutage kindlasti nupule \u201eTagasi kaupmehe juurde\u201d. Vastasel juhul teie tellimust ei aktiveerita.<\/p>\n<h3>HIND<\/h3>\n<p>Addidraws O\u00dc-s m\u00fc\u00fcdavate toodete hinnad on m\u00e4rgitud tootelehtedel. K\u00f5ikide toodete hinnad on esitatud eurodes. Kampaaniate soodushindade puhul on tootelehel \u00e4ra toodud nii uus hind kui ka mahakriipsutatult vana hind.<\/p>\n<h3>TOODETE SAADAVUS<\/h3>\n<p>Addidraws O\u00dc teeb k\u00f5ik v\u00f5imaliku, et e-poes m\u00e4rgitud laoseisud vastaksid tegelikkusele, kuid v\u00f5ib tekkida olukord, kus tootelehel m\u00e4rgitud laoseis ei ole \u00f5ige. Kui oled tellinud toote, mis on tegelikult otsa saanud, siis v\u00f5tame Sinuga esimesel v\u00f5imalusel \u00fchendust ning lepime kokku k\u00f5ige sobivama lahenduse.<\/p>\n<h3>TAGASTAMINE<\/h3>\n<p>Addidraws O\u00dc-st ostetud tooteid on v\u00f5imalik tagastada 14 p\u00e4eva jooksul alates toote k\u00e4ttesaamisest. Toode peab olema postitatud Itella SmartPost, Omniva pakiautomaadi vahendusel Addidraws O\u00dc aadressile 14 p\u00e4eva jooksul alates toote k\u00e4ttesaamisest. Raha tagastatud toodete eest h\u00fcvitame Sulle 1-3 t\u00f6\u00f6p\u00e4eva jooksul alates toodete j\u00f5udmisest Addidraws O\u00dc-le. Tellimuse t\u00e4ies mahus tagastamisel, tagastatakse ka esialgne transpordikulu. Toote tagastamine k\u00e4esoleva lepingu tingimuste raames on tasuta ainult Eesti siseselt.<\/p>\n<p>Tagastatava toote seisukord:<\/p>\n<ul>\n<li><strong>Tagastamisele kuuluv toode ei tohi olla kahjustunud.<\/strong><br \/>\nKui tagastatav toode (ja toote pakend) on halvenenud ja halvenemine on p\u00f5hjustatud asjaoludest, mis ei ole tingitud Addidraws O\u00dc-st v\u00f5i toote mittesihip\u00e4rasest kasutamisest, on Addidraws O\u00dc-l \u00f5igus tasaarvestada toote v\u00e4\u00e4rtuse v\u00e4henemine Sinu poolt toote eest tasutud ning Sulle tagastamisele kuuluva summaga. Tasaarvestamiseks saadab Addidraws O\u00dc Sulle avalduse.<\/li>\n<li><strong>Tagastamisele kuuluv toode ei tohi omada kasutamise m\u00e4rke.<\/strong><br \/>\nKui selgub, et toodet on kasutatud, juhindub Addidraws O\u00dc m\u00f5istliku kasutuse p\u00f5him\u00f5ttest \u2013 kui kauba sobimatuses veendumiseks tuli seda proovida, loetakse kaup mittekasutatuks. Addidraws O\u00dc-l on \u00f5igus tasaarvestada kasutamisest tingitud toote v\u00e4\u00e4rtuse v\u00e4henemine Sinu poolt toote eest tasutud ning Sulle tagastamisele kuuluva summaga.<\/li>\n<li><strong>Tagastamisele kuuluv toode peab olema koos hinnasiltidega.<\/strong><\/li>\n<\/ul>\n<p>Addidraws O\u00dc ei vastuta puuduste eest, mis on tekkinud p\u00e4rast kauba \u00fcleandmist ostjale.<\/p>\n<h3>VAIDLUSTE LAHENDAMINE<\/h3>\n<p>Kui ostjal on Addidraws O\u00dc osas pretensioone, tuleb need saata e-kirja aadressile <a href=\"mailto:info@liisaaddi.com\">info@liisaaddi.com<\/a>.<\/p>\n<p>Addidraws O\u00dc-l on vastavalt Tarbijakaitseseadusele kohustus vastata kirjalikult 15 p\u00e4eva jooksul.<\/p>\n<p>Tarbijakaitseseaduse leiad <a href=\"https:\/\/www.riigiteataja.ee\/akt\/131122015001\" target=\"_blank\" rel=\"noopener noreferrer\">SIIT<\/a>.<\/p>\n<p>Kui ostja ja Addidraws O\u00dc ei suuda lahendada vaidlust kokkuleppe teel, siis on ostjal v\u00f5imalik p\u00f6\u00f6rduda Tarbijavaidluste komisjoni poole. Menetlustingimustega saab tutvuda ning avaldust esitada siin. Tarbijavaidluste komisjoni p\u00e4devuses on lahendada ostja ja Addidraws O\u00dc vahel s\u00f5lmitud lepingust tulenevaid vaidlusi. Ostja kaebuse l\u00e4bivaatamine komisjonis on tasuta.<\/p>\n<p>Ostja v\u00f5ib p\u00f6\u00f6rduda ka Euroopa Liidu tarbijavaidlusi lahendava platvormi poole.<\/p>\n<h3>VASTUTUS JA V\u00c4\u00c4RAMATUD J\u00d5UD<\/h3>\n<p>Addidraws O\u00dc vastutab Sinu ees ning Sina vastutad Addidraws O\u00dc ees teisele poolele k\u00e4esoleva lepingu tingimuste rikkumisega tekitatud kahju eest Eesti Vabariigis kehtivates \u00f5igusaktides s\u00e4testatud juhtudel ja ulatuses.<\/p>\n<p>Addidraws O\u00dc ei vastuta Sulle tekitatud kahjude eest v\u00f5i toote kohaletoimetamise viibimise eest juhul, kui kahju v\u00f5i toote kohaletoomise viibimine on tingitud asjaolust, mida Addidraws O\u00dc ei saanud m\u00f5jutada ning mille saabumist Addidraws O\u00dc ei n\u00e4inud ette ega v\u00f5inud ette n\u00e4ha (v\u00e4\u00e4ramatu j\u00f5ud).<\/p>\n<p>Addidraws O\u00dc ei vastuta toote kadumise v\u00f5i kahjustumise eest, mis on toimunud p\u00e4rast toote \u00fcleandmist vedajale.<\/p>\n<p>Addidraws O\u00dc vastutab Sinu eest toote m\u00fc\u00fcgihinna ulatuses. Addidraws O\u00dc ei v\u00f5ta vastutust puudusega toodete poolt tekitatud kahjude eest nagu vara v\u00f5i informatsiooni kahjustumine, k\u00e4ibe v\u00f5i kasumi kaotamine.<\/p>\n<h3>ANDMETE T\u00d6\u00d6TLEMINE<\/h3>\n<p>Addidraws annab endast parima, et kaitsta klientide privaatsust. Addidraws on isikuandmete vastutav t\u00f6\u00f6tleja. Addidraws edastab maksete teostamiseks vajalikud isikuandmed volitatud t\u00f6\u00f6tleja Maksekeskus AS-le.<\/p>\n<p>Kasutades seda veebilehte, n\u00f5ustute meie andmete t\u00f6\u00f6tlemise reeglite ja tingimustega.<\/p>\n<p>Kinnitame, et meie andmete t\u00f6\u00f6tlemine vastab Eesti ja Euroopa Liidu vastavatele \u00f5igusaktidele.<\/p>\n<p>Kogume isikuandmeid eesm\u00e4rgil, et identifitseerida kliente ja kontakteeruda klientidega ning pakkuda v\u00f5imalikult mugavat veebilehe kasutust.<\/p>\n<p>Isikuandmete kogumine v\u00f5ib toimuda j\u00e4rgmistes olukordades:<\/p>\n<ul>\n<li>andes kontaktinformatsiooni;<\/li>\n<li>kasutades k\u00fcpsiseid v\u00f5i kasutaja kontos avaldatavaid andmeid, kui k\u00fclastate meie veebilehte;<\/li>\n<li>sooritades oste veebipoes<\/li>\n<\/ul>\n<p>Kogutud andmeid kasutades v\u00f5ime teavitada enda kliente saabuvatest \u00fcritustest, kampaaniatest ja uutest toodetest. Siiski, tarbijatel on \u00f5igus igal ajal keelduda sellise teavituse saatmisest.<\/p>\n<p>Kogume samuti informatsiooni statistilistel eesm\u00e4rkidel. Lisaks v\u00f5ime koguda infot klientide tegevuste kohta meie veebilehel., see info ei ole isikustatav.<\/p>\n<p>Addidraws kasutab ettevaatusabin\u00f5usid kaitsmaks tarbijate isikuandmeid. Ainult vastava \u00f5igusega t\u00f6\u00f6tajal on juurdep\u00e4\u00e4s andmete t\u00f6\u00f6tlemisele.<\/p>\n<p>Kogu klientide poolt veebipoe kasutamise ajal sisestatud informatsiooni k\u00e4sitletakse konfidentsiaalse teabena ning kolmandad isikud ei tohi seda mingil moel kasutada ilma Addidraws O\u00dc eelneva kirjaliku loata.<\/p>\n<p>Selle veebilehe kasutamine ja \u00f5iguslikud teated veebilehel p\u00f5hinevad ja neid tuleb t\u00f5lgendada Eesti Vabariigi \u00f5igusest l\u00e4htuvalt. K\u00f5ik osapooled alluvad Eesti kohtus\u00fcsteemile.<\/p>\n<p>J\u00e4tame endale \u00f5iguse muuta k\u00e4esolevaid andmete t\u00f6\u00f6tlemise tingimusi.<\/p>\n<h3>K\u00dcPSISED<\/h3>\n<p>Veebileht kasutab k\u00fcpsiste tehnoloogiat, et koguda informatsiooni veebilehe kasutamise kohta ning eristada kasutajaid, et pakkuda v\u00f5imalikult mugavat veebilehe kasutamist. Meie teenuseid kasutades n\u00f5ustute sellega, et kasutame k\u00fcpsiseid.<\/p>\n<p>K\u00fcpsis on v\u00e4ike tekstifail, mis saadetakse kasutaja veebilehitsejale ja see salvestub kasutaja seadmes.<\/p>\n<ul>\n<li>Kasutame j\u00e4rgmiseid k\u00fcpsiseid:<\/li>\n<li>seansik\u00fcpsiseid, mis kustutatakse automaatselt p\u00e4rast igat k\u00fclastust;<\/li>\n<li>p\u00fcsivaid k\u00fcpsiseid, mis j\u00e4\u00e4vad alles korduval kasutamisel;<\/li>\n<li>kolmandate isikute k\u00fcpsised, mida kasutavad partnerite veebilehed, millele me lingime (nt Facebook, pangad), nende k\u00fcpsiste tekkimist me ei kontrolli, palun tutvuge nende kasutamise reeglitega vastavalt veebilehelt.<\/li>\n<\/ul>\n<h3>TINGIMUSTE MUUTMINE<\/h3>\n<p>Addidraws O\u00dc-l on \u00f5igus e-poe arengust tulenevalt ning e-poe parema ja turvalisema kasutamise huvides k\u00e4esoleva lepingu tingimusi ja hinnakirja muutma ning t\u00e4iendama.<\/p>\n<p>Tingimuste ja hinnakirja muudatused ning t\u00e4iendused j\u00f5ustuvad vastava muudatuse v\u00f5i t\u00e4ienduse avaldamisest interneti lehek\u00fcljel <a href=\"https:\/\/liisaaddi.com\">www.liisaaddi.com<\/a>. Kui Sa edastasid oma tellimuse enne tingimuste muudatuste j\u00f5ustumist, kohaldatakse Addidraws O\u00dc ja Sinu vahel tekkinud \u00f5igussuhtele Sinu poolt tellimuse edastamise ajal kehtinud tingimusi, v.a kui seaduses v\u00f5i k\u00e4esolevat lepingu tingimustes on ette n\u00e4htud teisiti.<\/p>\n","protected":false},"excerpt":{"rendered":"<p>SEE IGAV JUTT&#8230; \u2026, mida keegi tavaliselt lugeda ei viitsi, kuid peab, sest seaduse eest ei ole p\u00e4\u00e4su. Aga et Sa teaksid \u2013 mis iganes ka ei juhtuks, meie oleme&#8230;<\/p>\n","protected":false},"author":1,"featured_media":0,"parent":0,"menu_order":0,"comment_status":"closed","ping_status":"closed","template":"","meta":{"footnotes":""},"class_list":["post-2943","page","type-page","status-publish","hentry"],"yoast_head":"<!-- This site is optimized with the Yoast SEO plugin v27.3 - https:\/\/yoast.com\/product\/yoast-seo-wordpress\/ -->\n<title>E-poe kasutustingimused - AddiDraws<\/title>\n<meta name=\"description\" content=\"SEE IGAV JUTT... \u2026, mida keegi tavaliselt lugeda ei viitsi, kuid peab, sest seaduse eest ei ole p\u00e4\u00e4su. Aga et Sa teaksid \u2013 mis iganes ka ei juhtuks, meie\" \/>\n<meta name=\"robots\" content=\"index, follow, max-snippet:-1, max-image-preview:large, max-video-preview:-1\" \/>\n<link rel=\"canonical\" href=\"https:\/\/liisaaddi.com\/et\/kasutajatingimused\/\" \/>\n<meta property=\"og:locale\" content=\"et_EE\" \/>\n<meta property=\"og:type\" content=\"article\" \/>\n<meta property=\"og:title\" content=\"E-poe kasutustingimused - AddiDraws\" \/>\n<meta property=\"og:description\" content=\"SEE IGAV JUTT... \u2026, mida keegi tavaliselt lugeda ei viitsi, kuid peab, sest seaduse eest ei ole p\u00e4\u00e4su. Aga et Sa teaksid \u2013 mis iganes ka ei juhtuks, meie\" \/>\n<meta property=\"og:url\" content=\"https:\/\/liisaaddi.com\/et\/kasutajatingimused\/\" \/>\n<meta property=\"og:site_name\" content=\"AddiDraws\" \/>\n<meta property=\"article:modified_time\" content=\"2020-04-08T20:25:03+00:00\" \/>\n<meta property=\"og:image\" content=\"https:\/\/liisaaddi.com\/wp-content\/uploads\/2025\/07\/liisa_addi.png\" \/>\n\t<meta property=\"og:image:width\" content=\"1200\" \/>\n\t<meta property=\"og:image:height\" content=\"630\" \/>\n\t<meta property=\"og:image:type\" content=\"image\/png\" \/>\n<meta name=\"twitter:card\" content=\"summary_large_image\" \/>\n<meta name=\"twitter:label1\" content=\"Est. reading time\" \/>\n\t<meta name=\"twitter:data1\" content=\"8 minutit\" \/>\n<script type=\"application\/ld+json\" class=\"yoast-schema-graph\">{\"@context\":\"https:\\\/\\\/schema.org\",\"@graph\":[{\"@type\":\"WebPage\",\"@id\":\"https:\\\/\\\/liisaaddi.com\\\/et\\\/kasutajatingimused\\\/\",\"url\":\"https:\\\/\\\/liisaaddi.com\\\/et\\\/kasutajatingimused\\\/\",\"name\":\"E-poe kasutustingimused - AddiDraws\",\"isPartOf\":{\"@id\":\"https:\\\/\\\/liisaaddi.com\\\/et\\\/en\\\/#website\"},\"datePublished\":\"2020-04-02T20:28:08+00:00\",\"dateModified\":\"2020-04-08T20:25:03+00:00\",\"description\":\"SEE IGAV JUTT... \u2026, mida keegi tavaliselt lugeda ei viitsi, kuid peab, sest seaduse eest ei ole p\u00e4\u00e4su. Aga et Sa teaksid \u2013 mis iganes ka ei juhtuks, meie\",\"breadcrumb\":{\"@id\":\"https:\\\/\\\/liisaaddi.com\\\/et\\\/kasutajatingimused\\\/#breadcrumb\"},\"inLanguage\":\"et\",\"potentialAction\":[{\"@type\":\"ReadAction\",\"target\":[\"https:\\\/\\\/liisaaddi.com\\\/et\\\/kasutajatingimused\\\/\"]}]},{\"@type\":\"BreadcrumbList\",\"@id\":\"https:\\\/\\\/liisaaddi.com\\\/et\\\/kasutajatingimused\\\/#breadcrumb\",\"itemListElement\":[{\"@type\":\"ListItem\",\"position\":1,\"name\":\"Home\",\"item\":\"https:\\\/\\\/liisaaddi.com\\\/et\\\/\"},{\"@type\":\"ListItem\",\"position\":2,\"name\":\"E-poe kasutustingimused\"}]},{\"@type\":\"WebSite\",\"@id\":\"https:\\\/\\\/liisaaddi.com\\\/et\\\/en\\\/#website\",\"url\":\"https:\\\/\\\/liisaaddi.com\\\/et\\\/en\\\/\",\"name\":\"Liisa Addi\",\"description\":\"Liisa Addi blogi\",\"publisher\":{\"@id\":\"https:\\\/\\\/liisaaddi.com\\\/et\\\/en\\\/#\\\/schema\\\/person\\\/9655046d637f4b121f54a514deec74ba\"},\"potentialAction\":[{\"@type\":\"SearchAction\",\"target\":{\"@type\":\"EntryPoint\",\"urlTemplate\":\"https:\\\/\\\/liisaaddi.com\\\/et\\\/en\\\/?s={search_term_string}\"},\"query-input\":{\"@type\":\"PropertyValueSpecification\",\"valueRequired\":true,\"valueName\":\"search_term_string\"}}],\"inLanguage\":\"et\"},{\"@type\":[\"Person\",\"Organization\"],\"@id\":\"https:\\\/\\\/liisaaddi.com\\\/et\\\/en\\\/#\\\/schema\\\/person\\\/9655046d637f4b121f54a514deec74ba\",\"name\":\"addi\",\"image\":{\"@type\":\"ImageObject\",\"inLanguage\":\"et\",\"@id\":\"https:\\\/\\\/liisaaddi.com\\\/wp-content\\\/uploads\\\/2025\\\/07\\\/liisa_addi.png\",\"url\":\"https:\\\/\\\/liisaaddi.com\\\/wp-content\\\/uploads\\\/2025\\\/07\\\/liisa_addi.png\",\"contentUrl\":\"https:\\\/\\\/liisaaddi.com\\\/wp-content\\\/uploads\\\/2025\\\/07\\\/liisa_addi.png\",\"width\":1200,\"height\":630,\"caption\":\"addi\"},\"logo\":{\"@id\":\"https:\\\/\\\/liisaaddi.com\\\/wp-content\\\/uploads\\\/2025\\\/07\\\/liisa_addi.png\"}}]}<\/script>\n<!-- \/ Yoast SEO plugin. -->","yoast_head_json":{"title":"E-poe kasutustingimused - AddiDraws","description":"SEE IGAV JUTT... \u2026, mida keegi tavaliselt lugeda ei viitsi, kuid peab, sest seaduse eest ei ole p\u00e4\u00e4su. Aga et Sa teaksid \u2013 mis iganes ka ei juhtuks, meie","robots":{"index":"index","follow":"follow","max-snippet":"max-snippet:-1","max-image-preview":"max-image-preview:large","max-video-preview":"max-video-preview:-1"},"canonical":"https:\/\/liisaaddi.com\/et\/kasutajatingimused\/","og_locale":"et_EE","og_type":"article","og_title":"E-poe kasutustingimused - AddiDraws","og_description":"SEE IGAV JUTT... \u2026, mida keegi tavaliselt lugeda ei viitsi, kuid peab, sest seaduse eest ei ole p\u00e4\u00e4su. Aga et Sa teaksid \u2013 mis iganes ka ei juhtuks, meie","og_url":"https:\/\/liisaaddi.com\/et\/kasutajatingimused\/","og_site_name":"AddiDraws","article_modified_time":"2020-04-08T20:25:03+00:00","og_image":[{"width":1200,"height":630,"url":"https:\/\/liisaaddi.com\/wp-content\/uploads\/2025\/07\/liisa_addi.png","type":"image\/png"}],"twitter_card":"summary_large_image","twitter_misc":{"Est. reading time":"8 minutit"},"schema":{"@context":"https:\/\/schema.org","@graph":[{"@type":"WebPage","@id":"https:\/\/liisaaddi.com\/et\/kasutajatingimused\/","url":"https:\/\/liisaaddi.com\/et\/kasutajatingimused\/","name":"E-poe kasutustingimused - AddiDraws","isPartOf":{"@id":"https:\/\/liisaaddi.com\/et\/en\/#website"},"datePublished":"2020-04-02T20:28:08+00:00","dateModified":"2020-04-08T20:25:03+00:00","description":"SEE IGAV JUTT... \u2026, mida keegi tavaliselt lugeda ei viitsi, kuid peab, sest seaduse eest ei ole p\u00e4\u00e4su. Aga et Sa teaksid \u2013 mis iganes ka ei juhtuks, meie","breadcrumb":{"@id":"https:\/\/liisaaddi.com\/et\/kasutajatingimused\/#breadcrumb"},"inLanguage":"et","potentialAction":[{"@type":"ReadAction","target":["https:\/\/liisaaddi.com\/et\/kasutajatingimused\/"]}]},{"@type":"BreadcrumbList","@id":"https:\/\/liisaaddi.com\/et\/kasutajatingimused\/#breadcrumb","itemListElement":[{"@type":"ListItem","position":1,"name":"Home","item":"https:\/\/liisaaddi.com\/et\/"},{"@type":"ListItem","position":2,"name":"E-poe kasutustingimused"}]},{"@type":"WebSite","@id":"https:\/\/liisaaddi.com\/et\/en\/#website","url":"https:\/\/liisaaddi.com\/et\/en\/","name":"Liisa Addi","description":"Liisa Addi blogi","publisher":{"@id":"https:\/\/liisaaddi.com\/et\/en\/#\/schema\/person\/9655046d637f4b121f54a514deec74ba"},"potentialAction":[{"@type":"SearchAction","target":{"@type":"EntryPoint","urlTemplate":"https:\/\/liisaaddi.com\/et\/en\/?s={search_term_string}"},"query-input":{"@type":"PropertyValueSpecification","valueRequired":true,"valueName":"search_term_string"}}],"inLanguage":"et"},{"@type":["Person","Organization"],"@id":"https:\/\/liisaaddi.com\/et\/en\/#\/schema\/person\/9655046d637f4b121f54a514deec74ba","name":"addi","image":{"@type":"ImageObject","inLanguage":"et","@id":"https:\/\/liisaaddi.com\/wp-content\/uploads\/2025\/07\/liisa_addi.png","url":"https:\/\/liisaaddi.com\/wp-content\/uploads\/2025\/07\/liisa_addi.png","contentUrl":"https:\/\/liisaaddi.com\/wp-content\/uploads\/2025\/07\/liisa_addi.png","width":1200,"height":630,"caption":"addi"},"logo":{"@id":"https:\/\/liisaaddi.com\/wp-content\/uploads\/2025\/07\/liisa_addi.png"}}]}},"_links":{"self":[{"href":"https:\/\/liisaaddi.com\/et\/wp-json\/wp\/v2\/pages\/2943","targetHints":{"allow":["GET"]}}],"collection":[{"href":"https:\/\/liisaaddi.com\/et\/wp-json\/wp\/v2\/pages"}],"about":[{"href":"https:\/\/liisaaddi.com\/et\/wp-json\/wp\/v2\/types\/page"}],"author":[{"embeddable":true,"href":"https:\/\/liisaaddi.com\/et\/wp-json\/wp\/v2\/users\/1"}],"replies":[{"embeddable":true,"href":"https:\/\/liisaaddi.com\/et\/wp-json\/wp\/v2\/comments?post=2943"}],"version-history":[{"count":4,"href":"https:\/\/liisaaddi.com\/et\/wp-json\/wp\/v2\/pages\/2943\/revisions"}],"predecessor-version":[{"id":3306,"href":"https:\/\/liisaaddi.com\/et\/wp-json\/wp\/v2\/pages\/2943\/revisions\/3306"}],"wp:attachment":[{"href":"https:\/\/liisaaddi.com\/et\/wp-json\/wp\/v2\/media?parent=2943"}],"curies":[{"name":"wp","href":"https:\/\/api.w.org\/{rel}","templated":true}]}}