{"id":1004,"date":"2019-01-07T15:43:32","date_gmt":"2019-01-07T13:43:32","guid":{"rendered":"https:\/\/liisaaddi.com\/site\/?page_id=1004"},"modified":"2024-06-03T16:51:17","modified_gmt":"2024-06-03T13:51:17","slug":"blogi","status":"publish","type":"page","link":"https:\/\/liisaaddi.com\/et\/blogi\/","title":{"rendered":"Blogi"},"content":{"rendered":"<div class=\"wpb-content-wrapper\"><p>[vc_row full_width=&#8221;stretch_row_content_no_spaces&#8221;][vc_column offset=&#8221;vc_hidden-lg vc_hidden-md&#8221;][vc_single_image image=&#8221;5865&#8243; img_size=&#8221;full&#8221; alignment=&#8221;center&#8221; style=&#8221;vc_box_shadow&#8221;][\/vc_column][\/vc_row][vc_row content_placement=&#8221;top&#8221; css=&#8221;.vc_custom_1547547699026{padding-top: 0px !important;}&#8221;][vc_column offset=&#8221;vc_hidden-sm vc_hidden-xs&#8221; css=&#8221;.vc_custom_1547547790147{padding-top: 30px !important;}&#8221;][vc_single_image image=&#8221;5865&#8243; img_size=&#8221;large&#8221; alignment=&#8221;center&#8221;][\/vc_column][vc_column offset=&#8221;vc_col-lg-2\/5 vc_hidden-lg vc_hidden-md vc_hidden-sm vc_hidden-xs&#8221; css=&#8221;.vc_custom_1547547780612{padding-top: 30px !important;}&#8221;][vc_column_text]\n            \n            <div class=\"vcg-heading vcg-heading-jtlRpGsdoP \">\n                <h3 class=\"vcg-heading-content vcg-heading-align-left size-36px \" style=\"; font-weight: 400; ; ; ; ; \">\n                                        <b>Addidraws<\/b> Tattoo                <\/h3>\n            <\/div>\n\n        [vc_empty_space][vc_column_text]I am text block. Click edit button to change this text. Lorem ipsum dolor sit amet, consectetur adipiscing elit. Ut elit tellus, luctus nec ullamcorper mattis, pulvinar dapibus leo.[\/vc_column_text][\/vc_column][vc_column offset=&#8221;vc_hidden-lg vc_hidden-md&#8221;][\/vc_column][\/vc_row][vc_row][vc_column][vc_column_text]<\/p>\n<blockquote>\n<h1><strong>Tere tulemast Liisa Addi blogisse!<\/strong><\/h1>\n<h2>Kirjutan postitusi kunstist, vaimsest tervisest ja muudest p\u00f5nevatest projektidest.<\/h2>\n<\/blockquote>\n<p>[\/vc_column_text][vc_separator][\/vc_column][\/vc_row]<\/p>\n<\/div>","protected":false},"excerpt":{"rendered":"<p>[vc_row full_width=&#8221;stretch_row_content_no_spaces&#8221;][vc_column offset=&#8221;vc_hidden-lg vc_hidden-md&#8221;][vc_single_image image=&#8221;5865&#8243; img_size=&#8221;full&#8221; alignment=&#8221;center&#8221; style=&#8221;vc_box_shadow&#8221;][\/vc_column][\/vc_row][vc_row content_placement=&#8221;top&#8221; css=&#8221;.vc_custom_1547547699026{padding-top: 0px !important;}&#8221;][vc_column offset=&#8221;vc_hidden-sm vc_hidden-xs&#8221; css=&#8221;.vc_custom_1547547790147{padding-top: 30px !important;}&#8221;][vc_single_image image=&#8221;5865&#8243; img_size=&#8221;large&#8221; alignment=&#8221;center&#8221;][\/vc_column][vc_column offset=&#8221;vc_col-lg-2\/5 vc_hidden-lg vc_hidden-md vc_hidden-sm vc_hidden-xs&#8221; css=&#8221;.vc_custom_1547547780612{padding-top: 30px !important;}&#8221;][vc_column_text][vc_empty_space][vc_column_text]I am text&#8230;<\/p>\n","protected":false},"author":1,"featured_media":5865,"parent":0,"menu_order":0,"comment_status":"closed","ping_status":"closed","template":"page-home.php","meta":{"footnotes":""},"class_list":["post-1004","page","type-page","status-publish","has-post-thumbnail","hentry"],"yoast_head":"<!-- This site is optimized with the Yoast SEO plugin v27.3 - https:\/\/yoast.com\/product\/yoast-seo-wordpress\/ -->\n<title>AddiDraws - Liisa Addi blogi<\/title>\n<meta name=\"description\" content=\"T\u00e4toveerimise kohta on palju eelarvamusi ja m\u00fc\u00fcte, mida Liisa Addi anal\u00fc\u00fcsib ja kummutab oma blogis.\" \/>\n<meta name=\"robots\" content=\"index, follow, max-snippet:-1, max-image-preview:large, max-video-preview:-1\" \/>\n<link rel=\"canonical\" href=\"https:\/\/liisaaddi.com\/et\/blogi\/\" \/>\n<meta property=\"og:locale\" content=\"et_EE\" \/>\n<meta property=\"og:type\" content=\"article\" \/>\n<meta property=\"og:title\" content=\"AddiDraws - Liisa Addi blogi\" \/>\n<meta property=\"og:description\" content=\"T\u00e4toveerimise kohta on palju eelarvamusi ja m\u00fc\u00fcte, mida Liisa Addi anal\u00fc\u00fcsib ja kummutab oma blogis.\" \/>\n<meta property=\"og:url\" content=\"https:\/\/liisaaddi.com\/et\/blogi\/\" \/>\n<meta property=\"og:site_name\" content=\"AddiDraws\" \/>\n<meta property=\"article:modified_time\" content=\"2024-06-03T13:51:17+00:00\" \/>\n<meta property=\"og:image\" content=\"https:\/\/liisaaddi.com\/wp-content\/uploads\/2024\/06\/dscf5664-2-scaled-e1717421676320.jpg\" \/>\n\t<meta property=\"og:image:width\" content=\"2000\" \/>\n\t<meta property=\"og:image:height\" content=\"1247\" \/>\n\t<meta property=\"og:image:type\" content=\"image\/jpeg\" \/>\n<meta name=\"twitter:card\" content=\"summary_large_image\" \/>\n<meta name=\"twitter:label1\" content=\"Est. reading time\" \/>\n\t<meta name=\"twitter:data1\" content=\"1 minut\" \/>\n<script type=\"application\/ld+json\" class=\"yoast-schema-graph\">{\"@context\":\"https:\\\/\\\/schema.org\",\"@graph\":[{\"@type\":\"WebPage\",\"@id\":\"https:\\\/\\\/liisaaddi.com\\\/et\\\/blogi\\\/\",\"url\":\"https:\\\/\\\/liisaaddi.com\\\/et\\\/blogi\\\/\",\"name\":\"AddiDraws - Liisa Addi blogi\",\"isPartOf\":{\"@id\":\"https:\\\/\\\/liisaaddi.com\\\/et\\\/en\\\/#website\"},\"primaryImageOfPage\":{\"@id\":\"https:\\\/\\\/liisaaddi.com\\\/et\\\/blogi\\\/#primaryimage\"},\"image\":{\"@id\":\"https:\\\/\\\/liisaaddi.com\\\/et\\\/blogi\\\/#primaryimage\"},\"thumbnailUrl\":\"https:\\\/\\\/liisaaddi.com\\\/wp-content\\\/uploads\\\/2024\\\/06\\\/dscf5664-2-scaled-e1717421676320.jpg\",\"datePublished\":\"2019-01-07T13:43:32+00:00\",\"dateModified\":\"2024-06-03T13:51:17+00:00\",\"description\":\"T\u00e4toveerimise kohta on palju eelarvamusi ja m\u00fc\u00fcte, mida Liisa Addi anal\u00fc\u00fcsib ja kummutab oma blogis.\",\"breadcrumb\":{\"@id\":\"https:\\\/\\\/liisaaddi.com\\\/et\\\/blogi\\\/#breadcrumb\"},\"inLanguage\":\"et\",\"potentialAction\":[{\"@type\":\"ReadAction\",\"target\":[\"https:\\\/\\\/liisaaddi.com\\\/et\\\/blogi\\\/\"]}]},{\"@type\":\"ImageObject\",\"inLanguage\":\"et\",\"@id\":\"https:\\\/\\\/liisaaddi.com\\\/et\\\/blogi\\\/#primaryimage\",\"url\":\"https:\\\/\\\/liisaaddi.com\\\/wp-content\\\/uploads\\\/2024\\\/06\\\/dscf5664-2-scaled-e1717421676320.jpg\",\"contentUrl\":\"https:\\\/\\\/liisaaddi.com\\\/wp-content\\\/uploads\\\/2024\\\/06\\\/dscf5664-2-scaled-e1717421676320.jpg\",\"width\":2000,\"height\":1247},{\"@type\":\"BreadcrumbList\",\"@id\":\"https:\\\/\\\/liisaaddi.com\\\/et\\\/blogi\\\/#breadcrumb\",\"itemListElement\":[{\"@type\":\"ListItem\",\"position\":1,\"name\":\"Home\",\"item\":\"https:\\\/\\\/liisaaddi.com\\\/et\\\/\"},{\"@type\":\"ListItem\",\"position\":2,\"name\":\"Blogi\"}]},{\"@type\":\"WebSite\",\"@id\":\"https:\\\/\\\/liisaaddi.com\\\/et\\\/en\\\/#website\",\"url\":\"https:\\\/\\\/liisaaddi.com\\\/et\\\/en\\\/\",\"name\":\"Liisa Addi\",\"description\":\"Liisa Addi blogi\",\"publisher\":{\"@id\":\"https:\\\/\\\/liisaaddi.com\\\/et\\\/en\\\/#\\\/schema\\\/person\\\/9655046d637f4b121f54a514deec74ba\"},\"potentialAction\":[{\"@type\":\"SearchAction\",\"target\":{\"@type\":\"EntryPoint\",\"urlTemplate\":\"https:\\\/\\\/liisaaddi.com\\\/et\\\/en\\\/?s={search_term_string}\"},\"query-input\":{\"@type\":\"PropertyValueSpecification\",\"valueRequired\":true,\"valueName\":\"search_term_string\"}}],\"inLanguage\":\"et\"},{\"@type\":[\"Person\",\"Organization\"],\"@id\":\"https:\\\/\\\/liisaaddi.com\\\/et\\\/en\\\/#\\\/schema\\\/person\\\/9655046d637f4b121f54a514deec74ba\",\"name\":\"addi\",\"image\":{\"@type\":\"ImageObject\",\"inLanguage\":\"et\",\"@id\":\"https:\\\/\\\/liisaaddi.com\\\/wp-content\\\/uploads\\\/2025\\\/07\\\/liisa_addi.png\",\"url\":\"https:\\\/\\\/liisaaddi.com\\\/wp-content\\\/uploads\\\/2025\\\/07\\\/liisa_addi.png\",\"contentUrl\":\"https:\\\/\\\/liisaaddi.com\\\/wp-content\\\/uploads\\\/2025\\\/07\\\/liisa_addi.png\",\"width\":1200,\"height\":630,\"caption\":\"addi\"},\"logo\":{\"@id\":\"https:\\\/\\\/liisaaddi.com\\\/wp-content\\\/uploads\\\/2025\\\/07\\\/liisa_addi.png\"}}]}<\/script>\n<!-- \/ Yoast SEO plugin. -->","yoast_head_json":{"title":"AddiDraws - Liisa Addi blogi","description":"T\u00e4toveerimise kohta on palju eelarvamusi ja m\u00fc\u00fcte, mida Liisa Addi anal\u00fc\u00fcsib ja kummutab oma blogis.","robots":{"index":"index","follow":"follow","max-snippet":"max-snippet:-1","max-image-preview":"max-image-preview:large","max-video-preview":"max-video-preview:-1"},"canonical":"https:\/\/liisaaddi.com\/et\/blogi\/","og_locale":"et_EE","og_type":"article","og_title":"AddiDraws - Liisa Addi blogi","og_description":"T\u00e4toveerimise kohta on palju eelarvamusi ja m\u00fc\u00fcte, mida Liisa Addi anal\u00fc\u00fcsib ja kummutab oma blogis.","og_url":"https:\/\/liisaaddi.com\/et\/blogi\/","og_site_name":"AddiDraws","article_modified_time":"2024-06-03T13:51:17+00:00","og_image":[{"width":2000,"height":1247,"url":"https:\/\/liisaaddi.com\/wp-content\/uploads\/2024\/06\/dscf5664-2-scaled-e1717421676320.jpg","type":"image\/jpeg"}],"twitter_card":"summary_large_image","twitter_misc":{"Est. reading time":"1 minut"},"schema":{"@context":"https:\/\/schema.org","@graph":[{"@type":"WebPage","@id":"https:\/\/liisaaddi.com\/et\/blogi\/","url":"https:\/\/liisaaddi.com\/et\/blogi\/","name":"AddiDraws - Liisa Addi blogi","isPartOf":{"@id":"https:\/\/liisaaddi.com\/et\/en\/#website"},"primaryImageOfPage":{"@id":"https:\/\/liisaaddi.com\/et\/blogi\/#primaryimage"},"image":{"@id":"https:\/\/liisaaddi.com\/et\/blogi\/#primaryimage"},"thumbnailUrl":"https:\/\/liisaaddi.com\/wp-content\/uploads\/2024\/06\/dscf5664-2-scaled-e1717421676320.jpg","datePublished":"2019-01-07T13:43:32+00:00","dateModified":"2024-06-03T13:51:17+00:00","description":"T\u00e4toveerimise kohta on palju eelarvamusi ja m\u00fc\u00fcte, mida Liisa Addi anal\u00fc\u00fcsib ja kummutab oma blogis.","breadcrumb":{"@id":"https:\/\/liisaaddi.com\/et\/blogi\/#breadcrumb"},"inLanguage":"et","potentialAction":[{"@type":"ReadAction","target":["https:\/\/liisaaddi.com\/et\/blogi\/"]}]},{"@type":"ImageObject","inLanguage":"et","@id":"https:\/\/liisaaddi.com\/et\/blogi\/#primaryimage","url":"https:\/\/liisaaddi.com\/wp-content\/uploads\/2024\/06\/dscf5664-2-scaled-e1717421676320.jpg","contentUrl":"https:\/\/liisaaddi.com\/wp-content\/uploads\/2024\/06\/dscf5664-2-scaled-e1717421676320.jpg","width":2000,"height":1247},{"@type":"BreadcrumbList","@id":"https:\/\/liisaaddi.com\/et\/blogi\/#breadcrumb","itemListElement":[{"@type":"ListItem","position":1,"name":"Home","item":"https:\/\/liisaaddi.com\/et\/"},{"@type":"ListItem","position":2,"name":"Blogi"}]},{"@type":"WebSite","@id":"https:\/\/liisaaddi.com\/et\/en\/#website","url":"https:\/\/liisaaddi.com\/et\/en\/","name":"Liisa Addi","description":"Liisa Addi blogi","publisher":{"@id":"https:\/\/liisaaddi.com\/et\/en\/#\/schema\/person\/9655046d637f4b121f54a514deec74ba"},"potentialAction":[{"@type":"SearchAction","target":{"@type":"EntryPoint","urlTemplate":"https:\/\/liisaaddi.com\/et\/en\/?s={search_term_string}"},"query-input":{"@type":"PropertyValueSpecification","valueRequired":true,"valueName":"search_term_string"}}],"inLanguage":"et"},{"@type":["Person","Organization"],"@id":"https:\/\/liisaaddi.com\/et\/en\/#\/schema\/person\/9655046d637f4b121f54a514deec74ba","name":"addi","image":{"@type":"ImageObject","inLanguage":"et","@id":"https:\/\/liisaaddi.com\/wp-content\/uploads\/2025\/07\/liisa_addi.png","url":"https:\/\/liisaaddi.com\/wp-content\/uploads\/2025\/07\/liisa_addi.png","contentUrl":"https:\/\/liisaaddi.com\/wp-content\/uploads\/2025\/07\/liisa_addi.png","width":1200,"height":630,"caption":"addi"},"logo":{"@id":"https:\/\/liisaaddi.com\/wp-content\/uploads\/2025\/07\/liisa_addi.png"}}]}},"_links":{"self":[{"href":"https:\/\/liisaaddi.com\/et\/wp-json\/wp\/v2\/pages\/1004","targetHints":{"allow":["GET"]}}],"collection":[{"href":"https:\/\/liisaaddi.com\/et\/wp-json\/wp\/v2\/pages"}],"about":[{"href":"https:\/\/liisaaddi.com\/et\/wp-json\/wp\/v2\/types\/page"}],"author":[{"embeddable":true,"href":"https:\/\/liisaaddi.com\/et\/wp-json\/wp\/v2\/users\/1"}],"replies":[{"embeddable":true,"href":"https:\/\/liisaaddi.com\/et\/wp-json\/wp\/v2\/comments?post=1004"}],"version-history":[{"count":5,"href":"https:\/\/liisaaddi.com\/et\/wp-json\/wp\/v2\/pages\/1004\/revisions"}],"predecessor-version":[{"id":5870,"href":"https:\/\/liisaaddi.com\/et\/wp-json\/wp\/v2\/pages\/1004\/revisions\/5870"}],"wp:featuredmedia":[{"embeddable":true,"href":"https:\/\/liisaaddi.com\/et\/wp-json\/wp\/v2\/media\/5865"}],"wp:attachment":[{"href":"https:\/\/liisaaddi.com\/et\/wp-json\/wp\/v2\/media?parent=1004"}],"curies":[{"name":"wp","href":"https:\/\/api.w.org\/{rel}","templated":true}]}}